{"id":498036,"date":"2025-11-27T16:41:38","date_gmt":"2025-11-27T15:41:38","guid":{"rendered":"https:\/\/transparentgift.com\/fr\/poupee-lutin-decoratif-de-noel-avec-certificat-dadoption-et-prenom-personnalise\/"},"modified":"2026-01-29T15:10:46","modified_gmt":"2026-01-29T14:10:46","slug":"poupee-lutin-decoratif-de-noel-avec-certificat-dadoption-et-prenom-personnalise","status":"publish","type":"product","link":"https:\/\/transparentgift.com\/fr\/poupee-lutin-decoratif-de-noel-avec-certificat-dadoption-et-prenom-personnalise\/","title":{"rendered":"Poup\u00e9e Lutin D\u00e9coratif de No\u00ebl avec Certificat d\u2019Adoption et Pr\u00e9nom personnalis\u00e9"},"content":{"rendered":"<p><strong>Donnez vie \u00e0 la magie de No\u00ebl avec cet adorable lutin de No\u00ebl personnalis\u00e9<\/strong>. Une poup\u00e9e attendrissante qui ravira toute la famille et remplira de f\u00e9erie chaque recoin de la maison.<\/p>\n<p>Ce lutin amusant est con\u00e7u pour devenir le compagnon id\u00e9al pendant les f\u00eates. Gr\u00e2ce \u00e0 sa personnalisation avec un pr\u00e9nom en blanc et \u00e0 son certificat officiel d\u2019adoption, il devient un cadeau unique et sp\u00e9cial, parfait pour renforcer la magie de No\u00ebl chez les plus petits.<\/p>\n<p>Parfait \u00e0 offrir aux enfants, aux couples ou aux familles, ce lutin de No\u00ebl avec certificat d\u2019adoption ajoute une touche magique et \u00e9mouvante \u00e0 la d\u00e9coration du sapin ou \u00e0 n\u2019importe quel espace de la maison. Une fa\u00e7on originale de cr\u00e9er une nouvelle tradition de No\u00ebl pleine de tendresse et de plaisir, ann\u00e9e apr\u00e8s ann\u00e9e.<\/p>\n<h4><strong>Caract\u00e9ristiques :<\/strong><\/h4>\n<ul>\n<li>Dimensions : 42 cm de hauteur.<\/li>\n<li>Comprend une bride \u00e0 l\u2019arri\u00e8re pour l\u2019accrocher au sapin de No\u00ebl.<\/li>\n<li>Personnalisation avec pr\u00e9nom en blanc.<\/li>\n<li>Option d\u2019inclure une lettre d\u2019adoption personnalis\u00e9e.<\/li>\n<li>Mat\u00e9riau doux et r\u00e9sistant, id\u00e9al pour la d\u00e9coration ou comme cadeau.<\/li>\n<\/ul>\n","protected":false},"excerpt":{"rendered":"<p>Donnez vie \u00e0 la magie de No\u00ebl avec cet adorable lutin de No\u00ebl personnalis\u00e9. Une poup\u00e9e attendri [&#8230;]<\/p>\n","protected":false},"featured_media":498166,"comment_status":"open","ping_status":"closed","template":"","meta":{"_acf_changed":false},"product_brand":[],"product_cat":[1690],"product_tag":[1695,1710],"class_list":{"0":"post-498036","1":"product","2":"type-product","3":"status-publish","4":"has-post-thumbnail","6":"product_cat-produits-originaux","7":"product_tag-noel","8":"product_tag-nouveau","10":"first","11":"instock","12":"taxable","13":"shipping-taxable","14":"purchasable","15":"product-type-simple"},"acf":[],"df_price":13.99,"df_sale_price":"","df_regular_price":13.99,"df_image_link":"https:\/\/transparentgift.com\/fr\/wp-content\/uploads\/2025\/11\/Elfo_1-300x300.jpg","_links":{"self":[{"href":"https:\/\/transparentgift.com\/fr\/wp-json\/wp\/v2\/product\/498036","targetHints":{"allow":["GET"]}}],"collection":[{"href":"https:\/\/transparentgift.com\/fr\/wp-json\/wp\/v2\/product"}],"about":[{"href":"https:\/\/transparentgift.com\/fr\/wp-json\/wp\/v2\/types\/product"}],"replies":[{"embeddable":true,"href":"https:\/\/transparentgift.com\/fr\/wp-json\/wp\/v2\/comments?post=498036"}],"wp:featuredmedia":[{"embeddable":true,"href":"https:\/\/transparentgift.com\/fr\/wp-json\/wp\/v2\/media\/498166"}],"wp:attachment":[{"href":"https:\/\/transparentgift.com\/fr\/wp-json\/wp\/v2\/media?parent=498036"}],"wp:term":[{"taxonomy":"product_brand","embeddable":true,"href":"https:\/\/transparentgift.com\/fr\/wp-json\/wp\/v2\/product_brand?post=498036"},{"taxonomy":"product_cat","embeddable":true,"href":"https:\/\/transparentgift.com\/fr\/wp-json\/wp\/v2\/product_cat?post=498036"},{"taxonomy":"product_tag","embeddable":true,"href":"https:\/\/transparentgift.com\/fr\/wp-json\/wp\/v2\/product_tag?post=498036"}],"curies":[{"name":"wp","href":"https:\/\/api.w.org\/{rel}","templated":true}]}}