{"id":498043,"date":"2025-11-27T16:41:45","date_gmt":"2025-11-27T15:41:45","guid":{"rendered":"https:\/\/transparentgift.com\/fr\/affiche-famille-en-patins-avec-noms-et-texte-personnalise\/"},"modified":"2026-01-29T15:11:07","modified_gmt":"2026-01-29T14:11:07","slug":"affiche-famille-en-patins-avec-noms-et-texte-personnalise","status":"publish","type":"product","link":"https:\/\/transparentgift.com\/fr\/affiche-famille-en-patins-avec-noms-et-texte-personnalise\/","title":{"rendered":"Affiche Famille en Patins avec Noms et Texte personnalis\u00e9"},"content":{"rendered":"<p><strong>Affiche personnalis\u00e9e de famille en train de patiner, une illustration unique pour se souvenir de vos moments d\u2019hiver les plus amusants.<\/strong><\/p>\n<p>Son illustration pleine de couleur et d\u2019ambiance urbaine transforme une sortie \u00e0 la patinoire en un souvenir sp\u00e9cial con\u00e7u sur mesure. Elle apporte chaleur et personnalit\u00e9 \u00e0 n\u2019importe quelle pi\u00e8ce de la maison avec un style moderne et joyeux.<\/p>\n<p>Pens\u00e9e pour les familles qui aiment les activit\u00e9s hivernales, les sorties en ville ou les escapades de No\u00ebl, c\u2019est un cadeau id\u00e9al pour No\u00ebl, un anniversaire, la F\u00eate des P\u00e8res, la F\u00eate des M\u00e8res ou comme souvenir d\u2019un voyage sp\u00e9cial. Adaptable aux petites comme aux grandes familles gr\u00e2ce \u00e0 la possibilit\u00e9 de choisir jusqu\u2019\u00e0 8 personnages, elle s\u2019int\u00e8gre facilement dans les salons, chambres d\u2019enfants, couloirs ou bureaux.<\/p>\n<h4><strong>Caract\u00e9ristiques :<\/strong><\/h4>\n<ul>\n<li>Jusqu\u2019\u00e0 8 personnages personnalis\u00e9s au choix.<\/li>\n<li>Disponible en 3 tailles : 21 x 27,9 cm, 30 x 40 cm et 42 x 59,5 cm.<\/li>\n<li>Options de cadre en noir, blanc ou ch\u00eane, ou possibilit\u00e9 de l\u2019acheter sans cadre.<\/li>\n<li>Choix entre 2 typographies pour le texte personnalis\u00e9.<\/li>\n<\/ul>\n","protected":false},"excerpt":{"rendered":"<p>Affiche personnalis\u00e9e de famille en train de patiner, une illustration unique pour se souvenir de v [&#8230;]<\/p>\n","protected":false},"featured_media":498076,"comment_status":"open","ping_status":"closed","template":"","meta":{"_acf_changed":false},"product_brand":[],"product_cat":[1737],"product_tag":[1687,1680,1710,1681],"class_list":{"0":"post-498043","1":"product","2":"type-product","3":"status-publish","4":"has-post-thumbnail","6":"product_cat-affiches-personnalisees","7":"product_tag-famille","8":"product_tag-femmes","9":"product_tag-nouveau","10":"product_tag-peres","12":"first","13":"instock","14":"taxable","15":"shipping-taxable","16":"purchasable","17":"product-type-simple"},"acf":[],"df_price":23.99,"df_sale_price":"","df_regular_price":23.99,"df_image_link":"https:\/\/transparentgift.com\/fr\/wp-content\/uploads\/2025\/11\/1-10-300x300.jpg","_links":{"self":[{"href":"https:\/\/transparentgift.com\/fr\/wp-json\/wp\/v2\/product\/498043","targetHints":{"allow":["GET"]}}],"collection":[{"href":"https:\/\/transparentgift.com\/fr\/wp-json\/wp\/v2\/product"}],"about":[{"href":"https:\/\/transparentgift.com\/fr\/wp-json\/wp\/v2\/types\/product"}],"replies":[{"embeddable":true,"href":"https:\/\/transparentgift.com\/fr\/wp-json\/wp\/v2\/comments?post=498043"}],"wp:featuredmedia":[{"embeddable":true,"href":"https:\/\/transparentgift.com\/fr\/wp-json\/wp\/v2\/media\/498076"}],"wp:attachment":[{"href":"https:\/\/transparentgift.com\/fr\/wp-json\/wp\/v2\/media?parent=498043"}],"wp:term":[{"taxonomy":"product_brand","embeddable":true,"href":"https:\/\/transparentgift.com\/fr\/wp-json\/wp\/v2\/product_brand?post=498043"},{"taxonomy":"product_cat","embeddable":true,"href":"https:\/\/transparentgift.com\/fr\/wp-json\/wp\/v2\/product_cat?post=498043"},{"taxonomy":"product_tag","embeddable":true,"href":"https:\/\/transparentgift.com\/fr\/wp-json\/wp\/v2\/product_tag?post=498043"}],"curies":[{"name":"wp","href":"https:\/\/api.w.org\/{rel}","templated":true}]}}