{"id":498044,"date":"2025-11-27T16:41:46","date_gmt":"2025-11-27T15:41:46","guid":{"rendered":"https:\/\/transparentgift.com\/fr\/affiche-famille-de-dos-avec-noms-et-texte-personnalise\/"},"modified":"2026-01-14T10:59:26","modified_gmt":"2026-01-14T09:59:26","slug":"affiche-famille-de-dos-avec-noms-et-texte-personnalise","status":"publish","type":"product","link":"https:\/\/transparentgift.com\/fr\/affiche-famille-de-dos-avec-noms-et-texte-personnalise\/","title":{"rendered":"Affiche Famille de Dos avec Noms et Texte personnalis\u00e9"},"content":{"rendered":"<p><strong>Affiche personnalis\u00e9e de famille de dos, une illustration \u00e9mouvante et minimaliste id\u00e9ale pour c\u00e9l\u00e9brer l\u2019union familiale.<\/strong><\/p>\n<p>Son style doux et \u00e9pur\u00e9 transforme une sc\u00e8ne du quotidien en une illustration \u00e0 forte charge sentimentale, parfaite pour d\u00e9corer la maison avec un d\u00e9tail discret, moderne et tr\u00e8s personnel. Une pi\u00e8ce qui transmet proximit\u00e9 et harmonie, et qui s\u2019adapte \u00e0 tout type d\u2019int\u00e9rieur.<\/p>\n<p>Id\u00e9ale \u00e0 offrir pour un anniversaire, No\u00ebl, la F\u00eate des M\u00e8res, la F\u00eate des P\u00e8res, un anniversaire de mariage ou comme attention pour une famille qui vient de s\u2019agrandir, ce design permet de cr\u00e9er des repr\u00e9sentations uniques avec jusqu\u2019\u00e0 7 personnages. Gr\u00e2ce \u00e0 ses options de couleur, de typographie et de format, cette affiche s\u2019int\u00e8gre parfaitement dans les salons, chambres, bureaux ou chambres d\u2019enfants.<\/p>\n<h4><strong>Caract\u00e9ristiques :<\/strong><\/h4>\n<ul>\n<li>Jusqu\u2019\u00e0 7 personnages personnalis\u00e9s au choix.<\/li>\n<li>Tailles disponibles : 27,9 x 21 cm, 40 x 30 cm et 59,5 x 42 cm.<\/li>\n<li>Options de cadre en noir, blanc ou ch\u00eane, ou possibilit\u00e9 de l\u2019acheter sans cadre.<\/li>\n<li>Choix entre 2 typographies.<\/li>\n<li>Choix entre 3 couleurs pour adapter le design \u00e0 votre go\u00fbt.<\/li>\n<\/ul>\n","protected":false},"excerpt":{"rendered":"<p>Affiche personnalis\u00e9e de famille de dos, une illustration \u00e9mouvante et minimaliste id\u00e9ale pour c? [&#8230;]<\/p>\n","protected":false},"featured_media":498054,"comment_status":"open","ping_status":"closed","template":"","meta":{"_acf_changed":false},"product_brand":[],"product_cat":[1737],"product_tag":[1687,1680,1710,1681],"class_list":{"0":"post-498044","1":"product","2":"type-product","3":"status-publish","4":"has-post-thumbnail","6":"product_cat-affiches-personnalisees","7":"product_tag-famille","8":"product_tag-femmes","9":"product_tag-nouveau","10":"product_tag-peres","12":"first","13":"instock","14":"taxable","15":"shipping-taxable","16":"purchasable","17":"product-type-simple"},"acf":[],"df_price":23.99,"df_sale_price":"","df_regular_price":23.99,"df_image_link":"https:\/\/transparentgift.com\/fr\/wp-content\/uploads\/2025\/11\/1-4-300x300.jpg","_links":{"self":[{"href":"https:\/\/transparentgift.com\/fr\/wp-json\/wp\/v2\/product\/498044","targetHints":{"allow":["GET"]}}],"collection":[{"href":"https:\/\/transparentgift.com\/fr\/wp-json\/wp\/v2\/product"}],"about":[{"href":"https:\/\/transparentgift.com\/fr\/wp-json\/wp\/v2\/types\/product"}],"replies":[{"embeddable":true,"href":"https:\/\/transparentgift.com\/fr\/wp-json\/wp\/v2\/comments?post=498044"}],"wp:featuredmedia":[{"embeddable":true,"href":"https:\/\/transparentgift.com\/fr\/wp-json\/wp\/v2\/media\/498054"}],"wp:attachment":[{"href":"https:\/\/transparentgift.com\/fr\/wp-json\/wp\/v2\/media?parent=498044"}],"wp:term":[{"taxonomy":"product_brand","embeddable":true,"href":"https:\/\/transparentgift.com\/fr\/wp-json\/wp\/v2\/product_brand?post=498044"},{"taxonomy":"product_cat","embeddable":true,"href":"https:\/\/transparentgift.com\/fr\/wp-json\/wp\/v2\/product_cat?post=498044"},{"taxonomy":"product_tag","embeddable":true,"href":"https:\/\/transparentgift.com\/fr\/wp-json\/wp\/v2\/product_tag?post=498044"}],"curies":[{"name":"wp","href":"https:\/\/api.w.org\/{rel}","templated":true}]}}