{"id":498046,"date":"2025-11-27T16:41:48","date_gmt":"2025-11-27T15:41:48","guid":{"rendered":"https:\/\/transparentgift.com\/fr\/affiche-famille-de-face-avec-prenoms-et-texte-personnalise\/"},"modified":"2026-01-29T15:10:11","modified_gmt":"2026-01-29T14:10:11","slug":"affiche-famille-de-face-avec-prenoms-et-texte-personnalise","status":"publish","type":"product","link":"https:\/\/transparentgift.com\/fr\/affiche-famille-de-face-avec-prenoms-et-texte-personnalise\/","title":{"rendered":"Affiche Famille de Face avec Pr\u00e9noms et Texte personnalis\u00e9"},"content":{"rendered":"<p><strong>Affiche personnalis\u00e9e de famille de face, une illustration moderne et pleine de personnalit\u00e9 pour c\u00e9l\u00e9brer les moments du quotidien et les occasions sp\u00e9ciales.<\/strong><\/p>\n<p>Son style illustr\u00e9 et minimaliste transforme une simple promenade en une sc\u00e8ne pleine de vie, parfaite pour apporter une touche unique et chaleureuse \u00e0 n\u2019importe quel coin de la maison. Son design \u00e9pur\u00e9 et contemporain s\u2019adapte \u00e0 tous les types de d\u00e9coration, des ambiances nordiques aux espaces plus color\u00e9s.<\/p>\n<p>Id\u00e9ale \u00e0 offrir pour un anniversaire, No\u00ebl, la F\u00eate des P\u00e8res, la F\u00eate des M\u00e8res, un anniversaire de mariage ou comme attention pour une famille qui souhaite se voir repr\u00e9sent\u00e9e de fa\u00e7on originale. Gr\u00e2ce \u00e0 la possibilit\u00e9 de personnaliser jusqu\u2019\u00e0 7 personnages, ainsi qu\u2019au choix des couleurs et de la typographie, cette affiche convient aussi bien aux grandes qu\u2019aux petites familles, aux couples ou m\u00eame aux familles avec animaux de compagnie, trouvant parfaitement sa place dans les salons, chambres d\u2019enfants, couloirs ou bureaux.<\/p>\n<h4><strong>Caract\u00e9ristiques :<\/strong><\/h4>\n<ul>\n<li>Jusqu\u2019\u00e0 7 personnages personnalis\u00e9s au choix.<\/li>\n<li>Tailles disponibles : 27,9 x 21 cm, 40 x 30 cm et 59,5 x 42 cm.<\/li>\n<li>Options de cadre en noir, blanc ou ch\u00eane, ou possibilit\u00e9 de l\u2019acheter sans cadre.<\/li>\n<li>Choix entre 2 typographies pour le texte personnalis\u00e9.<\/li>\n<li>Choix entre 3 couleurs de fond pour adapter le design \u00e0 votre go\u00fbt.<\/li>\n<\/ul>\n","protected":false},"excerpt":{"rendered":"<p>Affiche personnalis\u00e9e de famille de face, une illustration moderne et pleine de personnalit\u00e9 pour  [&#8230;]<\/p>\n","protected":false},"featured_media":498062,"comment_status":"open","ping_status":"closed","template":"","meta":{"_acf_changed":false},"product_brand":[],"product_cat":[1737],"product_tag":[1687,1680,1710,1681],"class_list":{"0":"post-498046","1":"product","2":"type-product","3":"status-publish","4":"has-post-thumbnail","6":"product_cat-affiches-personnalisees","7":"product_tag-famille","8":"product_tag-femmes","9":"product_tag-nouveau","10":"product_tag-peres","12":"first","13":"instock","14":"taxable","15":"shipping-taxable","16":"purchasable","17":"product-type-simple"},"acf":[],"df_price":23.99,"df_sale_price":"","df_regular_price":23.99,"df_image_link":"https:\/\/transparentgift.com\/fr\/wp-content\/uploads\/2025\/11\/1-6-300x300.jpg","_links":{"self":[{"href":"https:\/\/transparentgift.com\/fr\/wp-json\/wp\/v2\/product\/498046","targetHints":{"allow":["GET"]}}],"collection":[{"href":"https:\/\/transparentgift.com\/fr\/wp-json\/wp\/v2\/product"}],"about":[{"href":"https:\/\/transparentgift.com\/fr\/wp-json\/wp\/v2\/types\/product"}],"replies":[{"embeddable":true,"href":"https:\/\/transparentgift.com\/fr\/wp-json\/wp\/v2\/comments?post=498046"}],"wp:featuredmedia":[{"embeddable":true,"href":"https:\/\/transparentgift.com\/fr\/wp-json\/wp\/v2\/media\/498062"}],"wp:attachment":[{"href":"https:\/\/transparentgift.com\/fr\/wp-json\/wp\/v2\/media?parent=498046"}],"wp:term":[{"taxonomy":"product_brand","embeddable":true,"href":"https:\/\/transparentgift.com\/fr\/wp-json\/wp\/v2\/product_brand?post=498046"},{"taxonomy":"product_cat","embeddable":true,"href":"https:\/\/transparentgift.com\/fr\/wp-json\/wp\/v2\/product_cat?post=498046"},{"taxonomy":"product_tag","embeddable":true,"href":"https:\/\/transparentgift.com\/fr\/wp-json\/wp\/v2\/product_tag?post=498046"}],"curies":[{"name":"wp","href":"https:\/\/api.w.org\/{rel}","templated":true}]}}