{"id":498050,"date":"2025-11-27T16:41:52","date_gmt":"2025-11-27T15:41:52","guid":{"rendered":"https:\/\/transparentgift.com\/fr\/affiche-famille-a-la-montagne-avec-noms-et-texte-personnalise\/"},"modified":"2026-04-09T10:31:14","modified_gmt":"2026-04-09T08:31:14","slug":"affiche-famille-a-la-montagne-avec-noms-et-texte-personnalise","status":"publish","type":"product","link":"https:\/\/transparentgift.com\/fr\/affiche-famille-a-la-montagne-avec-noms-et-texte-personnalise\/","title":{"rendered":"Affiche Famille \u00e0 la Montagne avec Noms et Texte personnalis\u00e9"},"content":{"rendered":"<p><strong>Affiche personnalis\u00e9e de famille \u00e0 la montagne, id\u00e9ale pour vous souvenir de vos escapades et d\u00e9corer la maison avec une touche qui vous ressemble.<\/strong><\/p>\n<p>Cette illustration transforme une simple promenade dans la nature en une sc\u00e8ne unique, cr\u00e9\u00e9e sp\u00e9cialement pour votre foyer. Une affiche originale, pleine de couleurs, qui transmet calme, aventure et bonnes ondes \u00e0 chaque fois que vous la regardez.<\/p>\n<p>Parfaite pour les familles amatrices de randonn\u00e9e, de promenades \u00e0 la campagne ou de vacances entre for\u00eats et montagnes, c\u2019est une id\u00e9e cadeau id\u00e9ale pour un anniversaire, No\u00ebl, la F\u00eate des P\u00e8res, la F\u00eate des M\u00e8res ou comme souvenir d\u2019un voyage sp\u00e9cial. Vous pouvez recr\u00e9er votre propre famille, un jeune couple avec enfants ou une famille nombreuse, et obtenir une pi\u00e8ce d\u00e9corative qui trouvera facilement sa place dans le salon, l\u2019entr\u00e9e ou la chambre des enfants.<\/p>\n<h4><strong>Caract\u00e9ristiques :<\/strong><\/h4>\n<ul>\n<li>Papier satin\u00e9 240 g de haute qualit\u00e9, avec finition professionnelle et couleurs vibrantes.<\/li>\n<li>Disponible en trois tailles : 21 x 29,7 cm, 30 x 40 cm et 42 x 59,5 cm.<\/li>\n<li>Options de cadre en noir, blanc ou ch\u00eane, ou possibilit\u00e9 de l\u2019acheter sans cadre.<\/li>\n<li>Personnalisable avec jusqu\u2019\u00e0 7 personnages, des pr\u00e9noms et un texte personnalis\u00e9.<\/li>\n<li>Choix entre 2 typographies et 2 couleurs de ciel diff\u00e9rentes pour adapter le design \u00e0 votre go\u00fbt.<\/li>\n<\/ul>\n","protected":false},"excerpt":{"rendered":"<p>Affiche personnalis\u00e9e de famille \u00e0 la montagne, id\u00e9ale pour vous souvenir de vos escapades et d\u00e9 [&#8230;]<\/p>\n","protected":false},"featured_media":498066,"comment_status":"open","ping_status":"closed","template":"","meta":{"_acf_changed":false},"product_brand":[],"product_cat":[1737],"product_tag":[1687,1710],"class_list":{"0":"post-498050","1":"product","2":"type-product","3":"status-publish","4":"has-post-thumbnail","6":"product_cat-affiches-personnalisees","7":"product_tag-famille","8":"product_tag-nouveau","10":"first","11":"instock","12":"taxable","13":"shipping-taxable","14":"purchasable","15":"product-type-simple"},"acf":[],"df_price":23.99,"df_sale_price":"","df_regular_price":23.99,"df_image_link":"https:\/\/transparentgift.com\/fr\/wp-content\/uploads\/2025\/11\/1-7-300x300.jpg","_links":{"self":[{"href":"https:\/\/transparentgift.com\/fr\/wp-json\/wp\/v2\/product\/498050","targetHints":{"allow":["GET"]}}],"collection":[{"href":"https:\/\/transparentgift.com\/fr\/wp-json\/wp\/v2\/product"}],"about":[{"href":"https:\/\/transparentgift.com\/fr\/wp-json\/wp\/v2\/types\/product"}],"replies":[{"embeddable":true,"href":"https:\/\/transparentgift.com\/fr\/wp-json\/wp\/v2\/comments?post=498050"}],"wp:featuredmedia":[{"embeddable":true,"href":"https:\/\/transparentgift.com\/fr\/wp-json\/wp\/v2\/media\/498066"}],"wp:attachment":[{"href":"https:\/\/transparentgift.com\/fr\/wp-json\/wp\/v2\/media?parent=498050"}],"wp:term":[{"taxonomy":"product_brand","embeddable":true,"href":"https:\/\/transparentgift.com\/fr\/wp-json\/wp\/v2\/product_brand?post=498050"},{"taxonomy":"product_cat","embeddable":true,"href":"https:\/\/transparentgift.com\/fr\/wp-json\/wp\/v2\/product_cat?post=498050"},{"taxonomy":"product_tag","embeddable":true,"href":"https:\/\/transparentgift.com\/fr\/wp-json\/wp\/v2\/product_tag?post=498050"}],"curies":[{"name":"wp","href":"https:\/\/api.w.org\/{rel}","templated":true}]}}