{"id":498052,"date":"2025-11-27T16:41:54","date_gmt":"2025-11-27T15:41:54","guid":{"rendered":"https:\/\/transparentgift.com\/fr\/affiche-personnalisee-telechargez-votre-photo\/"},"modified":"2026-02-10T17:09:30","modified_gmt":"2026-02-10T16:09:30","slug":"affiche-personnalisee-telechargez-votre-photo","status":"publish","type":"product","link":"https:\/\/transparentgift.com\/fr\/affiche-personnalisee-telechargez-votre-photo\/","title":{"rendered":"Affiche avec Votre Photo personnalis\u00e9e"},"content":{"rendered":"<p><strong>Transformez vos souvenirs les plus pr\u00e9cieux en v\u00e9ritables \u0153uvres d\u2019art<\/strong>. Avec notre poster personnalis\u00e9 T\u00e9l\u00e9chargez Votre Photo, vous pourrez donner vie \u00e0 vos images pr\u00e9f\u00e9r\u00e9es dans un format \u00e9l\u00e9gant et de haute qualit\u00e9, id\u00e9al pour d\u00e9corer votre maison ou offrir \u00e0 quelqu\u2019un de sp\u00e9cial.<\/p>\n<p>Imprim\u00e9 sur du papier satin\u00e9 de 240 g, ce poster offre une finition professionnelle qui met en valeur les couleurs et les d\u00e9tails de vos photographies. Son design personnalisable vous permet de choisir parmi plusieurs tailles et couleurs de cadre, ou d\u2019opter pour la version sans cadre pour un style plus minimaliste.<\/p>\n<p>Parfait comme cadeau pour les anniversaires, la Saint-Valentin ou pour immortaliser des moments familiaux, en couple ou de voyage. Gr\u00e2ce \u00e0 la personnalisation avec photo et texte (deux typographies disponibles), il devient une pi\u00e8ce unique qui refl\u00e8te \u00e9motions et souvenirs avec \u00e9l\u00e9gance.<\/p>\n<h4><strong>Caract\u00e9ristiques :<\/strong><\/h4>\n<ul>\n<li>Papier satin\u00e9 de haute qualit\u00e9 240 g.<\/li>\n<li>Tailles disponibles : 21 \u00d7 29,7 cm, 30 \u00d7 40 cm et 42 \u00d7 59,5 cm.<\/li>\n<li>Options de cadre : noir, blanc ou ch\u00eane.<\/li>\n<li>\u00c9galement disponible sans cadre.<\/li>\n<li>Personnalisation avec photo et texte (2 typographies disponibles).<\/li>\n<\/ul>\n","protected":false},"excerpt":{"rendered":"<p>Transformez vos souvenirs les plus pr\u00e9cieux en v\u00e9ritables \u0153uvres d\u2019art. Avec notre poster perso [&#8230;]<\/p>\n","protected":false},"featured_media":498082,"comment_status":"open","ping_status":"closed","template":"","meta":{"_acf_changed":false},"product_brand":[],"product_cat":[1737],"product_tag":[1678,1687,1699,1710],"ai-category":[1746],"class_list":{"0":"post-498052","1":"product","2":"type-product","3":"status-publish","4":"has-post-thumbnail","6":"product_cat-affiches-personnalisees","7":"product_tag-couples","8":"product_tag-famille","9":"product_tag-grands-parents","10":"product_tag-nouveau","11":"ai-category-posters-personalizados","13":"first","14":"instock","15":"taxable","16":"shipping-taxable","17":"purchasable","18":"product-type-simple"},"acf":[],"df_price":23.99,"df_sale_price":"","df_regular_price":23.99,"df_image_link":"https:\/\/transparentgift.com\/fr\/wp-content\/uploads\/2025\/11\/Poster_Sube-tu-foto_1-300x300.jpg","_links":{"self":[{"href":"https:\/\/transparentgift.com\/fr\/wp-json\/wp\/v2\/product\/498052","targetHints":{"allow":["GET"]}}],"collection":[{"href":"https:\/\/transparentgift.com\/fr\/wp-json\/wp\/v2\/product"}],"about":[{"href":"https:\/\/transparentgift.com\/fr\/wp-json\/wp\/v2\/types\/product"}],"replies":[{"embeddable":true,"href":"https:\/\/transparentgift.com\/fr\/wp-json\/wp\/v2\/comments?post=498052"}],"wp:featuredmedia":[{"embeddable":true,"href":"https:\/\/transparentgift.com\/fr\/wp-json\/wp\/v2\/media\/498082"}],"wp:attachment":[{"href":"https:\/\/transparentgift.com\/fr\/wp-json\/wp\/v2\/media?parent=498052"}],"wp:term":[{"taxonomy":"product_brand","embeddable":true,"href":"https:\/\/transparentgift.com\/fr\/wp-json\/wp\/v2\/product_brand?post=498052"},{"taxonomy":"product_cat","embeddable":true,"href":"https:\/\/transparentgift.com\/fr\/wp-json\/wp\/v2\/product_cat?post=498052"},{"taxonomy":"product_tag","embeddable":true,"href":"https:\/\/transparentgift.com\/fr\/wp-json\/wp\/v2\/product_tag?post=498052"},{"taxonomy":"ai-category","embeddable":true,"href":"https:\/\/transparentgift.com\/fr\/wp-json\/wp\/v2\/ai-category?post=498052"}],"curies":[{"name":"wp","href":"https:\/\/api.w.org\/{rel}","templated":true}]}}