{"id":499169,"date":"2025-12-27T17:21:51","date_gmt":"2025-12-27T16:21:51","guid":{"rendered":"https:\/\/transparentgift.com\/fr\/producto-3\/"},"modified":"2026-04-17T12:22:59","modified_gmt":"2026-04-17T10:22:59","slug":"poster-avec-paroles-de-chanson-spotify-en-spirale-et-photo-personnalisee","status":"publish","type":"product","link":"https:\/\/transparentgift.com\/fr\/poster-avec-paroles-de-chanson-spotify-en-spirale-et-photo-personnalisee\/","title":{"rendered":"Poster avec Paroles de Chanson Spotify en Spirale et Photo personnalis\u00e9e"},"content":{"rendered":"<p><strong>Transformez votre chanson en un souvenir \u00e9ternel<\/strong>. La plaque avec paroles de chanson Spotify en spirale et photo personnalis\u00e9e est une mani\u00e8re originale et \u00e9mouvante d\u2019immortaliser le titre qui vous unit.<\/p>\n<p>Le design int\u00e8gre les paroles de votre chanson pr\u00e9f\u00e9r\u00e9e dans une \u00e9l\u00e9gante spirale entourant la photographie choisie, cr\u00e9ant une composition moderne et pleine de sens. Il inclut \u00e9galement le code Spotify permettant d\u2019identifier la chanson qui marque votre histoire.<\/p>\n<p>Ce poster est con\u00e7u pour les couples qui souhaitent se souvenir de moments sp\u00e9ciaux \u00e0 travers la musique : le d\u00e9but d\u2019une relation, un mariage, un anniversaire ou une date importante. C\u2019est un cadeau id\u00e9al pour la Saint-Valentin, les anniversaires, les f\u00eates ou comme \u00e9l\u00e9ment d\u00e9coratif \u00e0 forte valeur sentimentale. Son style \u00e9pur\u00e9 et contemporain s\u2019int\u00e8gre parfaitement dans les salons, chambres ou espaces de travail, devenant ainsi une pi\u00e8ce d\u00e9corative unique. Une option parfaite pour ceux qui recherchent des cadeaux personnalis\u00e9s alliant \u00e9motion, design et lien musical tr\u00e8s personnel.<\/p>\n<h4><strong>Caract\u00e9ristiques :<\/strong><\/h4>\n<ul>\n<li>Papier satin\u00e9 de haute qualit\u00e9 de 240 g\/m\u00b2.<\/li>\n<li>Paroles de la chanson int\u00e9gr\u00e9es en format spirale.<\/li>\n<li>Personnalisable avec photo, pr\u00e9noms et texte.<\/li>\n<li>Design inspir\u00e9 de Spotify avec code visuel de la chanson.<\/li>\n<li>Disponible en formats : 21 x 29,7 cm, 30 x 40 cm et 42 x 59,5 cm.<\/li>\n<\/ul>\n","protected":false},"excerpt":{"rendered":"<p>Transformez votre chanson en un souvenir \u00e9ternel. La plaque avec paroles de chanson Spotify en spir [&#8230;]<\/p>\n","protected":false},"featured_media":499248,"comment_status":"open","ping_status":"closed","template":"","meta":{"_acf_changed":false},"product_brand":[],"product_cat":[1737],"product_tag":[1678,1710],"class_list":{"0":"post-499169","1":"product","2":"type-product","3":"status-publish","4":"has-post-thumbnail","6":"product_cat-affiches-personnalisees","7":"product_tag-couples","8":"product_tag-nouveau","10":"first","11":"instock","12":"taxable","13":"shipping-taxable","14":"purchasable","15":"product-type-simple"},"acf":[],"df_price":23.99,"df_sale_price":"","df_regular_price":23.99,"df_image_link":"https:\/\/transparentgift.com\/fr\/wp-content\/uploads\/2025\/12\/1-3-300x300.jpg","_links":{"self":[{"href":"https:\/\/transparentgift.com\/fr\/wp-json\/wp\/v2\/product\/499169","targetHints":{"allow":["GET"]}}],"collection":[{"href":"https:\/\/transparentgift.com\/fr\/wp-json\/wp\/v2\/product"}],"about":[{"href":"https:\/\/transparentgift.com\/fr\/wp-json\/wp\/v2\/types\/product"}],"replies":[{"embeddable":true,"href":"https:\/\/transparentgift.com\/fr\/wp-json\/wp\/v2\/comments?post=499169"}],"wp:featuredmedia":[{"embeddable":true,"href":"https:\/\/transparentgift.com\/fr\/wp-json\/wp\/v2\/media\/499248"}],"wp:attachment":[{"href":"https:\/\/transparentgift.com\/fr\/wp-json\/wp\/v2\/media?parent=499169"}],"wp:term":[{"taxonomy":"product_brand","embeddable":true,"href":"https:\/\/transparentgift.com\/fr\/wp-json\/wp\/v2\/product_brand?post=499169"},{"taxonomy":"product_cat","embeddable":true,"href":"https:\/\/transparentgift.com\/fr\/wp-json\/wp\/v2\/product_cat?post=499169"},{"taxonomy":"product_tag","embeddable":true,"href":"https:\/\/transparentgift.com\/fr\/wp-json\/wp\/v2\/product_tag?post=499169"}],"curies":[{"name":"wp","href":"https:\/\/api.w.org\/{rel}","templated":true}]}}