{"id":499171,"date":"2025-12-27T17:21:53","date_gmt":"2025-12-27T16:21:53","guid":{"rendered":"https:\/\/transparentgift.com\/fr\/producto-5\/"},"modified":"2026-04-17T12:23:00","modified_gmt":"2026-04-17T10:23:00","slug":"poster-signification-de-lamour-avec-photo-et-texte-personnalises","status":"publish","type":"product","link":"https:\/\/transparentgift.com\/fr\/poster-signification-de-lamour-avec-photo-et-texte-personnalises\/","title":{"rendered":"Poster signification de l\u2019amour avec photo et texte personnalis\u00e9s"},"content":{"rendered":"<p><strong>Exprimez ce que vous ressentez avec des mots qui touchent le c\u0153ur<\/strong>. Le poster Signification de l\u2019Amour personnalis\u00e9 est une mani\u00e8re \u00e9mouvante et \u00e9l\u00e9gante de d\u00e9finir ce qui n\u2019est pas toujours facile \u00e0 expliquer.<\/p>\n<p>Ce design associe une photographie sp\u00e9ciale \u00e0 un texte de type dictionnaire d\u00e9crivant l\u2019amour sous un angle intime et authentique. Un d\u00e9tail unique qui transforme un sentiment en un \u00e9l\u00e9ment d\u00e9coratif \u00e0 forte charge \u00e9motionnelle, parfait pour se souvenir de ce que vous repr\u00e9sentez l\u2019un pour l\u2019autre.<\/p>\n<p>Con\u00e7u pour les couples qui souhaitent immortaliser leur histoire, c\u00e9l\u00e9brer leur relation ou surprendre avec un cadeau plein de sens. Id\u00e9al comme cadeau d\u2019anniversaire, de la Saint-Valentin, d\u2019anniversaire de naissance ou simplement pour d\u00e9corer votre int\u00e9rieur avec un souvenir qui parle de complicit\u00e9, de tendresse et d\u2019engagement. Son style sobre et intemporel s\u2019int\u00e8gre aussi bien dans une chambre que dans un salon, devenant un \u00e9l\u00e9ment d\u00e9coratif qui transmet \u00e9motion et proximit\u00e9. Une option parfaite pour ceux qui recherchent des cadeaux personnalis\u00e9s au message profond et authentique.<\/p>\n<h4><strong>Caract\u00e9ristiques :<\/strong><\/h4>\n<ul>\n<li>Papier satin\u00e9 de 240 g\/m\u00b2 avec finition de haute qualit\u00e9.<\/li>\n<li>Design personnalisable avec photo et texte.<\/li>\n<li>Style minimaliste en noir et blanc qui met l\u2019image en valeur.<\/li>\n<li>Disponible en trois formats : 21 x 29,7 cm, 30 x 40 cm et 42 x 59,5 cm.<\/li>\n<li>Id\u00e9al comme cadeau romantique ou \u00e9l\u00e9ment d\u00e9coratif \u00e9mouvant.<\/li>\n<\/ul>\n","protected":false},"excerpt":{"rendered":"<p>Exprimez ce que vous ressentez avec des mots qui touchent le c\u0153ur. Le poster Signification de l\u2019A [&#8230;]<\/p>\n","protected":false},"featured_media":499262,"comment_status":"open","ping_status":"closed","template":"","meta":{"_acf_changed":false},"product_brand":[],"product_cat":[1737],"product_tag":[1678,1710],"class_list":{"0":"post-499171","1":"product","2":"type-product","3":"status-publish","4":"has-post-thumbnail","6":"product_cat-affiches-personnalisees","7":"product_tag-couples","8":"product_tag-nouveau","10":"first","11":"instock","12":"taxable","13":"shipping-taxable","14":"purchasable","15":"product-type-simple"},"acf":[],"df_price":23.99,"df_sale_price":"","df_regular_price":23.99,"df_image_link":"https:\/\/transparentgift.com\/fr\/wp-content\/uploads\/2025\/12\/Foto-byn-Portada-300x300.jpg","_links":{"self":[{"href":"https:\/\/transparentgift.com\/fr\/wp-json\/wp\/v2\/product\/499171","targetHints":{"allow":["GET"]}}],"collection":[{"href":"https:\/\/transparentgift.com\/fr\/wp-json\/wp\/v2\/product"}],"about":[{"href":"https:\/\/transparentgift.com\/fr\/wp-json\/wp\/v2\/types\/product"}],"replies":[{"embeddable":true,"href":"https:\/\/transparentgift.com\/fr\/wp-json\/wp\/v2\/comments?post=499171"}],"wp:featuredmedia":[{"embeddable":true,"href":"https:\/\/transparentgift.com\/fr\/wp-json\/wp\/v2\/media\/499262"}],"wp:attachment":[{"href":"https:\/\/transparentgift.com\/fr\/wp-json\/wp\/v2\/media?parent=499171"}],"wp:term":[{"taxonomy":"product_brand","embeddable":true,"href":"https:\/\/transparentgift.com\/fr\/wp-json\/wp\/v2\/product_brand?post=499171"},{"taxonomy":"product_cat","embeddable":true,"href":"https:\/\/transparentgift.com\/fr\/wp-json\/wp\/v2\/product_cat?post=499171"},{"taxonomy":"product_tag","embeddable":true,"href":"https:\/\/transparentgift.com\/fr\/wp-json\/wp\/v2\/product_tag?post=499171"}],"curies":[{"name":"wp","href":"https:\/\/api.w.org\/{rel}","templated":true}]}}