{"id":499172,"date":"2025-12-27T17:21:54","date_gmt":"2025-12-27T16:21:54","guid":{"rendered":"https:\/\/transparentgift.com\/fr\/producto-6\/"},"modified":"2026-04-20T12:25:28","modified_gmt":"2026-04-20T10:25:28","slug":"poster-avec-illustration-aquarelle-personnalisee-de-votre-animal","status":"publish","type":"product","link":"https:\/\/transparentgift.com\/fr\/poster-avec-illustration-aquarelle-personnalisee-de-votre-animal\/","title":{"rendered":"Poster avec Illustration Aquarelle Personnalis\u00e9e de Votre Animal"},"content":{"rendered":"<p><strong>Transformez votre animal en une v\u00e9ritable \u0153uvre d\u2019art<\/strong>. Le poster avec illustration aquarelle personnalis\u00e9e de votre animal transforme la photo de votre compagnon en une affiche artistique \u00e9l\u00e9gante et pleine d\u2019\u00e9motion.<\/p>\n<p>\u00c0 partir d\u2019une photographie, une illustration de style aquarelle est cr\u00e9\u00e9e afin de capturer l\u2019essence, l\u2019expression et la personnalit\u00e9 de votre animal. Un design d\u00e9licat et r\u00e9aliste qui apporte chaleur et une touche artistique \u00e0 n\u2019importe quel espace de la maison.<\/p>\n<p>Ce poster est con\u00e7u pour les amoureux des animaux qui souhaitent rendre hommage \u00e0 leur chien ou leur chat d\u2019une mani\u00e8re unique. Id\u00e9al comme souvenir \u00e9ternel, cadeau pour les propri\u00e9taires d\u2019animaux, anniversaire, hommage ou simplement pour d\u00e9corer votre int\u00e9rieur avec un d\u00e9tail qui parle d\u2019amour et de lien affectif. Son style intemporel s\u2019int\u00e8gre parfaitement dans les salons, chambres ou bureaux, devenant un \u00e9l\u00e9ment d\u00e9coratif \u00e0 forte valeur sentimentale. Un choix parfait pour ceux qui recherchent des cadeaux personnalis\u00e9s uniques et \u00e9mouvants.<\/p>\n<h4><strong>Caract\u00e9ristiques :<\/strong><\/h4>\n<ul>\n<li>Papier satin\u00e9 de haute qualit\u00e9 de 240 g\/m\u00b2.<\/li>\n<li>Illustration artistique de style aquarelle r\u00e9alis\u00e9e \u00e0 partir d\u2019une photo.<\/li>\n<li>Adapt\u00e9 aux chiens et aux chats.<\/li>\n<li>Disponible en trois formats : 21 x 29,7 cm, 30 x 40 cm et 42 x 59,5 cm.<\/li>\n<li>Design \u00e9l\u00e9gant et d\u00e9coratif avec finition professionnelle.<\/li>\n<\/ul>\n","protected":false},"excerpt":{"rendered":"<p>Transformez votre animal en une v\u00e9ritable \u0153uvre d\u2019art. Le poster avec illustration aquarelle per [&#8230;]<\/p>\n","protected":false},"featured_media":499268,"comment_status":"open","ping_status":"closed","template":"","meta":{"_acf_changed":false},"product_brand":[],"product_cat":[1737],"product_tag":[1678,1688,1710],"class_list":{"0":"post-499172","1":"product","2":"type-product","3":"status-publish","4":"has-post-thumbnail","6":"product_cat-affiches-personnalisees","7":"product_tag-couples","8":"product_tag-meres","9":"product_tag-nouveau","11":"first","12":"instock","13":"taxable","14":"shipping-taxable","15":"purchasable","16":"product-type-simple"},"acf":[],"df_price":23.99,"df_sale_price":"","df_regular_price":23.99,"df_image_link":"https:\/\/transparentgift.com\/fr\/wp-content\/uploads\/2025\/12\/Poster_Ilus.Mascota_1-300x300.jpg","_links":{"self":[{"href":"https:\/\/transparentgift.com\/fr\/wp-json\/wp\/v2\/product\/499172","targetHints":{"allow":["GET"]}}],"collection":[{"href":"https:\/\/transparentgift.com\/fr\/wp-json\/wp\/v2\/product"}],"about":[{"href":"https:\/\/transparentgift.com\/fr\/wp-json\/wp\/v2\/types\/product"}],"replies":[{"embeddable":true,"href":"https:\/\/transparentgift.com\/fr\/wp-json\/wp\/v2\/comments?post=499172"}],"wp:featuredmedia":[{"embeddable":true,"href":"https:\/\/transparentgift.com\/fr\/wp-json\/wp\/v2\/media\/499268"}],"wp:attachment":[{"href":"https:\/\/transparentgift.com\/fr\/wp-json\/wp\/v2\/media?parent=499172"}],"wp:term":[{"taxonomy":"product_brand","embeddable":true,"href":"https:\/\/transparentgift.com\/fr\/wp-json\/wp\/v2\/product_brand?post=499172"},{"taxonomy":"product_cat","embeddable":true,"href":"https:\/\/transparentgift.com\/fr\/wp-json\/wp\/v2\/product_cat?post=499172"},{"taxonomy":"product_tag","embeddable":true,"href":"https:\/\/transparentgift.com\/fr\/wp-json\/wp\/v2\/product_tag?post=499172"}],"curies":[{"name":"wp","href":"https:\/\/api.w.org\/{rel}","templated":true}]}}