{"id":499173,"date":"2025-12-27T17:21:55","date_gmt":"2025-12-27T16:21:55","guid":{"rendered":"https:\/\/transparentgift.com\/fr\/producto-7\/"},"modified":"2026-04-20T14:29:18","modified_gmt":"2026-04-20T12:29:18","slug":"poster-avec-illustration-aquarelle-personnalisee-a-partir-dune-photo","status":"publish","type":"product","link":"https:\/\/transparentgift.com\/fr\/poster-avec-illustration-aquarelle-personnalisee-a-partir-dune-photo\/","title":{"rendered":"Poster avec Illustration Aquarelle Personnalis\u00e9e \u00e0 partir d\u2019une Photo"},"content":{"rendered":"<p><strong>Transformez vos souvenirs les plus pr\u00e9cieux en une illustration pleine d\u2019\u00e9motion<\/strong>. Le poster avec illustration aquarelle personnalis\u00e9e \u00e0 partir d\u2019une photo transforme une image importante en une \u0153uvre d\u2019art d\u00e9licate et intemporelle.<\/p>\n<p>\u00c0 partir de votre photo, une illustration de style aquarelle est cr\u00e9\u00e9e en conservant l\u2019essence, les expressions et le lien entre les personnes repr\u00e9sent\u00e9es. Le r\u00e9sultat est une affiche artistique au rendu doux et \u00e9l\u00e9gant, id\u00e9ale pour apporter chaleur et harmonie \u00e0 n\u2019importe quel int\u00e9rieur.<\/p>\n<p>Ce poster est con\u00e7u pour les couples, les familles ou toute personne souhaitant immortaliser des moments uniques tels que des anniversaires, des mariages, des naissances ou des souvenirs familiaux. C\u2019est un cadeau parfait pour les occasions sp\u00e9ciales ou simplement pour d\u00e9corer la maison avec une pi\u00e8ce charg\u00e9e d\u2019\u00e9motion. Son style artistique et minimaliste s\u2019int\u00e8gre parfaitement dans les salons, chambres ou bureaux, devenant un \u00e9l\u00e9ment d\u00e9coratif \u00e0 forte valeur sentimentale. Un choix id\u00e9al pour ceux qui recherchent des cadeaux personnalis\u00e9s qui touchent le c\u0153ur et traversent le temps.<\/p>\n<h4><strong>Caract\u00e9ristiques :<\/strong><\/h4>\n<ul>\n<li>Papier satin\u00e9 de haute qualit\u00e9 de 240 g\/m\u00b2.<\/li>\n<li>Illustration artistique de style aquarelle r\u00e9alis\u00e9e \u00e0 partir d\u2019une photo.<\/li>\n<li>Adapt\u00e9 aux illustrations de personnes, couples ou familles.<\/li>\n<li>Disponible en trois formats : 21 x 29,7 cm, 30 x 40 cm et 42 x 59,5 cm.<\/li>\n<li>Finition \u00e9l\u00e9gante et d\u00e9corative \u00e0 l\u2019aspect professionnel.<\/li>\n<\/ul>\n","protected":false},"excerpt":{"rendered":"<p>Transformez vos souvenirs les plus pr\u00e9cieux en une illustration pleine d\u2019\u00e9motion. Le poster avec [&#8230;]<\/p>\n","protected":false},"featured_media":501551,"comment_status":"open","ping_status":"closed","template":"","meta":{"_acf_changed":false},"product_brand":[],"product_cat":[1737],"product_tag":[1678,1677,1699,1688],"class_list":{"0":"post-499173","1":"product","2":"type-product","3":"status-publish","4":"has-post-thumbnail","6":"product_cat-affiches-personnalisees","7":"product_tag-couples","8":"product_tag-generique","9":"product_tag-grands-parents","10":"product_tag-meres","12":"first","13":"instock","14":"taxable","15":"shipping-taxable","16":"purchasable","17":"product-type-simple"},"acf":[],"df_price":23.99,"df_sale_price":"","df_regular_price":23.99,"df_image_link":"https:\/\/transparentgift.com\/fr\/wp-content\/uploads\/2025\/12\/portada-FAMILIA-300x300.jpg","_links":{"self":[{"href":"https:\/\/transparentgift.com\/fr\/wp-json\/wp\/v2\/product\/499173","targetHints":{"allow":["GET"]}}],"collection":[{"href":"https:\/\/transparentgift.com\/fr\/wp-json\/wp\/v2\/product"}],"about":[{"href":"https:\/\/transparentgift.com\/fr\/wp-json\/wp\/v2\/types\/product"}],"replies":[{"embeddable":true,"href":"https:\/\/transparentgift.com\/fr\/wp-json\/wp\/v2\/comments?post=499173"}],"wp:featuredmedia":[{"embeddable":true,"href":"https:\/\/transparentgift.com\/fr\/wp-json\/wp\/v2\/media\/501551"}],"wp:attachment":[{"href":"https:\/\/transparentgift.com\/fr\/wp-json\/wp\/v2\/media?parent=499173"}],"wp:term":[{"taxonomy":"product_brand","embeddable":true,"href":"https:\/\/transparentgift.com\/fr\/wp-json\/wp\/v2\/product_brand?post=499173"},{"taxonomy":"product_cat","embeddable":true,"href":"https:\/\/transparentgift.com\/fr\/wp-json\/wp\/v2\/product_cat?post=499173"},{"taxonomy":"product_tag","embeddable":true,"href":"https:\/\/transparentgift.com\/fr\/wp-json\/wp\/v2\/product_tag?post=499173"}],"curies":[{"name":"wp","href":"https:\/\/api.w.org\/{rel}","templated":true}]}}