{"id":499181,"date":"2025-12-27T17:22:02","date_gmt":"2025-12-27T16:22:02","guid":{"rendered":"https:\/\/transparentgift.com\/fr\/producto-14\/"},"modified":"2026-05-14T16:28:55","modified_gmt":"2026-05-14T14:28:55","slug":"boxer-personnalise-avec-photos-de-visages","status":"publish","type":"product","link":"https:\/\/transparentgift.com\/fr\/boxer-personnalise-avec-photos-de-visages\/","title":{"rendered":"Boxer personnalis\u00e9 avec Photos de Visages"},"content":{"rendered":"<p><strong>Un cadeau personnalis\u00e9 plein d\u2019humour et d\u2019amour<\/strong>.<br \/>\nCe boxer avec visages personnalis\u00e9s est l\u2019option parfaite pour ceux qui souhaitent surprendre avec une touche amusante et originale.<\/p>\n<p>Son design permet d\u2019imprimer le visage de votre choix sur l\u2019ensemble du v\u00eatement, cr\u00e9ant un effet surprenant et tr\u00e8s dr\u00f4le. Id\u00e9al pour les couples avec le sens de l\u2019humour, ce boxer est une fa\u00e7on cr\u00e9ative de montrer son affection et de faire sourire la personne qui le re\u00e7oit. De plus, son tissu sans coutures garantit un grand confort, une douceur optimale et un ajustement parfait.<\/p>\n<p>Parfait comme cadeau d\u2019anniversaire, de la Saint-Valentin, pour un anniversaire ou comme attention spontan\u00e9e, ce boxer devient un v\u00eatement unique qui allie fun et style. Gr\u00e2ce \u00e0 sa composition \u00e9lastique et respirante, il offre une libert\u00e9 de mouvement totale et une sensation agr\u00e9able tout au long de la journ\u00e9e. Un d\u00e9tail original pour dire \u00ab je pense \u00e0 toi \u00bb d\u2019une mani\u00e8re diff\u00e9rente et amusante.<\/p>\n<h4><strong>Caract\u00e9ristiques :<\/strong><\/h4>\n<ul>\n<li>Composition : 90 % polyamide et 10 % \u00e9lasthanne<\/li>\n<li>Design : boxer sans coutures avec impression int\u00e9grale de visages<\/li>\n<li>Tissu \u00e9lastique, l\u00e9ger et respirant<\/li>\n<li>Tailles disponibles : S, M, L, XL et XXL<\/li>\n<li>Couleurs disponibles : blanc<\/li>\n<\/ul>\n","protected":false},"excerpt":{"rendered":"<p>Un cadeau personnalis\u00e9 plein d\u2019humour et d\u2019amour. Ce boxer avec visages personnalis\u00e9s est l\u2019 [&#8230;]<\/p>\n","protected":false},"featured_media":499299,"comment_status":"open","ping_status":"closed","template":"","meta":{"_acf_changed":false},"product_brand":[],"product_cat":[1719],"product_tag":[1678,1708],"class_list":{"0":"post-499181","1":"product","2":"type-product","3":"status-publish","4":"has-post-thumbnail","6":"product_cat-calecons-personnalises","7":"product_tag-couples","8":"product_tag-hommes","10":"first","11":"instock","12":"taxable","13":"shipping-taxable","14":"purchasable","15":"product-type-simple"},"acf":[],"df_price":16.99,"df_sale_price":"","df_regular_price":16.99,"df_image_link":"https:\/\/transparentgift.com\/fr\/wp-content\/uploads\/2025\/12\/Boxer-Caras-1-300x300.jpg","_links":{"self":[{"href":"https:\/\/transparentgift.com\/fr\/wp-json\/wp\/v2\/product\/499181","targetHints":{"allow":["GET"]}}],"collection":[{"href":"https:\/\/transparentgift.com\/fr\/wp-json\/wp\/v2\/product"}],"about":[{"href":"https:\/\/transparentgift.com\/fr\/wp-json\/wp\/v2\/types\/product"}],"replies":[{"embeddable":true,"href":"https:\/\/transparentgift.com\/fr\/wp-json\/wp\/v2\/comments?post=499181"}],"wp:featuredmedia":[{"embeddable":true,"href":"https:\/\/transparentgift.com\/fr\/wp-json\/wp\/v2\/media\/499299"}],"wp:attachment":[{"href":"https:\/\/transparentgift.com\/fr\/wp-json\/wp\/v2\/media?parent=499181"}],"wp:term":[{"taxonomy":"product_brand","embeddable":true,"href":"https:\/\/transparentgift.com\/fr\/wp-json\/wp\/v2\/product_brand?post=499181"},{"taxonomy":"product_cat","embeddable":true,"href":"https:\/\/transparentgift.com\/fr\/wp-json\/wp\/v2\/product_cat?post=499181"},{"taxonomy":"product_tag","embeddable":true,"href":"https:\/\/transparentgift.com\/fr\/wp-json\/wp\/v2\/product_tag?post=499181"}],"curies":[{"name":"wp","href":"https:\/\/api.w.org\/{rel}","templated":true}]}}