{"id":499185,"date":"2025-12-27T17:22:06","date_gmt":"2025-12-27T16:22:06","guid":{"rendered":"https:\/\/transparentgift.com\/fr\/producto-18\/"},"modified":"2026-05-05T13:37:44","modified_gmt":"2026-05-05T11:37:44","slug":"verre-avec-coeur-personnalise","status":"publish","type":"product","link":"https:\/\/transparentgift.com\/fr\/verre-avec-coeur-personnalise\/","title":{"rendered":"Lot de 2 verres personnalis\u00e9s avec c\u0153ur, date et pr\u00e9noms"},"content":{"rendered":"<p><strong>Levez votre verre \u00e0 l\u2019amour avec un d\u00e9tail qui durera dans le temps<\/strong>.<br \/>\nCet \u00e9l\u00e9gant lot de 2 verres personnalis\u00e9s avec pr\u00e9noms, c\u0153ur et date est le cadeau id\u00e9al pour c\u00e9l\u00e9brer des moments uniques et charg\u00e9s d\u2019\u00e9motion.<\/p>\n<p>Fabriqu\u00e9s en cristal de Boh\u00eame haute r\u00e9sistance, ces verres se distinguent par leur brillance, leur l\u00e9g\u00e8ret\u00e9 et leur durabilit\u00e9. Leur design fin et \u00e9quilibr\u00e9 sublime chaque toast, transformant chaque gorg\u00e9e en un souvenir inoubliable.<\/p>\n<p>Parfaits pour les couples c\u00e9l\u00e9brant leur mariage, leur anniversaire ou toute occasion romantique, ces verres personnalis\u00e9s sont \u00e9galement un cadeau exceptionnel pour la Saint-Valentin ou pour offrir \u00e0 des amis qui commencent une nouvelle \u00e9tape ensemble. Gr\u00e2ce \u00e0 la gravure laser, les pr\u00e9noms et la date sont inscrits de mani\u00e8re permanente, apportant une touche \u00e9l\u00e9gante et intemporelle \u00e0 l\u2019ensemble. Pr\u00e9sent\u00e9s dans un coffret cadeau, ils sont pr\u00eats \u00e0 \u00e9mouvoir d\u00e8s le premier instant.<\/p>\n<h4><strong>Caract\u00e9ristiques :<\/strong><\/h4>\n<ul>\n<li>Lot de 2 verres avec coffret cadeau<\/li>\n<li>Capacit\u00e9 : 55 cl<\/li>\n<li>Mat\u00e9riau : cristal de Boh\u00eame haute r\u00e9sistance<\/li>\n<li>Personnalisation par gravure laser<\/li>\n<li>Compatibles lave-vaisselle<\/li>\n<\/ul>\n","protected":false},"excerpt":{"rendered":"<p>Levez votre verre \u00e0 l\u2019amour avec un d\u00e9tail qui durera dans le temps. Cet \u00e9l\u00e9gant lot de 2 verr [&#8230;]<\/p>\n","protected":false},"featured_media":499317,"comment_status":"open","ping_status":"closed","template":"","meta":{"_acf_changed":false},"product_brand":[],"product_cat":[1831],"product_tag":[1678,1699,1710],"class_list":{"0":"post-499185","1":"product","2":"type-product","3":"status-publish","4":"has-post-thumbnail","6":"product_cat-verres-personnalises","7":"product_tag-couples","8":"product_tag-grands-parents","9":"product_tag-nouveau","11":"first","12":"instock","13":"taxable","14":"shipping-taxable","15":"purchasable","16":"product-type-simple"},"acf":[],"df_price":19.99,"df_sale_price":"","df_regular_price":19.99,"df_image_link":"https:\/\/transparentgift.com\/fr\/wp-content\/uploads\/2025\/12\/corazon-1-copia-300x300.jpg","_links":{"self":[{"href":"https:\/\/transparentgift.com\/fr\/wp-json\/wp\/v2\/product\/499185","targetHints":{"allow":["GET"]}}],"collection":[{"href":"https:\/\/transparentgift.com\/fr\/wp-json\/wp\/v2\/product"}],"about":[{"href":"https:\/\/transparentgift.com\/fr\/wp-json\/wp\/v2\/types\/product"}],"replies":[{"embeddable":true,"href":"https:\/\/transparentgift.com\/fr\/wp-json\/wp\/v2\/comments?post=499185"}],"wp:featuredmedia":[{"embeddable":true,"href":"https:\/\/transparentgift.com\/fr\/wp-json\/wp\/v2\/media\/499317"}],"wp:attachment":[{"href":"https:\/\/transparentgift.com\/fr\/wp-json\/wp\/v2\/media?parent=499185"}],"wp:term":[{"taxonomy":"product_brand","embeddable":true,"href":"https:\/\/transparentgift.com\/fr\/wp-json\/wp\/v2\/product_brand?post=499185"},{"taxonomy":"product_cat","embeddable":true,"href":"https:\/\/transparentgift.com\/fr\/wp-json\/wp\/v2\/product_cat?post=499185"},{"taxonomy":"product_tag","embeddable":true,"href":"https:\/\/transparentgift.com\/fr\/wp-json\/wp\/v2\/product_tag?post=499185"}],"curies":[{"name":"wp","href":"https:\/\/api.w.org\/{rel}","templated":true}]}}