{"id":499329,"date":"2026-01-02T12:46:00","date_gmt":"2026-01-02T11:46:00","guid":{"rendered":"https:\/\/transparentgift.com\/fr\/lampe-coeur-ballons-personnalisee-avec-prenom-et-date\/"},"modified":"2026-01-29T15:11:01","modified_gmt":"2026-01-29T14:11:01","slug":"lampe-coeur-ballons-personnalisee-avec-prenom-et-date","status":"publish","type":"product","link":"https:\/\/transparentgift.com\/fr\/lampe-coeur-ballons-personnalisee-avec-prenom-et-date\/","title":{"rendered":"Lampe C\u0153ur Ballons personnalis\u00e9e avec Pr\u00e9nom et Date"},"content":{"rendered":"<p>Faites sensation avec cette <strong>lampe personnalis\u00e9e<\/strong>, avec laquelle vous pourrez montrer tout votre amour \u00e0 votre <strong>partenaire<\/strong> ou \u00e0 une autre personne sp\u00e9ciale. Elle est parfaite comme <strong>cadeau de la Saint-Valentin, d\u2019anniversaire de couple, d\u2019anniversaire de naissance<\/strong>&nbsp;ou m\u00eame de No\u00ebl. Quoi qu\u2019il en soit, vous ferez mouche \u00e0 coup s\u00fbr !<\/p>\n<p>Cette plaque lumineuse est enti\u00e8rement personnalisable. Il vous suffira <strong>d\u2019\u00e9crire vos pr\u00e9noms<\/strong> et une <strong>date sp\u00e9ciale<\/strong>, pour que le tout soit grav\u00e9 dans le joli <strong>design en forme de c\u0153ur<\/strong>, accompagn\u00e9 de ballons. Vous pourrez cr\u00e9er le souvenir le plus romantique. Le r\u00e9sultat lui plaira \u00e0 coup s\u00fbr !<\/p>\n<p>La plaque de la lampe est fabriqu\u00e9e en <strong>m\u00e9thacrylate de haute qualit\u00e9<\/strong>, ce qui lui apporte r\u00e9sistance et durabilit\u00e9. Vous aurez la possibilit\u00e9 de choisir si vous souhaitez que la plaque tienne gr\u00e2ce \u00e0 une <strong>base en bois<\/strong> ou qu\u2019elle soit encadr\u00e9e dans un <strong>cadre<\/strong>, \u00e9galement en bois. Si vous choisissez la base, vous pourrez graver un <strong>message suppl\u00e9mentaire<\/strong> moyennant un petit suppl\u00e9ment. Cette personne ch\u00e8re pourra la poser sur n\u2019importe quelle surface pour <strong>d\u00e9corer et \u00e9clairer<\/strong> l\u2019espace, gr\u00e2ce \u00e0 sa lumi\u00e8re LED qui s\u2019active avec un <strong>interrupteur marche\/arr\u00eat<\/strong>.<\/p>\n<p>Ne passez pas \u00e0 c\u00f4t\u00e9 du meilleur cadeau pour rendre heureux votre partenaire ou un \u00eatre cher. Personnalisez la lampe selon ses go\u00fbts et laissez-le\/la la placer sur une <strong>\u00e9tag\u00e8re<\/strong>, sur sa <strong>table de chevet<\/strong> ou o\u00f9 il\/elle le souhaite. Vous ferez sentir cette personne la plus chanceuse !<\/p>\n<p><strong>Caract\u00e9ristiques :<\/strong><\/p>\n<ul>\n<li>Taille :\n<ul>\n<li>Avec base : 16,5 \u00d7 14,5 x 4,5 cm<\/li>\n<li>Avec cadre : 21 x 17 cm<\/li>\n<\/ul>\n<\/li>\n<li>Mat\u00e9riau :\n<ul>\n<li>Plaque : M\u00e9thacrylate de haute qualit\u00e9.<\/li>\n<li>Base : Bois de haute qualit\u00e9.<\/li>\n<\/ul>\n<\/li>\n<li>Comprend : Lumi\u00e8re LED chaude. C\u00e2ble USB. Packaging avec bo\u00eete cadeau.<\/li>\n<li>Entretien : Se nettoie facilement \u00e0 l\u2019aide de la chifonnette incluse.<\/li>\n<\/ul>\n","protected":false},"excerpt":{"rendered":"<p>Faites sensation avec cette lampe personnalis\u00e9e, avec laquelle vous pourrez montrer tout votre amou [&#8230;]<\/p>\n","protected":false},"featured_media":499437,"comment_status":"open","ping_status":"closed","template":"","meta":{"_acf_changed":false},"product_brand":[],"product_cat":[1682],"product_tag":[1678],"class_list":{"0":"post-499329","1":"product","2":"type-product","3":"status-publish","4":"has-post-thumbnail","6":"product_cat-lampes-personnalisees","7":"product_tag-couples","9":"first","10":"instock","11":"sale","12":"taxable","13":"shipping-taxable","14":"purchasable","15":"product-type-simple"},"acf":[],"df_price":20.99,"df_sale_price":20.99,"df_regular_price":34.99,"df_image_link":"https:\/\/transparentgift.com\/fr\/wp-content\/uploads\/2026\/01\/Mesa-de-trabajo-1-copia-300x300.jpg","_links":{"self":[{"href":"https:\/\/transparentgift.com\/fr\/wp-json\/wp\/v2\/product\/499329","targetHints":{"allow":["GET"]}}],"collection":[{"href":"https:\/\/transparentgift.com\/fr\/wp-json\/wp\/v2\/product"}],"about":[{"href":"https:\/\/transparentgift.com\/fr\/wp-json\/wp\/v2\/types\/product"}],"replies":[{"embeddable":true,"href":"https:\/\/transparentgift.com\/fr\/wp-json\/wp\/v2\/comments?post=499329"}],"wp:featuredmedia":[{"embeddable":true,"href":"https:\/\/transparentgift.com\/fr\/wp-json\/wp\/v2\/media\/499437"}],"wp:attachment":[{"href":"https:\/\/transparentgift.com\/fr\/wp-json\/wp\/v2\/media?parent=499329"}],"wp:term":[{"taxonomy":"product_brand","embeddable":true,"href":"https:\/\/transparentgift.com\/fr\/wp-json\/wp\/v2\/product_brand?post=499329"},{"taxonomy":"product_cat","embeddable":true,"href":"https:\/\/transparentgift.com\/fr\/wp-json\/wp\/v2\/product_cat?post=499329"},{"taxonomy":"product_tag","embeddable":true,"href":"https:\/\/transparentgift.com\/fr\/wp-json\/wp\/v2\/product_tag?post=499329"}],"curies":[{"name":"wp","href":"https:\/\/api.w.org\/{rel}","templated":true}]}}