{"id":499330,"date":"2026-01-02T12:46:01","date_gmt":"2026-01-02T11:46:01","guid":{"rendered":"https:\/\/transparentgift.com\/fr\/mug-personnalise-avec-photo\/"},"modified":"2026-02-10T17:00:54","modified_gmt":"2026-02-10T16:00:54","slug":"mug-personnalise-avec-photo","status":"publish","type":"product","link":"https:\/\/transparentgift.com\/fr\/mug-personnalise-avec-photo\/","title":{"rendered":"Mug personnalis\u00e9 avec photo"},"content":{"rendered":"<p><strong>Mug personnalis\u00e9 avec photo : le cadeau qui capture des moments uniques<\/strong>.<\/p>\n<p>Transformez vos souvenirs en une exp\u00e9rience quotidienne avec ce <strong>mug personnalis\u00e9 avec photo<\/strong>, id\u00e9al pour \u00e9mouvoir \u00e0 chaque gorg\u00e9e. Une image sp\u00e9ciale imprim\u00e9e sur la c\u00e9ramique qui transforme un mug ordinaire en un <strong>d\u00e9tail original et plein d\u2019\u00e9motion<\/strong>.<\/p>\n<p>C\u2019est un <strong>cadeau original pour la Saint-Valentin<\/strong>, parfait aussi pour les <strong>anniversaires<\/strong>, les <strong>anniversaires de naissance<\/strong>, <strong>No\u00ebl<\/strong>, la <strong>F\u00eate des M\u00e8res<\/strong> ou la <strong>F\u00eate des P\u00e8res<\/strong>. Id\u00e9al pour les <strong>amis<\/strong>, les <strong>membres de la famille<\/strong> ou les <strong>couples<\/strong> qui appr\u00e9cient les <strong>d\u00e9tails personnalis\u00e9s<\/strong>. Faites en sorte que chaque petit-d\u00e9jeuner ou go\u00fbter soit rempli d\u2019amour, de nostalgie et de joie gr\u00e2ce \u00e0 une image qui dit tout.<\/p>\n<h4><strong>Caract\u00e9ristiques :<\/strong><\/h4>\n<ul>\n<li>Taille : 9,5 x 8 cm<\/li>\n<li>Mat\u00e9riau : C\u00e9ramique<\/li>\n<li>Capacit\u00e9 : 333 ml<\/li>\n<li>Entretien : Compatible micro-ondes et lave-vaisselle<\/li>\n<\/ul>\n","protected":false},"excerpt":{"rendered":"<p>Mug personnalis\u00e9 avec photo : le cadeau qui capture des moments uniques. Transformez vos souvenirs  [&#8230;]<\/p>\n","protected":false},"featured_media":499637,"comment_status":"open","ping_status":"closed","template":"","meta":{"_acf_changed":false},"product_brand":[],"product_cat":[1830],"product_tag":[1678,1687,1680,1677,1699],"class_list":{"0":"post-499330","1":"product","2":"type-product","3":"status-publish","4":"has-post-thumbnail","6":"product_cat-tasses-personnalisees","7":"product_tag-couples","8":"product_tag-famille","9":"product_tag-femmes","10":"product_tag-generique","11":"product_tag-grands-parents","13":"first","14":"instock","15":"taxable","16":"shipping-taxable","17":"purchasable","18":"product-type-simple"},"acf":[],"df_price":9.99,"df_sale_price":"","df_regular_price":9.99,"df_image_link":"https:\/\/transparentgift.com\/fr\/wp-content\/uploads\/2026\/01\/1-300x300.webp","_links":{"self":[{"href":"https:\/\/transparentgift.com\/fr\/wp-json\/wp\/v2\/product\/499330","targetHints":{"allow":["GET"]}}],"collection":[{"href":"https:\/\/transparentgift.com\/fr\/wp-json\/wp\/v2\/product"}],"about":[{"href":"https:\/\/transparentgift.com\/fr\/wp-json\/wp\/v2\/types\/product"}],"replies":[{"embeddable":true,"href":"https:\/\/transparentgift.com\/fr\/wp-json\/wp\/v2\/comments?post=499330"}],"wp:featuredmedia":[{"embeddable":true,"href":"https:\/\/transparentgift.com\/fr\/wp-json\/wp\/v2\/media\/499637"}],"wp:attachment":[{"href":"https:\/\/transparentgift.com\/fr\/wp-json\/wp\/v2\/media?parent=499330"}],"wp:term":[{"taxonomy":"product_brand","embeddable":true,"href":"https:\/\/transparentgift.com\/fr\/wp-json\/wp\/v2\/product_brand?post=499330"},{"taxonomy":"product_cat","embeddable":true,"href":"https:\/\/transparentgift.com\/fr\/wp-json\/wp\/v2\/product_cat?post=499330"},{"taxonomy":"product_tag","embeddable":true,"href":"https:\/\/transparentgift.com\/fr\/wp-json\/wp\/v2\/product_tag?post=499330"}],"curies":[{"name":"wp","href":"https:\/\/api.w.org\/{rel}","templated":true}]}}