{"id":499331,"date":"2026-01-02T12:46:01","date_gmt":"2026-01-02T11:46:01","guid":{"rendered":"https:\/\/transparentgift.com\/fr\/plaque-carte-du-ciel-personnalisee\/"},"modified":"2026-01-29T15:11:13","modified_gmt":"2026-01-29T14:11:13","slug":"plaque-carte-du-ciel-personnalisee","status":"publish","type":"product","link":"https:\/\/transparentgift.com\/fr\/plaque-carte-du-ciel-personnalisee\/","title":{"rendered":"Plaque Carte du Ciel personnalis\u00e9e"},"content":{"rendered":"<p>Surprenez votre moiti\u00e9 avec cette romantique <strong>plaque en m\u00e9thacrylate au design de carte du ciel<\/strong> et offrez le cadeau le plus original et \u00e9mouvant. Sur la plaque, vous pourrez graver le pr\u00e9nom de votre petit ami ou petite amie, mari ou femme avec le v\u00f4tre, accompagn\u00e9s d\u2019une date et d\u2019un lieu sp\u00e9cial pour vous. C\u2019est parfait comme cadeau de la Saint-Valentin, pour un anniversaire, un anniversaire de naissance ou m\u00eame No\u00ebl. Elle aussi id\u00e9ale comme attention pour ces amoureux le jour de leur mariage.<\/p>\n<p>Ce cadeau est enti\u00e8rement personnalisable : il vous suffit d\u2019\u00e9crire vos pr\u00e9noms, un lieu et une date sp\u00e9ciale, ainsi que trois phrases romantiques. Le tout sera grav\u00e9 sous le magnifique design de carte du ciel, dont vous pourrez choisir le mod\u00e8le parfait parmi trois options (noir, blanc et transparent). De plus, vous pourrez choisir si vous pr\u00e9f\u00e9rez que la plaque tienne sur une base en m\u00e9thacrylate ou qu\u2019elle soit encadr\u00e9e par un simple cadre noir. Quoi qu\u2019il en soit, votre moiti\u00e9 pourra d\u00e9corer sa table de chevet, son \u00e9tag\u00e8re ou son bureau de la fa\u00e7on la plus romantique.<\/p>\n<p>Ses mat\u00e9riaux de haute qualit\u00e9 conf\u00e8rent r\u00e9sistance et durabilit\u00e9 \u00e0 la plaque.<\/p>\n<p>Ne passez pas \u00e0 c\u00f4t\u00e9 du cadeau parfait pour montrer votre amour \u00e0 votre moiti\u00e9 en ce jour si sp\u00e9cial. Vous aurez l\u2019occasion de conserver votre souvenir le plus cher.<\/p>\n<p><strong>Caract\u00e9ristiques :<\/strong><\/p>\n<ul>\n<li>Taille : 29,7 x 21 cm<\/li>\n<li>Mat\u00e9riau : m\u00e9thacrylate de haute qualit\u00e9.<\/li>\n<li>Inclus : packaging avec bo\u00eete cadeau.<\/li>\n<li>Extras : base en verre, base en bois ou cadre en bois.<\/li>\n<li>Entretien : se nettoie facilement \u00e0 l\u2019aide d&rsquo;un chiffon sec et propre.<\/li>\n<\/ul>\n","protected":false},"excerpt":{"rendered":"<p>Surprenez votre moiti\u00e9 avec cette romantique plaque en m\u00e9thacrylate au design de carte du ciel et  [&#8230;]<\/p>\n","protected":false},"featured_media":499389,"comment_status":"open","ping_status":"closed","template":"","meta":{"_acf_changed":false},"product_brand":[],"product_cat":[1676],"product_tag":[1678,1680,1677],"class_list":{"0":"post-499331","1":"product","2":"type-product","3":"status-publish","4":"has-post-thumbnail","6":"product_cat-photos-personnalisees-en-plexiglas","7":"product_tag-couples","8":"product_tag-femmes","9":"product_tag-generique","11":"first","12":"instock","13":"taxable","14":"shipping-taxable","15":"purchasable","16":"product-type-simple"},"acf":[],"df_price":24.99,"df_sale_price":"","df_regular_price":24.99,"df_image_link":"https:\/\/transparentgift.com\/fr\/wp-content\/uploads\/2026\/01\/1-2-300x300.jpg","_links":{"self":[{"href":"https:\/\/transparentgift.com\/fr\/wp-json\/wp\/v2\/product\/499331","targetHints":{"allow":["GET"]}}],"collection":[{"href":"https:\/\/transparentgift.com\/fr\/wp-json\/wp\/v2\/product"}],"about":[{"href":"https:\/\/transparentgift.com\/fr\/wp-json\/wp\/v2\/types\/product"}],"replies":[{"embeddable":true,"href":"https:\/\/transparentgift.com\/fr\/wp-json\/wp\/v2\/comments?post=499331"}],"wp:featuredmedia":[{"embeddable":true,"href":"https:\/\/transparentgift.com\/fr\/wp-json\/wp\/v2\/media\/499389"}],"wp:attachment":[{"href":"https:\/\/transparentgift.com\/fr\/wp-json\/wp\/v2\/media?parent=499331"}],"wp:term":[{"taxonomy":"product_brand","embeddable":true,"href":"https:\/\/transparentgift.com\/fr\/wp-json\/wp\/v2\/product_brand?post=499331"},{"taxonomy":"product_cat","embeddable":true,"href":"https:\/\/transparentgift.com\/fr\/wp-json\/wp\/v2\/product_cat?post=499331"},{"taxonomy":"product_tag","embeddable":true,"href":"https:\/\/transparentgift.com\/fr\/wp-json\/wp\/v2\/product_tag?post=499331"}],"curies":[{"name":"wp","href":"https:\/\/api.w.org\/{rel}","templated":true}]}}