{"id":499332,"date":"2026-01-02T12:46:02","date_gmt":"2026-01-02T11:46:02","guid":{"rendered":"https:\/\/transparentgift.com\/fr\/lampe-carte-de-lamour-personnalisee-avec-localisation-et-textes\/"},"modified":"2026-01-29T15:09:25","modified_gmt":"2026-01-29T14:09:25","slug":"lampe-carte-de-lamour-personnalisee-avec-localisation-et-textes","status":"publish","type":"product","link":"https:\/\/transparentgift.com\/fr\/lampe-carte-de-lamour-personnalisee-avec-localisation-et-textes\/","title":{"rendered":"Lampe Carte de l\u2019Amour personnalis\u00e9e avec localisation et textes"},"content":{"rendered":"<p>\u00c9meuvez avec cette<strong> lampe personnalis\u00e9e<\/strong>, gr\u00e2ce \u00e0 laquelle vous pourrez montrer tout votre amour \u00e0 votre partenaire ou \u00e0 une autre personne sp\u00e9ciale. Elle est parfaite comme cadeau de la Saint-Valentin, d\u2019anniversaires ou m\u00eame de No\u00ebl. Quoi qu\u2019il en soit, vous ferez mouche \u00e0 coup s\u00fbr !<\/p>\n<p>Cette plaque lumineuse est enti\u00e8rement personnalisable. Pour ce faire, vous devrez d\u2019abord rechercher et s\u00e9lectionner la localisation que vous souhaitez graver et qui est tr\u00e8s sp\u00e9ciale pour vous. Gardez \u00e0 l\u2019esprit que la vue de la localisation sera toujours approximative et non exacte. Ensuite, vous devrez choisir la forme id\u00e9ale pour la carte (c\u0153ur, cercle ou carr\u00e9) et la couleur parmi le blanc, le noir ou le rouge. Enfin, ajoutez une date, une d\u00e9dicace ou vos pr\u00e9noms. Vous cr\u00e9erez le souvenir le plus touchant.&nbsp;Le r\u00e9sultat lui plaira \u00e0 coup s\u00fbr !<\/p>\n<p>La plaque de la lampe est fabriqu\u00e9e en m\u00e9thacrylate de haute qualit\u00e9, ce qui lui conf\u00e8re r\u00e9sistance et durabilit\u00e9. Vous aurez la possibilit\u00e9 de choisir si vous souhaitez que la plaque soit maintenue par une base en bois ou qu\u2019elle soit encadr\u00e9e dans un cadre, \u00e9galement en bois. Si vous choisissez la base, vous pourrez graver un message suppl\u00e9mentaire moyennant un petit suppl\u00e9ment. Cette personne ch\u00e8re pourra la poser sur n\u2019importe quelle surface pour d\u00e9corer et \u00e9clairer l\u2019espace, gr\u00e2ce \u00e0 sa lumi\u00e8re LED actionn\u00e9e par un interrupteur marche\/arr\u00eat.<\/p>\n<p>Ne passez pas \u00e0 c\u00f4t\u00e9 du meilleur cadeau pour rendre heureux votre partenaire ou un \u00eatre cher. Personnalisez la lampe selon ses go\u00fbts et laissez-le\/la la placer sur une \u00e9tag\u00e8re, sur sa table de chevet ou o\u00f9 il\/elle le souhaite. Vous ferez sentir \u00e0 cette personne qu\u2019elle est la plus chanceuse !<\/p>\n<p><strong>Caract\u00e9ristiques :<\/strong><\/p>\n<ul>\n<li>Taille : 19 \u00d7 14,5 x 4,5 cm<\/li>\n<li>Mat\u00e9riau :\n<ul>\n<li>Plaque : M\u00e9thacrylate de haute qualit\u00e9.<\/li>\n<li>Base : Bois de haute qualit\u00e9.<\/li>\n<\/ul>\n<\/li>\n<li>Comprend : Lumi\u00e8re LED chaude. C\u00e2ble USB. Emballage avec bo\u00eete cadeau.<\/li>\n<li>Entretien : Se nettoie facilement \u00e0 l\u2019aide de la chiffonnette incluse.<\/li>\n<\/ul>\n","protected":false},"excerpt":{"rendered":"<p>\u00c9meuvez avec cette lampe personnalis\u00e9e, gr\u00e2ce \u00e0 laquelle vous pourrez montrer tout votre amour ? [&#8230;]<\/p>\n","protected":false},"featured_media":499393,"comment_status":"open","ping_status":"closed","template":"","meta":{"_acf_changed":false},"product_brand":[],"product_cat":[1682],"product_tag":[1678,1677],"class_list":{"0":"post-499332","1":"product","2":"type-product","3":"status-publish","4":"has-post-thumbnail","6":"product_cat-lampes-personnalisees","7":"product_tag-couples","8":"product_tag-generique","10":"first","11":"instock","12":"taxable","13":"shipping-taxable","14":"purchasable","15":"product-type-simple"},"acf":[],"df_price":20.99,"df_sale_price":"","df_regular_price":20.99,"df_image_link":"https:\/\/transparentgift.com\/fr\/wp-content\/uploads\/2026\/01\/1-3-300x300.jpg","_links":{"self":[{"href":"https:\/\/transparentgift.com\/fr\/wp-json\/wp\/v2\/product\/499332","targetHints":{"allow":["GET"]}}],"collection":[{"href":"https:\/\/transparentgift.com\/fr\/wp-json\/wp\/v2\/product"}],"about":[{"href":"https:\/\/transparentgift.com\/fr\/wp-json\/wp\/v2\/types\/product"}],"replies":[{"embeddable":true,"href":"https:\/\/transparentgift.com\/fr\/wp-json\/wp\/v2\/comments?post=499332"}],"wp:featuredmedia":[{"embeddable":true,"href":"https:\/\/transparentgift.com\/fr\/wp-json\/wp\/v2\/media\/499393"}],"wp:attachment":[{"href":"https:\/\/transparentgift.com\/fr\/wp-json\/wp\/v2\/media?parent=499332"}],"wp:term":[{"taxonomy":"product_brand","embeddable":true,"href":"https:\/\/transparentgift.com\/fr\/wp-json\/wp\/v2\/product_brand?post=499332"},{"taxonomy":"product_cat","embeddable":true,"href":"https:\/\/transparentgift.com\/fr\/wp-json\/wp\/v2\/product_cat?post=499332"},{"taxonomy":"product_tag","embeddable":true,"href":"https:\/\/transparentgift.com\/fr\/wp-json\/wp\/v2\/product_tag?post=499332"}],"curies":[{"name":"wp","href":"https:\/\/api.w.org\/{rel}","templated":true}]}}