{"id":499333,"date":"2026-01-02T12:46:03","date_gmt":"2026-01-02T11:46:03","guid":{"rendered":"https:\/\/transparentgift.com\/fr\/tasse-funkos-avec-texte-personnalisee\/"},"modified":"2026-01-29T15:09:46","modified_gmt":"2026-01-29T14:09:46","slug":"tasse-funkos-avec-texte-personnalisee","status":"publish","type":"product","link":"https:\/\/transparentgift.com\/fr\/tasse-funkos-avec-texte-personnalisee\/","title":{"rendered":"Tasse Funkos avec Texte personnalis\u00e9e"},"content":{"rendered":"<p><strong>Tasse Funkos avec Texte personnalis\u00e9e<\/strong>. Un cadeau unique qui capture l\u2019essence de vos proches \u00e0 chaque gorg\u00e9e.<\/p>\n<p>Transformez vos moments du quotidien en souvenirs inoubliables avec cette <strong>tasse personnalis\u00e9e<\/strong>. Con\u00e7ue pour repr\u00e9senter chaque membre de votre famille ou vos amis en adorables figurines Funko Pop, cette tasse est plus qu\u2019un simple objet ; c\u2019est un symbole d\u2019amour et de lien.<\/p>\n<p>Id\u00e9ale pour les <strong>anniversaires<\/strong>&nbsp;<b style=\"color: rgb(0, 0, 0); font-family: Aptos, sans-serif; font-size: 12pt;\"><span style=\"font-size: 10.5pt; line-height: 16.1px; font-family: &quot;Segoe UI&quot;, sans-serif; color: rgb(13, 20, 33); background-image: initial; background-position: initial; background-size: initial; background-repeat: initial; background-attachment: initial; background-origin: initial; background-clip: initial;\">de naissance&nbsp;<\/span><\/b>ou&nbsp;<strong>de mariage<\/strong>, <strong>No\u00ebl<\/strong> ou toute occasion sp\u00e9ciale, cette tasse est parfaite pour les hommes, les femmes et m\u00eame pour surprendre des coll\u00e8gues au travail. Personnalisez chaque d\u00e9tail et ajoutez une touche personnelle avec le pr\u00e9nom ou le nom de famille.<\/p>\n<h4><strong>Caract\u00e9ristiques :<\/strong><\/h4>\n<ul>\n<li>Taille : 9,5 x 8 cm<\/li>\n<li>Mat\u00e9riau : C\u00e9ramique.<\/li>\n<li>Capacit\u00e9 : 333 ml<\/li>\n<li>Entretien : Compatible micro-ondes et lave-vaisselle.<\/li>\n<\/ul>\n","protected":false},"excerpt":{"rendered":"<p>Tasse Funkos avec Texte personnalis\u00e9e. Un cadeau unique qui capture l\u2019essence de vos proches \u00e0 c [&#8230;]<\/p>\n","protected":false},"featured_media":499433,"comment_status":"open","ping_status":"closed","template":"","meta":{"_acf_changed":false},"product_brand":[],"product_cat":[1830],"product_tag":[1678,1680,1705,1677],"class_list":{"0":"post-499333","1":"product","2":"type-product","3":"status-publish","4":"has-post-thumbnail","6":"product_cat-tasses-personnalisees","7":"product_tag-couples","8":"product_tag-femmes","9":"product_tag-funkos","10":"product_tag-generique","12":"first","13":"instock","14":"taxable","15":"shipping-taxable","16":"purchasable","17":"product-type-simple"},"acf":[],"df_price":14.99,"df_sale_price":"","df_regular_price":14.99,"df_image_link":"https:\/\/transparentgift.com\/fr\/wp-content\/uploads\/2026\/01\/1-7-300x300.jpg","_links":{"self":[{"href":"https:\/\/transparentgift.com\/fr\/wp-json\/wp\/v2\/product\/499333","targetHints":{"allow":["GET"]}}],"collection":[{"href":"https:\/\/transparentgift.com\/fr\/wp-json\/wp\/v2\/product"}],"about":[{"href":"https:\/\/transparentgift.com\/fr\/wp-json\/wp\/v2\/types\/product"}],"replies":[{"embeddable":true,"href":"https:\/\/transparentgift.com\/fr\/wp-json\/wp\/v2\/comments?post=499333"}],"wp:featuredmedia":[{"embeddable":true,"href":"https:\/\/transparentgift.com\/fr\/wp-json\/wp\/v2\/media\/499433"}],"wp:attachment":[{"href":"https:\/\/transparentgift.com\/fr\/wp-json\/wp\/v2\/media?parent=499333"}],"wp:term":[{"taxonomy":"product_brand","embeddable":true,"href":"https:\/\/transparentgift.com\/fr\/wp-json\/wp\/v2\/product_brand?post=499333"},{"taxonomy":"product_cat","embeddable":true,"href":"https:\/\/transparentgift.com\/fr\/wp-json\/wp\/v2\/product_cat?post=499333"},{"taxonomy":"product_tag","embeddable":true,"href":"https:\/\/transparentgift.com\/fr\/wp-json\/wp\/v2\/product_tag?post=499333"}],"curies":[{"name":"wp","href":"https:\/\/api.w.org\/{rel}","templated":true}]}}