{"id":499334,"date":"2026-01-02T12:46:04","date_gmt":"2026-01-02T11:46:04","guid":{"rendered":"https:\/\/transparentgift.com\/fr\/mug-mains-unies-avec-noms-personnalise\/"},"modified":"2026-01-29T15:11:00","modified_gmt":"2026-01-29T14:11:00","slug":"mug-mains-unies-avec-noms-personnalise","status":"publish","type":"product","link":"https:\/\/transparentgift.com\/fr\/mug-mains-unies-avec-noms-personnalise\/","title":{"rendered":"Mug Mains Unies avec Noms personnalis\u00e9"},"content":{"rendered":"<p>Montrez tout votre amour \u00e0 votre moiti\u00e9 avec ce <strong>mug personnalis\u00e9 avec vos pr\u00e9noms<\/strong> et offrez le cadeau le plus original pour la Saint-Valentin, votre anniversaire ou son anniversaire. Votre amour ne voudra plus prendre son petit-d\u00e9jeuner avec un autre mug ! Il sera aussi parfait comme cadeau pour les mari\u00e9s.<\/p>\n<p>Comment le personnaliser ? C\u2019est tr\u00e8s simple ! Il vous suffit d\u2019\u00e9crire votre pr\u00e9nom avec celui de votre petit ami ou petite amie, mari ou femme dans le champ correspondant, et ils seront grav\u00e9s \u00e0 c\u00f4t\u00e9 du romantique design de deux mains unies. Il\/elle sera totalement \u00e9mu(e) !<\/p>\n<p>Il est fabriqu\u00e9 en c\u00e9ramique de haute qualit\u00e9, compatible micro-ondes et lave-vaisselle. Il est dot\u00e9 d\u2019une anse pour le tenir en toute s\u00e9curit\u00e9. De plus, vous pourrez remplir le mug de chocolats Kinder pour un suppl\u00e9ment de 6 euros. Il vous suffira de choisir cette option lors de la personnalisation. C\u2019est le cadeau original parfait pour que votre moiti\u00e9 profite du petit-d\u00e9jeuner ou de la pause-caf\u00e9 avec le meilleur mug.<\/p>\n<p>C\u2019est un cadeau unique car il est pens\u00e9 exclusivement pour votre moiti\u00e9. N\u2019h\u00e9sitez pas \u00e0 offrir ce mug et \u00e0 rendre les petits-d\u00e9jeuners et go\u00fbters encore plus sp\u00e9ciaux.<\/p>\n<p><strong>Caract\u00e9ristiques :<\/strong><\/p>\n<ul>\n<li>Taille : 9,5 x 8 cm<\/li>\n<li>Mat\u00e9riau : C\u00e9ramique.<\/li>\n<li>Capacit\u00e9 : 333 ml<\/li>\n<li>Entretien : Compatible micro-ondes et lave-vaisselle.<\/li>\n<li>Extras : Sachet de Kinder.<\/li>\n<\/ul>\n","protected":false},"excerpt":{"rendered":"<p>Montrez tout votre amour \u00e0 votre moiti\u00e9 avec ce mug personnalis\u00e9 avec vos pr\u00e9noms et offrez le c [&#8230;]<\/p>\n","protected":false},"featured_media":499406,"comment_status":"open","ping_status":"closed","template":"","meta":{"_acf_changed":false},"product_brand":[],"product_cat":[1830],"product_tag":[1678],"class_list":{"0":"post-499334","1":"product","2":"type-product","3":"status-publish","4":"has-post-thumbnail","6":"product_cat-tasses-personnalisees","7":"product_tag-couples","9":"first","10":"instock","11":"taxable","12":"shipping-taxable","13":"purchasable","14":"product-type-simple"},"acf":[],"df_price":14.99,"df_sale_price":"","df_regular_price":14.99,"df_image_link":"https:\/\/transparentgift.com\/fr\/wp-content\/uploads\/2026\/01\/1-300x300.png","_links":{"self":[{"href":"https:\/\/transparentgift.com\/fr\/wp-json\/wp\/v2\/product\/499334","targetHints":{"allow":["GET"]}}],"collection":[{"href":"https:\/\/transparentgift.com\/fr\/wp-json\/wp\/v2\/product"}],"about":[{"href":"https:\/\/transparentgift.com\/fr\/wp-json\/wp\/v2\/types\/product"}],"replies":[{"embeddable":true,"href":"https:\/\/transparentgift.com\/fr\/wp-json\/wp\/v2\/comments?post=499334"}],"wp:featuredmedia":[{"embeddable":true,"href":"https:\/\/transparentgift.com\/fr\/wp-json\/wp\/v2\/media\/499406"}],"wp:attachment":[{"href":"https:\/\/transparentgift.com\/fr\/wp-json\/wp\/v2\/media?parent=499334"}],"wp:term":[{"taxonomy":"product_brand","embeddable":true,"href":"https:\/\/transparentgift.com\/fr\/wp-json\/wp\/v2\/product_brand?post=499334"},{"taxonomy":"product_cat","embeddable":true,"href":"https:\/\/transparentgift.com\/fr\/wp-json\/wp\/v2\/product_cat?post=499334"},{"taxonomy":"product_tag","embeddable":true,"href":"https:\/\/transparentgift.com\/fr\/wp-json\/wp\/v2\/product_tag?post=499334"}],"curies":[{"name":"wp","href":"https:\/\/api.w.org\/{rel}","templated":true}]}}