{"id":499335,"date":"2026-01-02T12:46:05","date_gmt":"2026-01-02T11:46:05","guid":{"rendered":"https:\/\/transparentgift.com\/fr\/mug-calendrier-personnalise\/"},"modified":"2026-01-29T15:10:58","modified_gmt":"2026-01-29T14:10:58","slug":"mug-calendrier-personnalise","status":"publish","type":"product","link":"https:\/\/transparentgift.com\/fr\/mug-calendrier-personnalise\/","title":{"rendered":"Mug Calendrier personnalis\u00e9"},"content":{"rendered":"<p>Montrez tout votre amour \u00e0 votre moiti\u00e9 avec ce <strong>mug personnalis\u00e9<\/strong> avec votre photo la plus romantique et vos pr\u00e9noms. C\u2019est le <strong>cadeau le plus original pour la Saint-Valentin, votre anniversaire<\/strong> ou pour son anniversaire. Votre amour ne voudra plus prendre son petit-d\u00e9jeuner avec un autre mug !<\/p>\n<p>Comment le personnaliser ? C\u2019est tr\u00e8s simple ! Il vous suffit de <strong>choisir cette date<\/strong> sp\u00e9ciale pour vous, <strong>votre photo<\/strong> pr\u00e9f\u00e9r\u00e9e et <strong>d\u2019\u00e9crire vos pr\u00e9noms<\/strong>. La photo sera encadr\u00e9e dans un c\u0153ur sur le <strong>design calendrier<\/strong>, et les pr\u00e9noms seront grav\u00e9s verticalement sur la face avant du mug. Votre moiti\u00e9 sera totalement \u00e9mue !<\/p>\n<p>Il est fabriqu\u00e9 en c\u00e9ramique de haute qualit\u00e9 <strong>compatible micro-ondes et lave-vaisselle<\/strong>. <strong>Il est dot\u00e9 d\u2019une anse<\/strong> pour le tenir en toute s\u00e9curit\u00e9. De plus, vous pourrez <strong>remplir le mug de chocolats Kinder<\/strong> pour un suppl\u00e9ment de 6 \u20ac. Il vous suffira de choisir cette option au moment de la personnalisation. C\u2019est le cadeau parfait pour que votre moiti\u00e9 profite du <strong>petit-d\u00e9jeuner<\/strong> ou de <strong>la pause-caf\u00e9<\/strong> avec le meilleur mug.<\/p>\n<p>C\u2019est un cadeau unique, pens\u00e9 exclusivement pour votre moiti\u00e9. N\u2019h\u00e9sitez pas \u00e0 offrir ce mug et rendez les petits-d\u00e9jeuners et go\u00fbters encore plus sp\u00e9ciaux<\/p>\n<p><strong>Caract\u00e9ristiques :<\/strong><\/p>\n<ul>\n<li>Taille : 9,5 x 8 cm<\/li>\n<li>Mat\u00e9riau : C\u00e9ramique.<\/li>\n<li>Capacit\u00e9 : 333 ml.<\/li>\n<li>Entretien : Compatible micro-ondes et lave-vaisselle.<\/li>\n<li>Extras : Sachet avec Kinder.<\/li>\n<\/ul>\n","protected":false},"excerpt":{"rendered":"<p>Montrez tout votre amour \u00e0 votre moiti\u00e9 avec ce mug personnalis\u00e9 avec votre photo la plus romanti [&#8230;]<\/p>\n","protected":false},"featured_media":499689,"comment_status":"open","ping_status":"closed","template":"","meta":{"_acf_changed":false},"product_brand":[],"product_cat":[1830],"product_tag":[1678],"class_list":{"0":"post-499335","1":"product","2":"type-product","3":"status-publish","4":"has-post-thumbnail","6":"product_cat-tasses-personnalisees","7":"product_tag-couples","9":"first","10":"instock","11":"taxable","12":"shipping-taxable","13":"purchasable","14":"product-type-simple"},"acf":[],"df_price":14.99,"df_sale_price":"","df_regular_price":14.99,"df_image_link":"https:\/\/transparentgift.com\/fr\/wp-content\/uploads\/2026\/01\/1-portada-300x300.jpg","_links":{"self":[{"href":"https:\/\/transparentgift.com\/fr\/wp-json\/wp\/v2\/product\/499335","targetHints":{"allow":["GET"]}}],"collection":[{"href":"https:\/\/transparentgift.com\/fr\/wp-json\/wp\/v2\/product"}],"about":[{"href":"https:\/\/transparentgift.com\/fr\/wp-json\/wp\/v2\/types\/product"}],"replies":[{"embeddable":true,"href":"https:\/\/transparentgift.com\/fr\/wp-json\/wp\/v2\/comments?post=499335"}],"wp:featuredmedia":[{"embeddable":true,"href":"https:\/\/transparentgift.com\/fr\/wp-json\/wp\/v2\/media\/499689"}],"wp:attachment":[{"href":"https:\/\/transparentgift.com\/fr\/wp-json\/wp\/v2\/media?parent=499335"}],"wp:term":[{"taxonomy":"product_brand","embeddable":true,"href":"https:\/\/transparentgift.com\/fr\/wp-json\/wp\/v2\/product_brand?post=499335"},{"taxonomy":"product_cat","embeddable":true,"href":"https:\/\/transparentgift.com\/fr\/wp-json\/wp\/v2\/product_cat?post=499335"},{"taxonomy":"product_tag","embeddable":true,"href":"https:\/\/transparentgift.com\/fr\/wp-json\/wp\/v2\/product_tag?post=499335"}],"curies":[{"name":"wp","href":"https:\/\/api.w.org\/{rel}","templated":true}]}}