{"id":499340,"date":"2026-01-02T12:46:10","date_gmt":"2026-01-02T11:46:10","guid":{"rendered":"https:\/\/transparentgift.com\/fr\/mug-magique-avec-photo-personnalisee\/"},"modified":"2026-02-10T16:56:42","modified_gmt":"2026-02-10T15:56:42","slug":"mug-magique-avec-photo-personnalisee","status":"publish","type":"product","link":"https:\/\/transparentgift.com\/fr\/mug-magique-avec-photo-personnalisee\/","title":{"rendered":"Mug Magique avec Photo personnalis\u00e9e"},"content":{"rendered":"<p><strong>Mug Magique avec Photo Personnalis\u00e9e<\/strong>. Un d\u00e9tail surprenant et \u00e9mouvant qui transforme les petits moments en souvenirs inoubliables.<\/p>\n<p>Ce mug magique est bien plus qu\u2019un simple r\u00e9cipient pour boissons : en ajoutant un liquide chaud, il r\u00e9v\u00e8le une image personnalis\u00e9e, cr\u00e9ant une exp\u00e9rience visuelle et \u00e9motionnelle qui ravira la personne qui le recevra. Un cadeau original qui allie fonctionnalit\u00e9 et \u00e9motion.<\/p>\n<p>Parfait \u00e0 offrir pour la Saint-Valentin, la F\u00eate des P\u00e8res, la F\u00eate des M\u00e8res, les anniversaires, No\u00ebl ou les anniversaires de mariage. Il est aussi id\u00e9al pour surprendre des couples, des membres de la famille ou des amis \u00e0 tout moment de l\u2019ann\u00e9e, \u00e0 la maison, au bureau ou comme attention lors d\u2019une occasion sp\u00e9ciale. Transformez chaque caf\u00e9, th\u00e9 ou infusion en une exp\u00e9rience unique avec ce mug personnalis\u00e9.<\/p>\n<h4><strong>Caract\u00e9ristiques :<\/strong><\/h4>\n<ul>\n<li>Taille : 9,5 \u00d7 8 cm<\/li>\n<li>Mat\u00e9riau : C\u00e9ramique<\/li>\n<li>Capacit\u00e9 : 333 ml<\/li>\n<li>Entretien : Compatible micro-ondes. Ne convient pas au lave-vaisselle.<\/li>\n<\/ul>\n","protected":false},"excerpt":{"rendered":"<p>Mug Magique avec Photo Personnalis\u00e9e. Un d\u00e9tail surprenant et \u00e9mouvant qui transforme les petits  [&#8230;]<\/p>\n","protected":false},"featured_media":499376,"comment_status":"open","ping_status":"closed","template":"","meta":{"_acf_changed":false},"product_brand":[],"product_cat":[1830],"product_tag":[1678,1687,1680,1677,1699],"class_list":{"0":"post-499340","1":"product","2":"type-product","3":"status-publish","4":"has-post-thumbnail","6":"product_cat-tasses-personnalisees","7":"product_tag-couples","8":"product_tag-famille","9":"product_tag-femmes","10":"product_tag-generique","11":"product_tag-grands-parents","13":"first","14":"instock","15":"taxable","16":"shipping-taxable","17":"purchasable","18":"product-type-simple"},"acf":[],"df_price":10.99,"df_sale_price":"","df_regular_price":10.99,"df_image_link":"https:\/\/transparentgift.com\/fr\/wp-content\/uploads\/2026\/01\/1-300x300.jpeg","_links":{"self":[{"href":"https:\/\/transparentgift.com\/fr\/wp-json\/wp\/v2\/product\/499340","targetHints":{"allow":["GET"]}}],"collection":[{"href":"https:\/\/transparentgift.com\/fr\/wp-json\/wp\/v2\/product"}],"about":[{"href":"https:\/\/transparentgift.com\/fr\/wp-json\/wp\/v2\/types\/product"}],"replies":[{"embeddable":true,"href":"https:\/\/transparentgift.com\/fr\/wp-json\/wp\/v2\/comments?post=499340"}],"wp:featuredmedia":[{"embeddable":true,"href":"https:\/\/transparentgift.com\/fr\/wp-json\/wp\/v2\/media\/499376"}],"wp:attachment":[{"href":"https:\/\/transparentgift.com\/fr\/wp-json\/wp\/v2\/media?parent=499340"}],"wp:term":[{"taxonomy":"product_brand","embeddable":true,"href":"https:\/\/transparentgift.com\/fr\/wp-json\/wp\/v2\/product_brand?post=499340"},{"taxonomy":"product_cat","embeddable":true,"href":"https:\/\/transparentgift.com\/fr\/wp-json\/wp\/v2\/product_cat?post=499340"},{"taxonomy":"product_tag","embeddable":true,"href":"https:\/\/transparentgift.com\/fr\/wp-json\/wp\/v2\/product_tag?post=499340"}],"curies":[{"name":"wp","href":"https:\/\/api.w.org\/{rel}","templated":true}]}}