{"id":499345,"date":"2026-01-02T12:46:15","date_gmt":"2026-01-02T11:46:15","guid":{"rendered":"https:\/\/transparentgift.com\/fr\/lampe-coeurs-personnalisee-avec-carte-de-lamour-et-photos\/"},"modified":"2026-01-29T15:10:48","modified_gmt":"2026-01-29T14:10:48","slug":"lampe-coeurs-personnalisee-avec-carte-de-lamour-et-photos","status":"publish","type":"product","link":"https:\/\/transparentgift.com\/fr\/lampe-coeurs-personnalisee-avec-carte-de-lamour-et-photos\/","title":{"rendered":"Lampe C\u0153urs personnalis\u00e9e avec Carte de l\u2019Amour et Photos"},"content":{"rendered":"<p><strong>Surprenez votre moiti\u00e9 pour la Saint-Valentin<\/strong> avec une lampe personnalis\u00e9e avec photo, lieu et texte qui capture l\u2019un des moments les plus \u00e9mouvants de votre relation. Ce cadeau unique et romantique est parfait pour c\u00e9l\u00e9brer votre amour tout en d\u00e9corant un coin sp\u00e9cial de votre maison.<\/p>\n<p>Comment la personnaliser ? Le design de cette lampe permet d\u2019ajouter une photo sp\u00e9ciale qui sera grav\u00e9e \u00e0 l\u2019int\u00e9rieur d\u2019un c\u0153ur et de marquer un lieu sur la carte qui a beaucoup de signification pour vous, encadr\u00e9 dans un autre c\u0153ur. Ensuite, vous pourrez ajouter vos pr\u00e9noms pour qu\u2019ils apparaissent en haut et \u00e9crire un texte romantique qui s\u2019affichera sur la base de la lampe. De plus, vous avez la possibilit\u00e9 de graver un texte suppl\u00e9mentaire sur la base en bois, moyennant un petit co\u00fbt additionnel. Enfin, vous pouvez choisir si vous souhaitez la base en bois ou le cadre lumineux.<\/p>\n<p>La plaque est fabriqu\u00e9e en m\u00e9thacrylate transparent de haute qualit\u00e9, offrant une finition moderne et sophistiqu\u00e9e, tandis que la base en bois apporte de la chaleur et un design d\u00e9coratif id\u00e9al pour tout espace. La lampe comprend une lumi\u00e8re LED chaude avec connexion USB, offrant un \u00e9clairage doux et chaleureux qui met en valeur les d\u00e9tails grav\u00e9s.<\/p>\n<p>Rendez cette Saint-Valentin inoubliable avec un d\u00e9tail unique et sp\u00e9cial que votre moiti\u00e9 ch\u00e9rira pour toujours. Elle est id\u00e9ale \u00e0 placer sur une table de chevet, un bureau ou une \u00e9tag\u00e8re, illuminant vos souvenirs les plus pr\u00e9cieux.<\/p>\n<p><strong>Caract\u00e9ristiques :<\/strong><\/p>\n<ul>\n<li>Taille :\n<ul>\n<li>Avec base : 19 \u00d7 14,5 x 4,5 cm<\/li>\n<li>Avec cadre : 21 x 17 cm<\/li>\n<\/ul>\n<\/li>\n<li>Mat\u00e9riau :\n<ul>\n<li>Plaque : M\u00e9thacrylate de haute qualit\u00e9.<\/li>\n<li>Base : Bois de haute qualit\u00e9.<\/li>\n<\/ul>\n<\/li>\n<li>Inclus : Lumi\u00e8re LED chaude. C\u00e2ble USB. Packaging avec bo\u00eete cadeau.<\/li>\n<li>Entretien : Se nettoie facilement \u00e0 l\u2019aide de la chiffonnette incluse.<\/li>\n<\/ul>\n","protected":false},"excerpt":{"rendered":"<p>Surprenez votre moiti\u00e9 pour la Saint-Valentin avec une lampe personnalis\u00e9e avec photo, lieu et tex [&#8230;]<\/p>\n","protected":false},"featured_media":499397,"comment_status":"open","ping_status":"closed","template":"","meta":{"_acf_changed":false},"product_brand":[],"product_cat":[1682],"product_tag":[1678],"class_list":{"0":"post-499345","1":"product","2":"type-product","3":"status-publish","4":"has-post-thumbnail","6":"product_cat-lampes-personnalisees","7":"product_tag-couples","9":"first","10":"instock","11":"taxable","12":"shipping-taxable","13":"purchasable","14":"product-type-simple"},"acf":[],"df_price":20.99,"df_sale_price":"","df_regular_price":20.99,"df_image_link":"https:\/\/transparentgift.com\/fr\/wp-content\/uploads\/2026\/01\/1-4-300x300.jpg","_links":{"self":[{"href":"https:\/\/transparentgift.com\/fr\/wp-json\/wp\/v2\/product\/499345","targetHints":{"allow":["GET"]}}],"collection":[{"href":"https:\/\/transparentgift.com\/fr\/wp-json\/wp\/v2\/product"}],"about":[{"href":"https:\/\/transparentgift.com\/fr\/wp-json\/wp\/v2\/types\/product"}],"replies":[{"embeddable":true,"href":"https:\/\/transparentgift.com\/fr\/wp-json\/wp\/v2\/comments?post=499345"}],"wp:featuredmedia":[{"embeddable":true,"href":"https:\/\/transparentgift.com\/fr\/wp-json\/wp\/v2\/media\/499397"}],"wp:attachment":[{"href":"https:\/\/transparentgift.com\/fr\/wp-json\/wp\/v2\/media?parent=499345"}],"wp:term":[{"taxonomy":"product_brand","embeddable":true,"href":"https:\/\/transparentgift.com\/fr\/wp-json\/wp\/v2\/product_brand?post=499345"},{"taxonomy":"product_cat","embeddable":true,"href":"https:\/\/transparentgift.com\/fr\/wp-json\/wp\/v2\/product_cat?post=499345"},{"taxonomy":"product_tag","embeddable":true,"href":"https:\/\/transparentgift.com\/fr\/wp-json\/wp\/v2\/product_tag?post=499345"}],"curies":[{"name":"wp","href":"https:\/\/api.w.org\/{rel}","templated":true}]}}