{"id":499352,"date":"2026-01-02T12:46:23","date_gmt":"2026-01-02T11:46:23","guid":{"rendered":"https:\/\/transparentgift.com\/fr\/bracelet-femme-anneaux-croises-avec-noms-personnalises\/"},"modified":"2026-05-05T10:15:04","modified_gmt":"2026-05-05T08:15:04","slug":"bracelet-femme-anneaux-croises-avec-noms-personnalises","status":"publish","type":"product","link":"https:\/\/transparentgift.com\/fr\/bracelet-femme-anneaux-croises-avec-noms-personnalises\/","title":{"rendered":"Bracelet Femme Anneaux Crois\u00e9s avec Noms personnalis\u00e9s"},"content":{"rendered":"<p><strong>Un symbole \u00e9ternel d\u2019union et d\u2019amour<\/strong>. Le bracelet personnalis\u00e9 Anneaux Crois\u00e9s est un bijou \u00e9l\u00e9gant qui repr\u00e9sente la connexion entre deux personnes, un d\u00e9tail unique qui allie sens et sophistication.<\/p>\n<p>Fabriqu\u00e9 en acier avec plaquage or 18 k, son design se compose de deux anneaux entrelac\u00e9s, grav\u00e9s avec les pr\u00e9noms de votre choix. Une pi\u00e8ce d\u00e9licate qui refl\u00e8te l\u2019union, l\u2019amiti\u00e9 ou l\u2019amour \u00e9ternel de mani\u00e8re subtile et \u00e9l\u00e9gante. Sa finition brillante et sa cha\u00eene fine apportent une touche moderne et raffin\u00e9e qui sublime tous les styles.<\/p>\n<p>Parfait comme cadeau personnalis\u00e9 pour femme, partenaire ou amie pour un anniversaire, la Saint-Valentin ou toute occasion sp\u00e9ciale. Gr\u00e2ce \u00e0 son syst\u00e8me r\u00e9glable, il s\u2019adapte confortablement \u00e0 tous les poignets, devenant un accessoire polyvalent au quotidien ou pour des moments plus habill\u00e9s. Un bijou qui transmet \u00e9motion et style dans chaque d\u00e9tail.<\/p>\n<h4><strong>Caract\u00e9ristiques :<\/strong><\/h4>\n<ul>\n<li>Mati\u00e8re : acier avec plaquage or 18 k<\/li>\n<li>Design : deux anneaux crois\u00e9s avec gravure personnalis\u00e9e des pr\u00e9noms<\/li>\n<li>Taille : ajustable gr\u00e2ce \u00e0 une cha\u00eene d\u2019extension<\/li>\n<li>Finition : polie brillante et r\u00e9sistante \u00e0 l\u2019usure<\/li>\n<li>Extras : inclut une \u00e9l\u00e9gante bo\u00eete de pr\u00e9sentation, id\u00e9ale pour offrir<\/li>\n<\/ul>\n","protected":false},"excerpt":{"rendered":"<p>Un symbole \u00e9ternel d\u2019union et d\u2019amour. Le bracelet personnalis\u00e9 Anneaux Crois\u00e9s est un bijou  [&#8230;]<\/p>\n","protected":false},"featured_media":499474,"comment_status":"open","ping_status":"closed","template":"","meta":{"_acf_changed":false},"product_brand":[],"product_cat":[1833],"product_tag":[1841,1678,1680,1699,1710],"class_list":{"0":"post-499352","1":"product","2":"type-product","3":"status-publish","4":"has-post-thumbnail","6":"product_cat-bijoux-personnalises","7":"product_tag-1841","8":"product_tag-couples","9":"product_tag-femmes","10":"product_tag-grands-parents","11":"product_tag-nouveau","13":"first","14":"instock","15":"taxable","16":"shipping-taxable","17":"purchasable","18":"product-type-simple"},"acf":[],"df_price":19.99,"df_sale_price":"","df_regular_price":19.99,"df_image_link":"https:\/\/transparentgift.com\/fr\/wp-content\/uploads\/2026\/01\/1-1-2-300x300.jpg","_links":{"self":[{"href":"https:\/\/transparentgift.com\/fr\/wp-json\/wp\/v2\/product\/499352","targetHints":{"allow":["GET"]}}],"collection":[{"href":"https:\/\/transparentgift.com\/fr\/wp-json\/wp\/v2\/product"}],"about":[{"href":"https:\/\/transparentgift.com\/fr\/wp-json\/wp\/v2\/types\/product"}],"replies":[{"embeddable":true,"href":"https:\/\/transparentgift.com\/fr\/wp-json\/wp\/v2\/comments?post=499352"}],"wp:featuredmedia":[{"embeddable":true,"href":"https:\/\/transparentgift.com\/fr\/wp-json\/wp\/v2\/media\/499474"}],"wp:attachment":[{"href":"https:\/\/transparentgift.com\/fr\/wp-json\/wp\/v2\/media?parent=499352"}],"wp:term":[{"taxonomy":"product_brand","embeddable":true,"href":"https:\/\/transparentgift.com\/fr\/wp-json\/wp\/v2\/product_brand?post=499352"},{"taxonomy":"product_cat","embeddable":true,"href":"https:\/\/transparentgift.com\/fr\/wp-json\/wp\/v2\/product_cat?post=499352"},{"taxonomy":"product_tag","embeddable":true,"href":"https:\/\/transparentgift.com\/fr\/wp-json\/wp\/v2\/product_tag?post=499352"}],"curies":[{"name":"wp","href":"https:\/\/api.w.org\/{rel}","templated":true}]}}