{"id":499361,"date":"2026-01-02T12:46:32","date_gmt":"2026-01-02T11:46:32","guid":{"rendered":"https:\/\/transparentgift.com\/fr\/collier-rond-avec-brillants-lateraux-et-texte-personnalise\/"},"modified":"2026-05-12T16:29:43","modified_gmt":"2026-05-12T14:29:43","slug":"collier-rond-avec-brillants-lateraux-et-texte-personnalise","status":"publish","type":"product","link":"https:\/\/transparentgift.com\/fr\/collier-rond-avec-brillants-lateraux-et-texte-personnalise\/","title":{"rendered":"Collier rond avec brillants lat\u00e9raux et texte personnalis\u00e9"},"content":{"rendered":"<p><strong>Brillez avec une touche d\u2019\u00e9l\u00e9gance personnalis\u00e9e<\/strong>. Le Pendentif Rond avec Brillants Lat\u00e9raux et Texte Personnalis\u00e9 est un bijou moderne et sophistiqu\u00e9 qui associe la simplicit\u00e9 du design circulaire \u00e0 l\u2019\u00e9clat de ses d\u00e9tails en cristal.<\/p>\n<p>Fabriqu\u00e9 en acier inoxydable ou avec un plaquage or 18 k, ce pendentif se distingue par sa surface polie et son bord lat\u00e9ral d\u00e9cor\u00e9 de petites zircones qui apportent une brillance subtile et raffin\u00e9e. Au centre, vous pouvez graver un pr\u00e9nom, une initiale ou un mot significatif, cr\u00e9ant une pi\u00e8ce unique et pleine de valeur sentimentale.<\/p>\n<p>Parfait comme cadeau personnalis\u00e9 pour les femmes avec style, ce pendentif est id\u00e9al pour les anniversaires, les f\u00eates, la F\u00eate des M\u00e8res ou toute occasion sp\u00e9ciale. Son design \u00e9l\u00e9gant s\u2019accorde facilement avec n\u2019importe quel look, du plus d\u00e9contract\u00e9 au plus sophistiqu\u00e9. De plus, la cha\u00eene r\u00e9glable permet de l\u2019adapter \u00e0 diff\u00e9rentes longueurs pour un ajustement confortable et flatteur.<\/p>\n<h4><strong>Caract\u00e9ristiques :<\/strong><\/h4>\n<ul>\n<li>Composition : acier inoxydable ou acier avec plaquage or 18 k<\/li>\n<li>D\u00e9coration lat\u00e9rale avec zircones brillantes<\/li>\n<li>Gravure personnalis\u00e9e avec pr\u00e9nom, initiale ou mot<\/li>\n<li>Cha\u00eene r\u00e9glable pour un ajustement parfait<\/li>\n<li>Finition polie, r\u00e9sistante et tr\u00e8s durable<\/li>\n<\/ul>\n","protected":false},"excerpt":{"rendered":"<p>Brillez avec une touche d\u2019\u00e9l\u00e9gance personnalis\u00e9e. Le Pendentif Rond avec Brillants Lat\u00e9raux et [&#8230;]<\/p>\n","protected":false},"featured_media":499544,"comment_status":"open","ping_status":"closed","template":"","meta":{"_acf_changed":false},"product_brand":[],"product_cat":[1833],"product_tag":[1841,1678,1680,1699,1710,1703],"class_list":{"0":"post-499361","1":"product","2":"type-product","3":"status-publish","4":"has-post-thumbnail","6":"product_cat-bijoux-personnalises","7":"product_tag-1841","8":"product_tag-couples","9":"product_tag-femmes","10":"product_tag-grands-parents","11":"product_tag-nouveau","12":"product_tag-professeurs","14":"first","15":"instock","16":"taxable","17":"shipping-taxable","18":"purchasable","19":"product-type-simple"},"acf":[],"df_price":24.99,"df_sale_price":"","df_regular_price":24.99,"df_image_link":"https:\/\/transparentgift.com\/fr\/wp-content\/uploads\/2026\/01\/1-1-7-300x300.jpg","_links":{"self":[{"href":"https:\/\/transparentgift.com\/fr\/wp-json\/wp\/v2\/product\/499361","targetHints":{"allow":["GET"]}}],"collection":[{"href":"https:\/\/transparentgift.com\/fr\/wp-json\/wp\/v2\/product"}],"about":[{"href":"https:\/\/transparentgift.com\/fr\/wp-json\/wp\/v2\/types\/product"}],"replies":[{"embeddable":true,"href":"https:\/\/transparentgift.com\/fr\/wp-json\/wp\/v2\/comments?post=499361"}],"wp:featuredmedia":[{"embeddable":true,"href":"https:\/\/transparentgift.com\/fr\/wp-json\/wp\/v2\/media\/499544"}],"wp:attachment":[{"href":"https:\/\/transparentgift.com\/fr\/wp-json\/wp\/v2\/media?parent=499361"}],"wp:term":[{"taxonomy":"product_brand","embeddable":true,"href":"https:\/\/transparentgift.com\/fr\/wp-json\/wp\/v2\/product_brand?post=499361"},{"taxonomy":"product_cat","embeddable":true,"href":"https:\/\/transparentgift.com\/fr\/wp-json\/wp\/v2\/product_cat?post=499361"},{"taxonomy":"product_tag","embeddable":true,"href":"https:\/\/transparentgift.com\/fr\/wp-json\/wp\/v2\/product_tag?post=499361"}],"curies":[{"name":"wp","href":"https:\/\/api.w.org\/{rel}","templated":true}]}}