{"id":499364,"date":"2026-01-02T12:46:35","date_gmt":"2026-01-02T11:46:35","guid":{"rendered":"https:\/\/transparentgift.com\/fr\/collier-coeur-avec-strass-et-texte-personnalise\/"},"modified":"2026-05-12T16:29:16","modified_gmt":"2026-05-12T14:29:16","slug":"collier-coeur-avec-strass-et-texte-personnalise","status":"publish","type":"product","link":"https:\/\/transparentgift.com\/fr\/collier-coeur-avec-strass-et-texte-personnalise\/","title":{"rendered":"Collier C\u0153ur avec Strass et Texte personnalis\u00e9"},"content":{"rendered":"<p><strong>Un design plein de lumi\u00e8re et de sentiment<\/strong>. Le Pendentif C\u0153ur avec Strass et Texte Personnalis\u00e9 est un bijou \u00e9l\u00e9gant et significatif qui associe la beaut\u00e9 de l\u2019\u00e9clat \u00e0 la valeur \u00e9motionnelle de la personnalisation.<\/p>\n<p>Fabriqu\u00e9 en acier inoxydable ou en acier avec placage or 18 k, ce pendentif en forme de c\u0153ur est orn\u00e9 de petites pierres qui refl\u00e8tent la lumi\u00e8re et apportent une touche de distinction. Au centre, vous pouvez graver un pr\u00e9nom, une initiale ou un mot sp\u00e9cial, transformant cette pi\u00e8ce en un symbole unique d\u2019amour, d\u2019amiti\u00e9 ou de lien personnel. Sa cha\u00eene fine et r\u00e9glable offre un ajustement parfait pour toutes les occasions.<\/p>\n<p>Id\u00e9al comme cadeau personnalis\u00e9 pour les femmes qui appr\u00e9cient les attentions charg\u00e9es de sens, ce pendentif est parfait pour les anniversaires, les f\u00eates, la F\u00eate des M\u00e8res ou la Saint-Valentin. Son style intemporel et sophistiqu\u00e9 en fait un accessoire polyvalent, parfait \u00e0 porter au quotidien ou lors de moments sp\u00e9ciaux.<\/p>\n<h4><strong>Caract\u00e9ristiques :<\/strong><\/h4>\n<ul>\n<li>Composition : acier inoxydable ou acier avec placage or 18 k<\/li>\n<li>Design en forme de c\u0153ur avec strass sertis<\/li>\n<li>Personnalisable avec un pr\u00e9nom, une initiale ou un mot<\/li>\n<li>Cha\u00eene r\u00e9glable pour un ajustement confortable<\/li>\n<li>Finition polie, durable et r\u00e9sistante \u00e0 l\u2019usage quotidien<\/li>\n<\/ul>\n","protected":false},"excerpt":{"rendered":"<p>Un design plein de lumi\u00e8re et de sentiment. Le Pendentif C\u0153ur avec Strass et Texte Personnalis\u00e9 e [&#8230;]<\/p>\n","protected":false},"featured_media":499567,"comment_status":"open","ping_status":"closed","template":"","meta":{"_acf_changed":false},"product_brand":[],"product_cat":[1833],"product_tag":[1841,1678,1680,1699,1710,1703],"class_list":{"0":"post-499364","1":"product","2":"type-product","3":"status-publish","4":"has-post-thumbnail","6":"product_cat-bijoux-personnalises","7":"product_tag-1841","8":"product_tag-couples","9":"product_tag-femmes","10":"product_tag-grands-parents","11":"product_tag-nouveau","12":"product_tag-professeurs","14":"first","15":"instock","16":"taxable","17":"shipping-taxable","18":"purchasable","19":"product-type-simple"},"acf":[],"df_price":24.99,"df_sale_price":"","df_regular_price":24.99,"df_image_link":"https:\/\/transparentgift.com\/fr\/wp-content\/uploads\/2026\/01\/ChatGPT-Image-6-ene-2026-12_58_33-300x300.jpg","_links":{"self":[{"href":"https:\/\/transparentgift.com\/fr\/wp-json\/wp\/v2\/product\/499364","targetHints":{"allow":["GET"]}}],"collection":[{"href":"https:\/\/transparentgift.com\/fr\/wp-json\/wp\/v2\/product"}],"about":[{"href":"https:\/\/transparentgift.com\/fr\/wp-json\/wp\/v2\/types\/product"}],"replies":[{"embeddable":true,"href":"https:\/\/transparentgift.com\/fr\/wp-json\/wp\/v2\/comments?post=499364"}],"wp:featuredmedia":[{"embeddable":true,"href":"https:\/\/transparentgift.com\/fr\/wp-json\/wp\/v2\/media\/499567"}],"wp:attachment":[{"href":"https:\/\/transparentgift.com\/fr\/wp-json\/wp\/v2\/media?parent=499364"}],"wp:term":[{"taxonomy":"product_brand","embeddable":true,"href":"https:\/\/transparentgift.com\/fr\/wp-json\/wp\/v2\/product_brand?post=499364"},{"taxonomy":"product_cat","embeddable":true,"href":"https:\/\/transparentgift.com\/fr\/wp-json\/wp\/v2\/product_cat?post=499364"},{"taxonomy":"product_tag","embeddable":true,"href":"https:\/\/transparentgift.com\/fr\/wp-json\/wp\/v2\/product_tag?post=499364"}],"curies":[{"name":"wp","href":"https:\/\/api.w.org\/{rel}","templated":true}]}}