{"id":499365,"date":"2026-01-02T12:46:35","date_gmt":"2026-01-02T11:46:35","guid":{"rendered":"https:\/\/transparentgift.com\/fr\/collier-rond-avec-ecailles-et-texte-personnalise\/"},"modified":"2026-05-12T16:29:23","modified_gmt":"2026-05-12T14:29:23","slug":"collier-rond-avec-ecailles-et-texte-personnalise","status":"publish","type":"product","link":"https:\/\/transparentgift.com\/fr\/collier-rond-avec-ecailles-et-texte-personnalise\/","title":{"rendered":"Collier rond avec \u00e9cailles et texte personnalis\u00e9"},"content":{"rendered":"<p><strong>Un classique revisit\u00e9 avec une touche artisanale<\/strong>. Le Pendentif Rond avec \u00c9cailles et Texte Personnalis\u00e9 est un bijou \u00e9l\u00e9gant et polyvalent qui se distingue par sa d\u00e9licate finition martel\u00e9e sur les bords, \u00e9voquant un design naturel et sophistiqu\u00e9.<\/p>\n<p>R\u00e9alis\u00e9 en acier inoxydable ou avec un placage en or 18 k, ce pendentif allie r\u00e9sistance, \u00e9clat et style intemporel. Sa plaque ronde permet de le personnaliser avec un pr\u00e9nom, une initiale ou un mot sp\u00e9cial, en faisant une pi\u00e8ce unique \u00e0 forte valeur sentimentale. La texture en \u00e9cailles sur le bord ajoute un d\u00e9tail distinctif et artisanal, id\u00e9al pour celles et ceux qui appr\u00e9cient une \u00e9l\u00e9gance simple avec du caract\u00e8re.<\/p>\n<p>Parfait comme cadeau personnalis\u00e9 pour toute occasion \u2014anniversaires, f\u00eates, F\u00eate des M\u00e8res ou Saint-Valentin\u2014, ce pendentif s\u2019adapte facilement \u00e0 tous les styles. Sa cha\u00eene r\u00e9glable offre du confort et la possibilit\u00e9 de le porter avec diff\u00e9rents looks, des plus d\u00e9contract\u00e9s aux plus \u00e9l\u00e9gants.<\/p>\n<h4><strong>Caract\u00e9ristiques :<\/strong><\/h4>\n<ul>\n<li>Composition : acier inoxydable ou acier avec placage en or 18 k<\/li>\n<li>Design circulaire avec bord textur\u00e9 effet \u00e9cailles<\/li>\n<li>Gravure personnalisable avec pr\u00e9nom, initiale ou mot<\/li>\n<li>Cha\u00eene r\u00e9glable pour un ajustement confortable<\/li>\n<li>Finition polie, durable et r\u00e9sistante \u00e0 l\u2019usage quotidien<\/li>\n<\/ul>\n","protected":false},"excerpt":{"rendered":"<p>Un classique revisit\u00e9 avec une touche artisanale. Le Pendentif Rond avec \u00c9cailles et Texte Personn [&#8230;]<\/p>\n","protected":false},"featured_media":499574,"comment_status":"open","ping_status":"closed","template":"","meta":{"_acf_changed":false},"product_brand":[],"product_cat":[1833],"product_tag":[1841,1678,1680,1699,1710,1703],"class_list":{"0":"post-499365","1":"product","2":"type-product","3":"status-publish","4":"has-post-thumbnail","6":"product_cat-bijoux-personnalises","7":"product_tag-1841","8":"product_tag-couples","9":"product_tag-femmes","10":"product_tag-grands-parents","11":"product_tag-nouveau","12":"product_tag-professeurs","14":"first","15":"instock","16":"taxable","17":"shipping-taxable","18":"purchasable","19":"product-type-simple"},"acf":[],"df_price":23.99,"df_sale_price":"","df_regular_price":23.99,"df_image_link":"https:\/\/transparentgift.com\/fr\/wp-content\/uploads\/2026\/01\/Colgante_Mod16_Oro_1-300x300.jpg","_links":{"self":[{"href":"https:\/\/transparentgift.com\/fr\/wp-json\/wp\/v2\/product\/499365","targetHints":{"allow":["GET"]}}],"collection":[{"href":"https:\/\/transparentgift.com\/fr\/wp-json\/wp\/v2\/product"}],"about":[{"href":"https:\/\/transparentgift.com\/fr\/wp-json\/wp\/v2\/types\/product"}],"replies":[{"embeddable":true,"href":"https:\/\/transparentgift.com\/fr\/wp-json\/wp\/v2\/comments?post=499365"}],"wp:featuredmedia":[{"embeddable":true,"href":"https:\/\/transparentgift.com\/fr\/wp-json\/wp\/v2\/media\/499574"}],"wp:attachment":[{"href":"https:\/\/transparentgift.com\/fr\/wp-json\/wp\/v2\/media?parent=499365"}],"wp:term":[{"taxonomy":"product_brand","embeddable":true,"href":"https:\/\/transparentgift.com\/fr\/wp-json\/wp\/v2\/product_brand?post=499365"},{"taxonomy":"product_cat","embeddable":true,"href":"https:\/\/transparentgift.com\/fr\/wp-json\/wp\/v2\/product_cat?post=499365"},{"taxonomy":"product_tag","embeddable":true,"href":"https:\/\/transparentgift.com\/fr\/wp-json\/wp\/v2\/product_tag?post=499365"}],"curies":[{"name":"wp","href":"https:\/\/api.w.org\/{rel}","templated":true}]}}