{"id":499861,"date":"2026-01-26T19:50:26","date_gmt":"2026-01-26T18:50:26","guid":{"rendered":"https:\/\/transparentgift.com\/fr\/?post_type=product&#038;p=499861"},"modified":"2026-03-23T12:04:43","modified_gmt":"2026-03-23T11:04:43","slug":"cartes-a-gratter-avec-messages-surprise-personnalisees","status":"publish","type":"product","link":"https:\/\/transparentgift.com\/fr\/cartes-a-gratter-avec-messages-surprise-personnalisees\/","title":{"rendered":"Cartes \u00e0 gratter avec Messages Surprise personnalis\u00e9es"},"content":{"rendered":"<p>Montrez tout votre amour \u00e0 votre partenaire avec cette enveloppe contenant quatre cartes \u00e0 gratter, \u00e0 l\u2019int\u00e9rieur desquelles se cachent les surprises les plus \u00e9mouvantes. Vous pouvez ajouter un message personnalis\u00e9 sur l\u2019enveloppe et choisir les quatre surprises \u00e0 d\u00e9couvrir. Offrez le cadeau le plus original pour la Saint-Valentin, votre anniversaire de couple ou son anniversaire. Votre petit ami ou votre petite amie sera totalement \u00e9mu(e) ! C\u2019est \u00e9galement id\u00e9al pour les futurs mari\u00e9s le jour de leur mariage.<\/p>\n<p>L\u2019enveloppe et les cartes sont enti\u00e8rement personnalisables, car vous pouvez choisir la phrase ou les pr\u00e9noms \u00e0 inscrire sur l\u2019enveloppe ainsi que la surprise de chaque carte \u00e0 gratter. Vous aurez la possibilit\u00e9 d\u2019ajouter une d\u00e9dicace, un prix ou un cadeau pour votre partenaire. Ainsi, vous provoquerez une v\u00e9ritable surprise au moment de gratter et de d\u00e9couvrir la plus romantique des surprises. C\u2019est l\u2019id\u00e9e la plus originale pour rappeler \u00e0 votre moiti\u00e9 combien vous l\u2019aimez.<\/p>\n<p>L\u2019enveloppe et les cartes sont fabriqu\u00e9es avec des mat\u00e9riaux de haute qualit\u00e9 offrant une grande r\u00e9sistance au papier. Choisissez votre design pr\u00e9f\u00e9r\u00e9, avec des phrases ou avec photo et phrases, et surprenez.<\/p>\n<p>C\u2019est un <strong>cadeau unique<\/strong>, con\u00e7u exclusivement pour votre partenaire. Ne passez pas \u00e0 c\u00f4t\u00e9 de la surprise parfaite pour rendre votre amour heureux lors de cette journ\u00e9e si sp\u00e9ciale.<\/p>\n<p><strong>Caract\u00e9ristiques :<\/strong><\/p>\n<ul>\n<li>Dimensions :\n<ul>\n<li>4 Cartes : 15 \u00d7 10 cm<\/li>\n<li>1 Enveloppe : 16 \u00d7 11 cm<\/li>\n<\/ul>\n<\/li>\n<li>Mat\u00e9riau : Carton.<\/li>\n<\/ul>\n","protected":false},"excerpt":{"rendered":"<p>Montrez tout votre amour \u00e0 votre partenaire avec cette enveloppe contenant quatre cartes \u00e0 gratter [&#8230;]<\/p>\n","protected":false},"featured_media":499862,"comment_status":"open","ping_status":"closed","template":"","meta":{"_acf_changed":false},"product_brand":[],"product_cat":[1838],"product_tag":[1678],"ai-category":[1846],"class_list":{"0":"post-499861","1":"product","2":"type-product","3":"status-publish","4":"has-post-thumbnail","6":"product_cat-cartes-a-gratter-personnalisees","7":"product_tag-couples","8":"ai-category-tarjetas-rasca-personalizadas","10":"first","11":"instock","12":"taxable","13":"shipping-taxable","14":"purchasable","15":"product-type-simple"},"acf":[],"df_price":7.99,"df_sale_price":"","df_regular_price":7.99,"df_image_link":"https:\/\/transparentgift.com\/fr\/wp-content\/uploads\/2026\/01\/Rasca_1-PORTADA-3-300x300.jpg","_links":{"self":[{"href":"https:\/\/transparentgift.com\/fr\/wp-json\/wp\/v2\/product\/499861","targetHints":{"allow":["GET"]}}],"collection":[{"href":"https:\/\/transparentgift.com\/fr\/wp-json\/wp\/v2\/product"}],"about":[{"href":"https:\/\/transparentgift.com\/fr\/wp-json\/wp\/v2\/types\/product"}],"replies":[{"embeddable":true,"href":"https:\/\/transparentgift.com\/fr\/wp-json\/wp\/v2\/comments?post=499861"}],"wp:featuredmedia":[{"embeddable":true,"href":"https:\/\/transparentgift.com\/fr\/wp-json\/wp\/v2\/media\/499862"}],"wp:attachment":[{"href":"https:\/\/transparentgift.com\/fr\/wp-json\/wp\/v2\/media?parent=499861"}],"wp:term":[{"taxonomy":"product_brand","embeddable":true,"href":"https:\/\/transparentgift.com\/fr\/wp-json\/wp\/v2\/product_brand?post=499861"},{"taxonomy":"product_cat","embeddable":true,"href":"https:\/\/transparentgift.com\/fr\/wp-json\/wp\/v2\/product_cat?post=499861"},{"taxonomy":"product_tag","embeddable":true,"href":"https:\/\/transparentgift.com\/fr\/wp-json\/wp\/v2\/product_tag?post=499861"},{"taxonomy":"ai-category","embeddable":true,"href":"https:\/\/transparentgift.com\/fr\/wp-json\/wp\/v2\/ai-category?post=499861"}],"curies":[{"name":"wp","href":"https:\/\/api.w.org\/{rel}","templated":true}]}}