{"id":500055,"date":"2026-02-02T18:01:00","date_gmt":"2026-02-02T17:01:00","guid":{"rendered":"https:\/\/transparentgift.com\/fr\/lampe-famille-personnalisee\/"},"modified":"2026-03-02T09:34:58","modified_gmt":"2026-03-02T08:34:58","slug":"lampe-famille-avec-photos-et-textes-personnalises","status":"publish","type":"product","link":"https:\/\/transparentgift.com\/fr\/lampe-famille-avec-photos-et-textes-personnalises\/","title":{"rendered":"Lampe Famille avec photos et textes personnalis\u00e9s"},"content":{"rendered":"<p><strong>Une lampe qui transforme la famille en lumi\u00e8re et en \u00e9motion<\/strong>. La lampe Famille personnalis\u00e9e avec photos et textes est un \u00e9l\u00e9ment d\u00e9coratif con\u00e7u pour c\u00e9l\u00e9brer l\u2019union familiale et remplir chaque espace de chaleur et de souvenirs partag\u00e9s.<\/p>\n<p>Son design met en avant le mot \u00ab Famille \u00bb comme \u00e9l\u00e9ment central, rempli de photographies sp\u00e9ciales capturant des moments uniques, accompagn\u00e9es d\u2019un texte personnalis\u00e9 qui renforce le message d\u2019amour et de gratitude. L\u2019association du bois naturel et du m\u00e9thacrylate de haute qualit\u00e9 offre une finition \u00e9l\u00e9gante, sublim\u00e9e par une agr\u00e9able lumi\u00e8re LED chaude.<\/p>\n<p>Cette lampe personnalis\u00e9e familiale est id\u00e9ale comme cadeau plein d\u2019\u00e9motion pour les grands-m\u00e8res, les parents ou les familles en g\u00e9n\u00e9ral, \u00e0 l\u2019occasion de No\u00ebl, d\u2019un anniversaire, d\u2019un anniversaire de mariage ou de c\u00e9l\u00e9brations familiales importantes. Parfaite \u00e0 placer dans le salon, sur une \u00e9tag\u00e8re ou une table de chevet, elle diffuse une lumi\u00e8re douce qui transforme l\u2019ambiance et la rend plus chaleureuse. De plus, son packaging premium en fait un cadeau pr\u00eat \u00e0 offrir, pens\u00e9 pour \u00e9mouvoir d\u00e8s le premier regard et accompagner la famille jour apr\u00e8s jour comme un souvenir lumineux et durable.<\/p>\n<h4><strong>Caract\u00e9ristiques :<\/strong><\/h4>\n<ul>\n<li>Base en bois : 17 cm x 14,5 cm x 4,4 cm.<\/li>\n<li>Cadre en m\u00e9thacrylate : 17 cm x 21 cm x 2 cm.<\/li>\n<li>Mat\u00e9riaux : bois naturel et m\u00e9thacrylate de haute qualit\u00e9.<\/li>\n<li>\u00c9clairage LED \u00e0 lumi\u00e8re chaude.<\/li>\n<li>Comprend une lingette de nettoyage et un packaging premium.<\/li>\n<\/ul>\n","protected":false},"excerpt":{"rendered":"<p>Une lampe qui transforme la famille en lumi\u00e8re et en \u00e9motion. La lampe Famille personnalis\u00e9e avec [&#8230;]<\/p>\n","protected":false},"featured_media":500259,"comment_status":"open","ping_status":"closed","template":"","meta":{"_acf_changed":false},"product_brand":[],"product_cat":[1682],"product_tag":[1687,1677,1699],"class_list":{"0":"post-500055","1":"product","2":"type-product","3":"status-publish","4":"has-post-thumbnail","6":"product_cat-lampes-personnalisees","7":"product_tag-famille","8":"product_tag-generique","9":"product_tag-grands-parents","11":"first","12":"instock","13":"taxable","14":"shipping-taxable","15":"purchasable","16":"product-type-simple"},"acf":[],"df_price":20.99,"df_sale_price":"","df_regular_price":20.99,"df_image_link":"https:\/\/transparentgift.com\/fr\/wp-content\/uploads\/2026\/02\/Lampara_Familie_1-300x300.jpg","_links":{"self":[{"href":"https:\/\/transparentgift.com\/fr\/wp-json\/wp\/v2\/product\/500055","targetHints":{"allow":["GET"]}}],"collection":[{"href":"https:\/\/transparentgift.com\/fr\/wp-json\/wp\/v2\/product"}],"about":[{"href":"https:\/\/transparentgift.com\/fr\/wp-json\/wp\/v2\/types\/product"}],"replies":[{"embeddable":true,"href":"https:\/\/transparentgift.com\/fr\/wp-json\/wp\/v2\/comments?post=500055"}],"wp:featuredmedia":[{"embeddable":true,"href":"https:\/\/transparentgift.com\/fr\/wp-json\/wp\/v2\/media\/500259"}],"wp:attachment":[{"href":"https:\/\/transparentgift.com\/fr\/wp-json\/wp\/v2\/media?parent=500055"}],"wp:term":[{"taxonomy":"product_brand","embeddable":true,"href":"https:\/\/transparentgift.com\/fr\/wp-json\/wp\/v2\/product_brand?post=500055"},{"taxonomy":"product_cat","embeddable":true,"href":"https:\/\/transparentgift.com\/fr\/wp-json\/wp\/v2\/product_cat?post=500055"},{"taxonomy":"product_tag","embeddable":true,"href":"https:\/\/transparentgift.com\/fr\/wp-json\/wp\/v2\/product_tag?post=500055"}],"curies":[{"name":"wp","href":"https:\/\/api.w.org\/{rel}","templated":true}]}}