{"id":500056,"date":"2026-02-02T18:01:01","date_gmt":"2026-02-02T17:01:01","guid":{"rendered":"https:\/\/transparentgift.com\/fr\/affiche-personnalisee-scrabble\/"},"modified":"2026-03-02T09:34:45","modified_gmt":"2026-03-02T08:34:45","slug":"affiche-design-scrabble-avec-texte-et-prenoms-personnalises","status":"publish","type":"product","link":"https:\/\/transparentgift.com\/fr\/affiche-design-scrabble-avec-texte-et-prenoms-personnalises\/","title":{"rendered":"Affiche design Scrabble avec texte et pr\u00e9noms personnalis\u00e9s"},"content":{"rendered":"<p><strong>Une affiche personnalis\u00e9e qui transforme les pr\u00e9noms en un souvenir familial unique<\/strong>. Cette affiche au design type Scrabble avec texte personnalis\u00e9 est une pi\u00e8ce d\u00e9corative pens\u00e9e pour rendre hommage \u00e0 la famille de mani\u00e8re \u00e9l\u00e9gante et \u00e9motive.<\/p>\n<p>Le design organise les pr\u00e9noms choisis sous forme de mots crois\u00e9s fa\u00e7on Scrabble, cr\u00e9ant une composition visuelle \u00e9quilibr\u00e9e et riche de sens. Accompagn\u00e9e d\u2019un texte personnalis\u00e9 en haut ou en bas, le r\u00e9sultat est une affiche sobre et intemporelle, id\u00e9ale pour d\u00e9corer n\u2019importe quelle pi\u00e8ce de la maison.<\/p>\n<p>Cette affiche personnalis\u00e9e avec pr\u00e9noms est parfaite comme cadeau pour les mamans, les grands-m\u00e8res, les couples ou les familles \u00e0 l\u2019occasion d\u2019un anniversaire, d\u2019un anniversaire de mariage, de la F\u00eate des M\u00e8res, de la F\u00eate des Grands-M\u00e8res ou de c\u00e9l\u00e9brations familiales. Son fond blanc apporte de la luminosit\u00e9 et lui permet de s\u2019int\u00e9grer \u00e0 diff\u00e9rents styles de d\u00e9coration, des plus modernes aux plus classiques. Disponible en plusieurs formats, elle est id\u00e9ale \u00e0 accrocher dans le salon, la chambre ou l\u2019entr\u00e9e, devenant un souvenir visuel qui repr\u00e9sente l\u2019union familiale et se savoure au quotidien.<\/p>\n<h4><strong>Caract\u00e9ristiques :<\/strong><\/h4>\n<ul>\n<li>Papier satin\u00e9 de haute qualit\u00e9 240 g.<\/li>\n<li>Design type Scrabble avec texte et pr\u00e9noms personnalis\u00e9s.<\/li>\n<li>Fond blanc.<\/li>\n<li>Dimensions disponibles : 21 x 29,7 cm, 30 x 40 cm et 42 x 59,5 cm.<\/li>\n<li>Id\u00e9ale \u00e0 encadrer et \u00e0 utiliser comme d\u00e9coration dans n\u2019importe quel espace.<\/li>\n<\/ul>\n","protected":false},"excerpt":{"rendered":"<p>Une affiche personnalis\u00e9e qui transforme les pr\u00e9noms en un souvenir familial unique. Cette affiche [&#8230;]<\/p>\n","protected":false},"featured_media":500279,"comment_status":"open","ping_status":"closed","template":"","meta":{"_acf_changed":false},"product_brand":[],"product_cat":[1737],"product_tag":[1687,1677,1699],"class_list":{"0":"post-500056","1":"product","2":"type-product","3":"status-publish","4":"has-post-thumbnail","6":"product_cat-affiches-personnalisees","7":"product_tag-famille","8":"product_tag-generique","9":"product_tag-grands-parents","11":"first","12":"instock","13":"taxable","14":"shipping-taxable","15":"purchasable","16":"product-type-simple"},"acf":[],"df_price":23.99,"df_sale_price":"","df_regular_price":23.99,"df_image_link":"https:\/\/transparentgift.com\/fr\/wp-content\/uploads\/2026\/02\/Poster_Scrabble_1-300x300.jpg","_links":{"self":[{"href":"https:\/\/transparentgift.com\/fr\/wp-json\/wp\/v2\/product\/500056","targetHints":{"allow":["GET"]}}],"collection":[{"href":"https:\/\/transparentgift.com\/fr\/wp-json\/wp\/v2\/product"}],"about":[{"href":"https:\/\/transparentgift.com\/fr\/wp-json\/wp\/v2\/types\/product"}],"replies":[{"embeddable":true,"href":"https:\/\/transparentgift.com\/fr\/wp-json\/wp\/v2\/comments?post=500056"}],"wp:featuredmedia":[{"embeddable":true,"href":"https:\/\/transparentgift.com\/fr\/wp-json\/wp\/v2\/media\/500279"}],"wp:attachment":[{"href":"https:\/\/transparentgift.com\/fr\/wp-json\/wp\/v2\/media?parent=500056"}],"wp:term":[{"taxonomy":"product_brand","embeddable":true,"href":"https:\/\/transparentgift.com\/fr\/wp-json\/wp\/v2\/product_brand?post=500056"},{"taxonomy":"product_cat","embeddable":true,"href":"https:\/\/transparentgift.com\/fr\/wp-json\/wp\/v2\/product_cat?post=500056"},{"taxonomy":"product_tag","embeddable":true,"href":"https:\/\/transparentgift.com\/fr\/wp-json\/wp\/v2\/product_tag?post=500056"}],"curies":[{"name":"wp","href":"https:\/\/api.w.org\/{rel}","templated":true}]}}