{"id":500057,"date":"2026-02-02T18:01:02","date_gmt":"2026-02-02T17:01:02","guid":{"rendered":"https:\/\/transparentgift.com\/fr\/affiche-personnalisee-mamie\/"},"modified":"2026-03-05T04:27:26","modified_gmt":"2026-03-05T03:27:26","slug":"affiche-mamie-avec-photos-et-textes-personnalises","status":"publish","type":"product","link":"https:\/\/transparentgift.com\/fr\/affiche-mamie-avec-photos-et-textes-personnalises\/","title":{"rendered":"Affiche Mamie avec photos et textes personnalis\u00e9s"},"content":{"rendered":"<p><strong>Une affiche lumineuse et \u00e9mouvante pour lui dire combien vous l\u2019aimez<\/strong>. L\u2019affiche Mamie personnalis\u00e9e avec photos et textes est une mani\u00e8re \u00e9l\u00e9gante et tr\u00e8s sp\u00e9ciale de rendre hommage \u00e0 une grand-m\u00e8re unique.<\/p>\n<p>Le design met en valeur le mot \u00ab Mamie \u00bb compos\u00e9 de vos photographies pr\u00e9f\u00e9r\u00e9es, cr\u00e9ant une composition visuelle remplie de souvenirs et de moments partag\u00e9s. Elle est compl\u00e9t\u00e9e par un texte personnalis\u00e9 qui exprime affection, gratitude ou union familiale, donnant naissance \u00e0 une affiche d\u00e9corative \u00e0 forte valeur sentimentale.<\/p>\n<p>Cette affiche personnalis\u00e9e pour grand-m\u00e8re est id\u00e9ale comme cadeau pour la F\u00eate des Grands-M\u00e8res, un anniversaire, No\u00ebl ou toute c\u00e9l\u00e9bration familiale importante. Son fond blanc apporte de la luminosit\u00e9 et lui permet de s\u2019int\u00e9grer facilement \u00e0 tous les styles de d\u00e9coration, des int\u00e9rieurs modernes aux ambiances plus classiques. Disponible en plusieurs formats, elle est parfaite \u00e0 accrocher dans le salon, la chambre ou un coin sp\u00e9cial de la maison, devenant un souvenir visuel du quotidien qui \u00e9meut \u00e0 chaque regard.<\/p>\n<h4><strong>Caract\u00e9ristiques :<\/strong><\/h4>\n<ul>\n<li>Papier satin\u00e9 de haute qualit\u00e9 240 g.<\/li>\n<li>Design avec photos int\u00e9gr\u00e9es dans le mot \u00ab Mamie \u00bb et texte personnalis\u00e9.<\/li>\n<li>Fond blanc.<\/li>\n<li>Dimensions disponibles : 29,7 x 21 cm, 40 x 30 cm et 59,5 x 42 cm.<\/li>\n<li>Id\u00e9ale \u00e0 encadrer et \u00e0 utiliser comme d\u00e9coration dans n\u2019importe quelle pi\u00e8ce.<\/li>\n<\/ul>\n","protected":false},"excerpt":{"rendered":"<p>Une affiche lumineuse et \u00e9mouvante pour lui dire combien vous l\u2019aimez. L\u2019affiche Mamie personna [&#8230;]<\/p>\n","protected":false},"featured_media":500275,"comment_status":"open","ping_status":"closed","template":"","meta":{"_acf_changed":false},"product_brand":[],"product_cat":[1737],"product_tag":[1841,1687,1677,1699],"class_list":{"0":"post-500057","1":"product","2":"type-product","3":"status-publish","4":"has-post-thumbnail","6":"product_cat-affiches-personnalisees","7":"product_tag-1841","8":"product_tag-famille","9":"product_tag-generique","10":"product_tag-grands-parents","12":"first","13":"instock","14":"taxable","15":"shipping-taxable","16":"purchasable","17":"product-type-simple"},"acf":[],"df_price":23.99,"df_sale_price":"","df_regular_price":23.99,"df_image_link":"https:\/\/transparentgift.com\/fr\/wp-content\/uploads\/2026\/02\/Poster_Mamie_1-300x300.jpg","_links":{"self":[{"href":"https:\/\/transparentgift.com\/fr\/wp-json\/wp\/v2\/product\/500057","targetHints":{"allow":["GET"]}}],"collection":[{"href":"https:\/\/transparentgift.com\/fr\/wp-json\/wp\/v2\/product"}],"about":[{"href":"https:\/\/transparentgift.com\/fr\/wp-json\/wp\/v2\/types\/product"}],"replies":[{"embeddable":true,"href":"https:\/\/transparentgift.com\/fr\/wp-json\/wp\/v2\/comments?post=500057"}],"wp:featuredmedia":[{"embeddable":true,"href":"https:\/\/transparentgift.com\/fr\/wp-json\/wp\/v2\/media\/500275"}],"wp:attachment":[{"href":"https:\/\/transparentgift.com\/fr\/wp-json\/wp\/v2\/media?parent=500057"}],"wp:term":[{"taxonomy":"product_brand","embeddable":true,"href":"https:\/\/transparentgift.com\/fr\/wp-json\/wp\/v2\/product_brand?post=500057"},{"taxonomy":"product_cat","embeddable":true,"href":"https:\/\/transparentgift.com\/fr\/wp-json\/wp\/v2\/product_cat?post=500057"},{"taxonomy":"product_tag","embeddable":true,"href":"https:\/\/transparentgift.com\/fr\/wp-json\/wp\/v2\/product_tag?post=500057"}],"curies":[{"name":"wp","href":"https:\/\/api.w.org\/{rel}","templated":true}]}}