{"id":500058,"date":"2026-02-02T18:01:03","date_gmt":"2026-02-02T17:01:03","guid":{"rendered":"https:\/\/transparentgift.com\/fr\/affiche-personnalisee-famille\/"},"modified":"2026-03-02T09:35:07","modified_gmt":"2026-03-02T08:35:07","slug":"affiche-famille-avec-photos-et-textes-personnalises","status":"publish","type":"product","link":"https:\/\/transparentgift.com\/fr\/affiche-famille-avec-photos-et-textes-personnalises\/","title":{"rendered":"Affiche Famille avec photos et textes personnalis\u00e9s"},"content":{"rendered":"<p><strong>Une affiche qui transforme votre famille en un souvenir inoubliable<\/strong>. L\u2019affiche Famille personnalis\u00e9e avec photos et textes est une pi\u00e8ce d\u00e9corative pens\u00e9e pour c\u00e9l\u00e9brer l\u2019union familiale et remplir chaque mur de la maison d\u2019\u00e9motion.<\/p>\n<p>Le design met en avant le mot \u00ab Famille \u00bb comme \u00e9l\u00e9ment central, compos\u00e9 de vos photographies pr\u00e9f\u00e9r\u00e9es, cr\u00e9ant une composition visuelle pleine de vie et de sens. Elle est compl\u00e9t\u00e9e par un texte personnalis\u00e9 qui transmet amour, gratitude ou un message sp\u00e9cial, pour un rendu \u00e9l\u00e9gant et intemporel sur fond blanc.<\/p>\n<p>Cette affiche personnalis\u00e9e familiale est id\u00e9ale comme cadeau pour les grands-m\u00e8res, les parents ou les familles \u00e0 l\u2019occasion d\u2019un anniversaire, d\u2019un anniversaire de mariage, de No\u00ebl, de la F\u00eate des Grands-M\u00e8res ou de c\u00e9l\u00e9brations familiales importantes. Son style \u00e9pur\u00e9 et lumineux s\u2019int\u00e8gre facilement \u00e0 tous les types de d\u00e9coration, des int\u00e9rieurs modernes aux espaces plus classiques. Disponible en plusieurs formats, elle est parfaite pour le salon, la chambre ou l\u2019entr\u00e9e, devenant un souvenir visuel qui raconte l\u2019histoire et les moments partag\u00e9s de la famille.<\/p>\n<h4><strong>Caract\u00e9ristiques :<\/strong><\/h4>\n<ul>\n<li>Papier satin\u00e9 de haute qualit\u00e9 240 g.<\/li>\n<li>Design avec photos int\u00e9gr\u00e9es dans le mot \u00ab Famille \u00bb et texte personnalis\u00e9.<\/li>\n<li>Fond blanc.<\/li>\n<li>Dimensions disponibles : 29,7 x 21 cm, 40 x 30 cm et 59,5 x 42 cm.<\/li>\n<li>Id\u00e9ale \u00e0 encadrer et \u00e0 d\u00e9corer n\u2019importe quel espace de la maison.<\/li>\n<\/ul>\n","protected":false},"excerpt":{"rendered":"<p>Une affiche qui transforme votre famille en un souvenir inoubliable. L\u2019affiche Famille personnalis [&#8230;]<\/p>\n","protected":false},"featured_media":500271,"comment_status":"open","ping_status":"closed","template":"","meta":{"_acf_changed":false},"product_brand":[],"product_cat":[1737],"product_tag":[1687,1677,1699],"class_list":{"0":"post-500058","1":"product","2":"type-product","3":"status-publish","4":"has-post-thumbnail","6":"product_cat-affiches-personnalisees","7":"product_tag-famille","8":"product_tag-generique","9":"product_tag-grands-parents","11":"first","12":"instock","13":"taxable","14":"shipping-taxable","15":"purchasable","16":"product-type-simple"},"acf":[],"df_price":23.99,"df_sale_price":"","df_regular_price":23.99,"df_image_link":"https:\/\/transparentgift.com\/fr\/wp-content\/uploads\/2026\/02\/Poster_Famille_1-300x300.jpg","_links":{"self":[{"href":"https:\/\/transparentgift.com\/fr\/wp-json\/wp\/v2\/product\/500058","targetHints":{"allow":["GET"]}}],"collection":[{"href":"https:\/\/transparentgift.com\/fr\/wp-json\/wp\/v2\/product"}],"about":[{"href":"https:\/\/transparentgift.com\/fr\/wp-json\/wp\/v2\/types\/product"}],"replies":[{"embeddable":true,"href":"https:\/\/transparentgift.com\/fr\/wp-json\/wp\/v2\/comments?post=500058"}],"wp:featuredmedia":[{"embeddable":true,"href":"https:\/\/transparentgift.com\/fr\/wp-json\/wp\/v2\/media\/500271"}],"wp:attachment":[{"href":"https:\/\/transparentgift.com\/fr\/wp-json\/wp\/v2\/media?parent=500058"}],"wp:term":[{"taxonomy":"product_brand","embeddable":true,"href":"https:\/\/transparentgift.com\/fr\/wp-json\/wp\/v2\/product_brand?post=500058"},{"taxonomy":"product_cat","embeddable":true,"href":"https:\/\/transparentgift.com\/fr\/wp-json\/wp\/v2\/product_cat?post=500058"},{"taxonomy":"product_tag","embeddable":true,"href":"https:\/\/transparentgift.com\/fr\/wp-json\/wp\/v2\/product_tag?post=500058"}],"curies":[{"name":"wp","href":"https:\/\/api.w.org\/{rel}","templated":true}]}}