{"id":500060,"date":"2026-02-02T18:01:05","date_gmt":"2026-02-02T17:01:05","guid":{"rendered":"https:\/\/transparentgift.com\/fr\/tasse-personnalisee-scrabble\/"},"modified":"2026-04-21T10:23:17","modified_gmt":"2026-04-21T08:23:17","slug":"mug-design-scrabble-avec-texte-et-prenoms-personnalises","status":"publish","type":"product","link":"https:\/\/transparentgift.com\/fr\/mug-design-scrabble-avec-texte-et-prenoms-personnalises\/","title":{"rendered":"Mug design Scrabble avec texte et pr\u00e9noms personnalis\u00e9s"},"content":{"rendered":"<p><strong>Un mug personnalis\u00e9 qui transforme chaque caf\u00e9 en un moment sp\u00e9cial<\/strong>. Le mug au design type Scrabble avec texte personnalis\u00e9 est un objet pratique et plein de sens \u00e0 appr\u00e9cier au quotidien.<\/p>\n<p>Son design organise les pr\u00e9noms choisis sous forme de mots crois\u00e9s fa\u00e7on Scrabble, accompagn\u00e9s d\u2019un texte personnalisable qui transmet affection et proximit\u00e9. Une mani\u00e8re originale et \u00e9mouvante de garder toujours pr\u00e8s de soi les personnes les plus importantes lors des petits rituels de la journ\u00e9e.<\/p>\n<p>Ce mug personnalis\u00e9 est id\u00e9al comme cadeau pour les mamans, les grands-m\u00e8res ou des personnes sp\u00e9ciales \u00e0 l\u2019occasion d\u2019un anniversaire, de la F\u00eate des M\u00e8res, de la F\u00eate des Grands-M\u00e8res, de No\u00ebl ou simplement pour surprendre avec une attention unique. Parfait pour le petit-d\u00e9jeuner, le caf\u00e9 ou une infusion, il allie fonctionnalit\u00e9 et valeur sentimentale. Gr\u00e2ce \u00e0 ses diff\u00e9rents coloris de fond, il s\u2019adapte \u00e0 tous les go\u00fbts et styles, devenant un mug que l\u2019on ne range pas dans un placard, mais que l\u2019on utilise et appr\u00e9cie chaque jour.<\/p>\n<h4><strong>Caract\u00e9ristiques :<\/strong><\/h4>\n<ul>\n<li style=\"list-style-type: none\">\n<ul>\n<li>Dimensions : 9,5 cm de hauteur x 8 cm de diam\u00e8tre.<\/li>\n<li>Contenance : 325 ml.<\/li>\n<li>Mat\u00e9riau : c\u00e9ramique.<\/li>\n<li>Design type Scrabble avec texte et pr\u00e9noms personnalis\u00e9s.<\/li>\n<li>Compatible avec le micro-ondes et le lave-vaisselle.<\/li>\n<li>Disponible en 3 couleurs de fond.<\/li>\n<\/ul>\n<\/li>\n<\/ul>\n<p>&lt;\/ul<\/p>\n","protected":false},"excerpt":{"rendered":"<p>Un mug personnalis\u00e9 qui transforme chaque caf\u00e9 en un moment sp\u00e9cial. Le mug au design type Scrabb [&#8230;]<\/p>\n","protected":false},"featured_media":500287,"comment_status":"open","ping_status":"closed","template":"","meta":{"_acf_changed":false},"product_brand":[],"product_cat":[1830],"product_tag":[1687,1677,1699,1688],"class_list":{"0":"post-500060","1":"product","2":"type-product","3":"status-publish","4":"has-post-thumbnail","6":"product_cat-tasses-personnalisees","7":"product_tag-famille","8":"product_tag-generique","9":"product_tag-grands-parents","10":"product_tag-meres","12":"first","13":"instock","14":"taxable","15":"shipping-taxable","16":"purchasable","17":"product-type-simple"},"acf":[],"df_price":14.99,"df_sale_price":"","df_regular_price":14.99,"df_image_link":"https:\/\/transparentgift.com\/fr\/wp-content\/uploads\/2026\/02\/1-1-300x300.jpg","_links":{"self":[{"href":"https:\/\/transparentgift.com\/fr\/wp-json\/wp\/v2\/product\/500060","targetHints":{"allow":["GET"]}}],"collection":[{"href":"https:\/\/transparentgift.com\/fr\/wp-json\/wp\/v2\/product"}],"about":[{"href":"https:\/\/transparentgift.com\/fr\/wp-json\/wp\/v2\/types\/product"}],"replies":[{"embeddable":true,"href":"https:\/\/transparentgift.com\/fr\/wp-json\/wp\/v2\/comments?post=500060"}],"wp:featuredmedia":[{"embeddable":true,"href":"https:\/\/transparentgift.com\/fr\/wp-json\/wp\/v2\/media\/500287"}],"wp:attachment":[{"href":"https:\/\/transparentgift.com\/fr\/wp-json\/wp\/v2\/media?parent=500060"}],"wp:term":[{"taxonomy":"product_brand","embeddable":true,"href":"https:\/\/transparentgift.com\/fr\/wp-json\/wp\/v2\/product_brand?post=500060"},{"taxonomy":"product_cat","embeddable":true,"href":"https:\/\/transparentgift.com\/fr\/wp-json\/wp\/v2\/product_cat?post=500060"},{"taxonomy":"product_tag","embeddable":true,"href":"https:\/\/transparentgift.com\/fr\/wp-json\/wp\/v2\/product_tag?post=500060"}],"curies":[{"name":"wp","href":"https:\/\/api.w.org\/{rel}","templated":true}]}}