{"id":500061,"date":"2026-02-02T18:01:06","date_gmt":"2026-02-02T17:01:06","guid":{"rendered":"https:\/\/transparentgift.com\/fr\/tasse-personnalisee-corazones\/"},"modified":"2026-04-21T10:23:18","modified_gmt":"2026-04-21T08:23:18","slug":"mug-avec-coeurs-et-prenoms-personnalises","status":"publish","type":"product","link":"https:\/\/transparentgift.com\/fr\/mug-avec-coeurs-et-prenoms-personnalises\/","title":{"rendered":"Mug avec texte, c\u0153urs et pr\u00e9noms personnalis\u00e9s"},"content":{"rendered":"<p><strong>Un mug personnalis\u00e9 qui remplit chaque gorg\u00e9e d\u2019amour<\/strong>. Ce mug avec c\u0153urs et pr\u00e9noms personnalis\u00e9s est le d\u00e9tail parfait pour se rappeler chaque jour des personnes les plus sp\u00e9ciales.<\/p>\n<p>Avec un design \u00e9l\u00e9gant et minimaliste, il permet d\u2019ajouter un texte personnalis\u00e9 en haut ainsi qu\u2019entre un et neuf pr\u00e9noms accompagn\u00e9s de petits c\u0153urs rouges. Une combinaison simple et \u00e9mouvante qui transforme un objet du quotidien en un souvenir charg\u00e9 de sens.<\/p>\n<p>Ce mug personnalis\u00e9 avec pr\u00e9noms est id\u00e9al comme cadeau pour les grands-m\u00e8res, les mamans ou les personnes ch\u00e8res \u00e0 l\u2019occasion de la F\u00eate des Grands-M\u00e8res, de la F\u00eate des M\u00e8res, d\u2019un anniversaire, de No\u00ebl ou simplement pour faire plaisir sans raison particuli\u00e8re. Parfait pour le caf\u00e9 du matin, une infusion l\u2019apr\u00e8s-midi ou ce moment de pause tant attendu. Gr\u00e2ce \u00e0 son format standard et \u00e0 son design intemporel, il s\u2019int\u00e8gre facilement dans toutes les cuisines et devient un mug du quotidien qui transmet de l\u2019affection \u00e0 chaque utilisation.<\/p>\n<h4><strong>Caract\u00e9ristiques :<\/strong><\/h4>\n<ul>\n<li>Dimensions : 9,5 cm de hauteur x 8 cm de diam\u00e8tre.<\/li>\n<li>Contenance : 325 ml.<\/li>\n<li>Mat\u00e9riau : c\u00e9ramique.<\/li>\n<li>Design avec c\u0153urs et pr\u00e9noms personnalis\u00e9s (de 1 \u00e0 9 pr\u00e9noms).<\/li>\n<li>Compatible avec le micro-ondes et le lave-vaisselle.<\/li>\n<\/ul>\n","protected":false},"excerpt":{"rendered":"<p>Un mug personnalis\u00e9 qui remplit chaque gorg\u00e9e d\u2019amour. Ce mug avec c\u0153urs et pr\u00e9noms personnali [&#8230;]<\/p>\n","protected":false},"featured_media":500292,"comment_status":"open","ping_status":"closed","template":"","meta":{"_acf_changed":false},"product_brand":[],"product_cat":[1830],"product_tag":[1687,1677,1699,1688],"class_list":{"0":"post-500061","1":"product","2":"type-product","3":"status-publish","4":"has-post-thumbnail","6":"product_cat-tasses-personnalisees","7":"product_tag-famille","8":"product_tag-generique","9":"product_tag-grands-parents","10":"product_tag-meres","12":"first","13":"instock","14":"taxable","15":"shipping-taxable","16":"purchasable","17":"product-type-simple"},"acf":[],"df_price":14.99,"df_sale_price":"","df_regular_price":14.99,"df_image_link":"https:\/\/transparentgift.com\/fr\/wp-content\/uploads\/2026\/02\/1-2-300x300.jpg","_links":{"self":[{"href":"https:\/\/transparentgift.com\/fr\/wp-json\/wp\/v2\/product\/500061","targetHints":{"allow":["GET"]}}],"collection":[{"href":"https:\/\/transparentgift.com\/fr\/wp-json\/wp\/v2\/product"}],"about":[{"href":"https:\/\/transparentgift.com\/fr\/wp-json\/wp\/v2\/types\/product"}],"replies":[{"embeddable":true,"href":"https:\/\/transparentgift.com\/fr\/wp-json\/wp\/v2\/comments?post=500061"}],"wp:featuredmedia":[{"embeddable":true,"href":"https:\/\/transparentgift.com\/fr\/wp-json\/wp\/v2\/media\/500292"}],"wp:attachment":[{"href":"https:\/\/transparentgift.com\/fr\/wp-json\/wp\/v2\/media?parent=500061"}],"wp:term":[{"taxonomy":"product_brand","embeddable":true,"href":"https:\/\/transparentgift.com\/fr\/wp-json\/wp\/v2\/product_brand?post=500061"},{"taxonomy":"product_cat","embeddable":true,"href":"https:\/\/transparentgift.com\/fr\/wp-json\/wp\/v2\/product_cat?post=500061"},{"taxonomy":"product_tag","embeddable":true,"href":"https:\/\/transparentgift.com\/fr\/wp-json\/wp\/v2\/product_tag?post=500061"}],"curies":[{"name":"wp","href":"https:\/\/api.w.org\/{rel}","templated":true}]}}