{"id":500062,"date":"2026-02-02T18:01:07","date_gmt":"2026-02-02T17:01:07","guid":{"rendered":"https:\/\/transparentgift.com\/fr\/tasse-personnalisee-munecos\/"},"modified":"2026-05-14T16:33:24","modified_gmt":"2026-05-14T14:33:24","slug":"mug-avec-texte-prenoms-et-personnages-crees-a-partir-dune-photo-personnalises","status":"publish","type":"product","link":"https:\/\/transparentgift.com\/fr\/mug-avec-texte-prenoms-et-personnages-crees-a-partir-dune-photo-personnalises\/","title":{"rendered":"Mug avec texte, pr\u00e9noms et personnages cr\u00e9\u00e9s \u00e0 partir d\u2019une Photo personnalis\u00e9s"},"content":{"rendered":"<p><strong>Un mug personnalis\u00e9 qui transforme chaque caf\u00e9 en un souvenir inoubliable<\/strong>. Ce mug avec texte, pr\u00e9noms et personnages avec photo est un cadeau plein d\u2019\u00e9motion \u00e0 appr\u00e9cier au quotidien.<\/p>\n<p>Son design associe des illustrations de personnages \u00e0 la photo r\u00e9elle de chaque personne, accompagn\u00e9es de pr\u00e9noms et d\u2019un texte personnalis\u00e9 qui transmet l\u2019affection de mani\u00e8re directe et chaleureuse. Chaque d\u00e9tail est pens\u00e9 pour cr\u00e9er une composition \u00e9quilibr\u00e9e, joyeuse et tr\u00e8s sp\u00e9ciale, parfaite pour commencer la journ\u00e9e avec le sourire.<\/p>\n<p>Ce mug personnalis\u00e9 avec personnages et photos est id\u00e9al \u00e0 offrir aux grands-m\u00e8res et aux mamans \u00e0 l\u2019occasion de la F\u00eate des Grands-M\u00e8res, de la F\u00eate des M\u00e8res, d\u2019un anniversaire, de No\u00ebl ou simplement pour les remercier de tout leur amour. C\u2019est un objet pratique utilis\u00e9 chaque jour, mais avec une valeur sentimentale qui le rend unique. Parfait pour le petit-d\u00e9jeuner, le caf\u00e9 de la matin\u00e9e ou une infusion tranquille l\u2019apr\u00e8s-midi, il s\u2019int\u00e8gre facilement dans toutes les cuisines et devient ce mug pr\u00e9f\u00e9r\u00e9 que l\u2019on choisit toujours en premier.<\/p>\n<h4><strong>Caract\u00e9ristiques :<\/strong><\/h4>\n<ul>\n<li>Dimensions : 9,5 cm de hauteur x 8 cm de diam\u00e8tre.<\/li>\n<li>Contenance : 325 ml.<\/li>\n<li>Mat\u00e9riau : c\u00e9ramique.<\/li>\n<li>Design avec texte personnalis\u00e9, pr\u00e9noms et personnages avec photo.<\/li>\n<li>Personnalisation de 1 \u00e0 8 personnages.<\/li>\n<li>Compatible avec le micro-ondes et le lave-vaisselle.<\/li>\n<\/ul>\n","protected":false},"excerpt":{"rendered":"<p>Un mug personnalis\u00e9 qui transforme chaque caf\u00e9 en un souvenir inoubliable. Ce mug avec texte, pr\u00e9 [&#8230;]<\/p>\n","protected":false},"featured_media":500293,"comment_status":"open","ping_status":"closed","template":"","meta":{"_acf_changed":false},"product_brand":[],"product_cat":[1830],"product_tag":[1687,1677,1699],"class_list":{"0":"post-500062","1":"product","2":"type-product","3":"status-publish","4":"has-post-thumbnail","6":"product_cat-tasses-personnalisees","7":"product_tag-famille","8":"product_tag-generique","9":"product_tag-grands-parents","11":"first","12":"instock","13":"taxable","14":"shipping-taxable","15":"purchasable","16":"product-type-simple"},"acf":[],"df_price":14.99,"df_sale_price":"","df_regular_price":14.99,"df_image_link":"https:\/\/transparentgift.com\/fr\/wp-content\/uploads\/2026\/02\/1-3-300x300.jpg","_links":{"self":[{"href":"https:\/\/transparentgift.com\/fr\/wp-json\/wp\/v2\/product\/500062","targetHints":{"allow":["GET"]}}],"collection":[{"href":"https:\/\/transparentgift.com\/fr\/wp-json\/wp\/v2\/product"}],"about":[{"href":"https:\/\/transparentgift.com\/fr\/wp-json\/wp\/v2\/types\/product"}],"replies":[{"embeddable":true,"href":"https:\/\/transparentgift.com\/fr\/wp-json\/wp\/v2\/comments?post=500062"}],"wp:featuredmedia":[{"embeddable":true,"href":"https:\/\/transparentgift.com\/fr\/wp-json\/wp\/v2\/media\/500293"}],"wp:attachment":[{"href":"https:\/\/transparentgift.com\/fr\/wp-json\/wp\/v2\/media?parent=500062"}],"wp:term":[{"taxonomy":"product_brand","embeddable":true,"href":"https:\/\/transparentgift.com\/fr\/wp-json\/wp\/v2\/product_brand?post=500062"},{"taxonomy":"product_cat","embeddable":true,"href":"https:\/\/transparentgift.com\/fr\/wp-json\/wp\/v2\/product_cat?post=500062"},{"taxonomy":"product_tag","embeddable":true,"href":"https:\/\/transparentgift.com\/fr\/wp-json\/wp\/v2\/product_tag?post=500062"}],"curies":[{"name":"wp","href":"https:\/\/api.w.org\/{rel}","templated":true}]}}