{"id":500064,"date":"2026-02-02T18:01:09","date_gmt":"2026-02-02T17:01:09","guid":{"rendered":"https:\/\/transparentgift.com\/fr\/tasse-personnalisee-fotos-con-corazones\/"},"modified":"2026-04-21T10:23:18","modified_gmt":"2026-04-21T08:23:18","slug":"mug-avec-coeurs-et-photos-personnalisees","status":"publish","type":"product","link":"https:\/\/transparentgift.com\/fr\/mug-avec-coeurs-et-photos-personnalisees\/","title":{"rendered":"Mug avec c\u0153urs et photos personnalis\u00e9es"},"content":{"rendered":"<p><strong>Un mug personnalis\u00e9 rempli de sourires et de beaucoup d\u2019amour<\/strong>. Ce mug avec c\u0153urs et photos personnalis\u00e9es est le d\u00e9tail parfait pour profiter chaque jour des plus beaux souvenirs.<\/p>\n<p>Son design permet de r\u00e9p\u00e9ter jusqu\u2019\u00e0 cinq photos diff\u00e9rentes associ\u00e9es \u00e0 de petits c\u0153urs rouges, cr\u00e9ant une composition joyeuse, \u00e9motive et tr\u00e8s visuelle. Chaque gorg\u00e9e devient un moment sp\u00e9cial, id\u00e9al pour commencer la journ\u00e9e avec \u00e9nergie et le sourire.<\/p>\n<p>Ce mug personnalis\u00e9 avec photos est un cadeau id\u00e9al pour les mamans, les grands-m\u00e8res, les couples ou toute personne sp\u00e9ciale. Parfait pour un anniversaire, la F\u00eate des M\u00e8res, la F\u00eate des Grands-M\u00e8res, la Saint-Valentin ou simplement pour surprendre avec une attention unique et pleine d\u2019affection. Pratique pour le petit-d\u00e9jeuner, le caf\u00e9 ou une infusion, il poss\u00e8de une valeur sentimentale qui le rend unique. Gr\u00e2ce \u00e0 son design enveloppant, les photos ressortent sous tous les angles, faisant de ce mug un objet qui ne passe pas inaper\u00e7u et que l\u2019on utilise au quotidien.<\/p>\n<h4><strong>Caract\u00e9ristiques :<\/strong><\/h4>\n<ul>\n<li>Dimensions : 9,5 cm de hauteur x 8 cm de diam\u00e8tre.<\/li>\n<li>Contenance : 325 ml.<\/li>\n<li>Mat\u00e9riau : c\u00e9ramique.<\/li>\n<li>Design avec c\u0153urs et photos personnalis\u00e9es.<\/li>\n<li>Permet de t\u00e9l\u00e9charger de 1 \u00e0 5 photos diff\u00e9rentes.<\/li>\n<li>Compatible avec le micro-ondes et le lave-vaisselle.<\/li>\n<\/ul>\n","protected":false},"excerpt":{"rendered":"<p>Un mug personnalis\u00e9 rempli de sourires et de beaucoup d\u2019amour. Ce mug avec c\u0153urs et photos perso [&#8230;]<\/p>\n","protected":false},"featured_media":500301,"comment_status":"open","ping_status":"closed","template":"","meta":{"_acf_changed":false},"product_brand":[],"product_cat":[1830],"product_tag":[1687,1677,1699,1688],"class_list":{"0":"post-500064","1":"product","2":"type-product","3":"status-publish","4":"has-post-thumbnail","6":"product_cat-tasses-personnalisees","7":"product_tag-famille","8":"product_tag-generique","9":"product_tag-grands-parents","10":"product_tag-meres","12":"first","13":"instock","14":"taxable","15":"shipping-taxable","16":"purchasable","17":"product-type-simple"},"acf":[],"df_price":14.99,"df_sale_price":"","df_regular_price":14.99,"df_image_link":"https:\/\/transparentgift.com\/fr\/wp-content\/uploads\/2026\/02\/Taza_Caras-y-corazones_1-300x300.jpg","_links":{"self":[{"href":"https:\/\/transparentgift.com\/fr\/wp-json\/wp\/v2\/product\/500064","targetHints":{"allow":["GET"]}}],"collection":[{"href":"https:\/\/transparentgift.com\/fr\/wp-json\/wp\/v2\/product"}],"about":[{"href":"https:\/\/transparentgift.com\/fr\/wp-json\/wp\/v2\/types\/product"}],"replies":[{"embeddable":true,"href":"https:\/\/transparentgift.com\/fr\/wp-json\/wp\/v2\/comments?post=500064"}],"wp:featuredmedia":[{"embeddable":true,"href":"https:\/\/transparentgift.com\/fr\/wp-json\/wp\/v2\/media\/500301"}],"wp:attachment":[{"href":"https:\/\/transparentgift.com\/fr\/wp-json\/wp\/v2\/media?parent=500064"}],"wp:term":[{"taxonomy":"product_brand","embeddable":true,"href":"https:\/\/transparentgift.com\/fr\/wp-json\/wp\/v2\/product_brand?post=500064"},{"taxonomy":"product_cat","embeddable":true,"href":"https:\/\/transparentgift.com\/fr\/wp-json\/wp\/v2\/product_cat?post=500064"},{"taxonomy":"product_tag","embeddable":true,"href":"https:\/\/transparentgift.com\/fr\/wp-json\/wp\/v2\/product_tag?post=500064"}],"curies":[{"name":"wp","href":"https:\/\/api.w.org\/{rel}","templated":true}]}}