{"id":500228,"date":"2026-02-06T15:03:05","date_gmt":"2026-02-06T14:03:05","guid":{"rendered":"https:\/\/transparentgift.com\/fr\/?post_type=product&#038;p=500228"},"modified":"2026-03-02T09:35:10","modified_gmt":"2026-03-02T08:35:10","slug":"tote-bag-avec-coeurs-et-prenoms-personnalises","status":"publish","type":"product","link":"https:\/\/transparentgift.com\/fr\/tote-bag-avec-coeurs-et-prenoms-personnalises\/","title":{"rendered":"Tote bag avec c\u0153urs et pr\u00e9noms personnalis\u00e9s"},"content":{"rendered":"<p><strong>Un tote bag plein d\u2019amour pour garder vos proches toujours pr\u00e8s de vous<\/strong>. Ce sac personnalis\u00e9 avec c\u0153urs et pr\u00e9noms est bien plus qu\u2019un accessoire pratique : c\u2019est une v\u00e9ritable d\u00e9claration d\u2019affection pens\u00e9e pour le quotidien.<\/p>\n<p>Avec son design \u00e9pur\u00e9 et \u00e9l\u00e9gant, il permet de personnaliser jusqu\u2019\u00e0 neuf pr\u00e9noms accompagn\u00e9s de petits c\u0153urs rouges, cr\u00e9ant une composition \u00e9motive et totalement unique. Sa finition en polyester avec toucher coton lui conf\u00e8re un aspect doux et agr\u00e9able, parfait pour s\u2019adapter \u00e0 tous les styles.<\/p>\n<p>Ce tote bag personnalis\u00e9 est id\u00e9al comme cadeau original pour les mamans, les grands-m\u00e8res ou toute personne sp\u00e9ciale, \u00e0 l\u2019occasion d\u2019un anniversaire, de la F\u00eate des M\u00e8res, de la F\u00eate des Grands-M\u00e8res, de No\u00ebl ou simplement pour faire plaisir sans raison particuli\u00e8re. Gr\u00e2ce \u00e0 son format spacieux et \u00e0 ses deux anses, il est confortable pour un usage quotidien : courses, travail, promenades ou activit\u00e9s de tous les jours. Une option r\u00e9utilisable qui allie fonctionnalit\u00e9 et valeur sentimentale, pour un cadeau qui touche le c\u0153ur et s\u2019utilise vraiment.<\/p>\n<h4><strong>Caract\u00e9ristiques :<\/strong><\/h4>\n<ul>\n<li>Dimensions : 41 cm x 42 cm.<\/li>\n<li>Mat\u00e9riau : polyester avec toucher coton.<\/li>\n<li>Design avec c\u0153urs et pr\u00e9noms personnalis\u00e9s (jusqu\u2019\u00e0 9 pr\u00e9noms).<\/li>\n<li>Personnalisation imprim\u00e9e sur une seule face.<\/li>\n<li>Sac avec deux anses pour un transport confortable.<\/li>\n<\/ul>\n","protected":false},"excerpt":{"rendered":"<p>Un tote bag plein d\u2019amour pour garder vos proches toujours pr\u00e8s de vous. Ce sac personnalis\u00e9 ave [&#8230;]<\/p>\n","protected":false},"featured_media":500232,"comment_status":"open","ping_status":"closed","template":"","meta":{"_acf_changed":false},"product_brand":[],"product_cat":[1839],"product_tag":[1687,1677,1699],"ai-category":[1847],"class_list":{"0":"post-500228","1":"product","2":"type-product","3":"status-publish","4":"has-post-thumbnail","6":"product_cat-tote-bag-personnalisees","7":"product_tag-famille","8":"product_tag-generique","9":"product_tag-grands-parents","10":"ai-category-tote-bags-personalizadas","12":"first","13":"instock","14":"taxable","15":"shipping-taxable","16":"purchasable","17":"product-type-simple"},"acf":[],"df_price":15.99,"df_sale_price":"","df_regular_price":15.99,"df_image_link":"https:\/\/transparentgift.com\/fr\/wp-content\/uploads\/2026\/02\/ToteBag_corazones_1-300x300.jpg","_links":{"self":[{"href":"https:\/\/transparentgift.com\/fr\/wp-json\/wp\/v2\/product\/500228","targetHints":{"allow":["GET"]}}],"collection":[{"href":"https:\/\/transparentgift.com\/fr\/wp-json\/wp\/v2\/product"}],"about":[{"href":"https:\/\/transparentgift.com\/fr\/wp-json\/wp\/v2\/types\/product"}],"replies":[{"embeddable":true,"href":"https:\/\/transparentgift.com\/fr\/wp-json\/wp\/v2\/comments?post=500228"}],"wp:featuredmedia":[{"embeddable":true,"href":"https:\/\/transparentgift.com\/fr\/wp-json\/wp\/v2\/media\/500232"}],"wp:attachment":[{"href":"https:\/\/transparentgift.com\/fr\/wp-json\/wp\/v2\/media?parent=500228"}],"wp:term":[{"taxonomy":"product_brand","embeddable":true,"href":"https:\/\/transparentgift.com\/fr\/wp-json\/wp\/v2\/product_brand?post=500228"},{"taxonomy":"product_cat","embeddable":true,"href":"https:\/\/transparentgift.com\/fr\/wp-json\/wp\/v2\/product_cat?post=500228"},{"taxonomy":"product_tag","embeddable":true,"href":"https:\/\/transparentgift.com\/fr\/wp-json\/wp\/v2\/product_tag?post=500228"},{"taxonomy":"ai-category","embeddable":true,"href":"https:\/\/transparentgift.com\/fr\/wp-json\/wp\/v2\/ai-category?post=500228"}],"curies":[{"name":"wp","href":"https:\/\/api.w.org\/{rel}","templated":true}]}}