{"id":500262,"date":"2026-02-06T16:32:22","date_gmt":"2026-02-06T15:32:22","guid":{"rendered":"https:\/\/transparentgift.com\/fr\/?post_type=product&#038;p=500262"},"modified":"2026-03-02T09:34:58","modified_gmt":"2026-03-02T08:34:58","slug":"planche-a-decouper-avec-coeurs-et-prenoms-personnalises","status":"publish","type":"product","link":"https:\/\/transparentgift.com\/fr\/planche-a-decouper-avec-coeurs-et-prenoms-personnalises\/","title":{"rendered":"Planche \u00e0 d\u00e9couper avec c\u0153urs et pr\u00e9noms personnalis\u00e9s"},"content":{"rendered":"<p><strong>Une planche \u00e0 d\u00e9couper personnalis\u00e9e qui unit cuisine et \u00e9motion<\/strong>. Cette planche en bambou avec c\u0153urs et pr\u00e9noms grav\u00e9s est bien plus qu\u2019un ustensile : c\u2019est un souvenir plein d\u2019affection pour le quotidien.<\/p>\n<p>Fabriqu\u00e9e en bois de bambou r\u00e9sistant, elle allie fonctionnalit\u00e9 et design avec une gravure \u00e9l\u00e9gante et durable. Le texte personnalisable et les pr\u00e9noms accompagn\u00e9s de c\u0153urs transforment chaque pr\u00e9paration en un geste sp\u00e9cial, id\u00e9al pour ceux qui aiment cuisiner pour leurs proches.<\/p>\n<p>Cette planche \u00e0 d\u00e9couper personnalis\u00e9e est parfaite comme cadeau pour les mamans et les grands-m\u00e8res \u00e0 l\u2019occasion de la F\u00eate des M\u00e8res, de la F\u00eate des Grands-M\u00e8res, d\u2019un anniversaire ou de No\u00ebl. C\u2019est \u00e9galement une option tr\u00e8s originale pour d\u00e9corer la cuisine lorsqu\u2019elle n\u2019est pas utilis\u00e9e, apportant une touche chaleureuse et familiale. Son format est id\u00e9al aussi bien pour d\u00e9couper fruits, l\u00e9gumes ou pain que pour servir des amuse-bouches. Un d\u00e9tail pratique, esth\u00e9tique et dot\u00e9 d\u2019une grande valeur sentimentale, qui s\u2019int\u00e8gre dans des cuisines de tous styles.<\/p>\n<h4><strong>Caract\u00e9ristiques :<\/strong><\/h4>\n<ul>\n<li>Dimensions : 30 x 23 x 2 cm.<\/li>\n<li>Mat\u00e9riau : bois de bambou r\u00e9sistant.<\/li>\n<li>Gravure avec texte, pr\u00e9noms et c\u0153urs personnalis\u00e9s.<\/li>\n<li>Inclut une rainure r\u00e9cup\u00e9ratrice de jus pour plus de propret\u00e9.<\/li>\n<li>Trou de suspension pour faciliter le rangement.<\/li>\n<li>Personnalisation de 1 \u00e0 9 c\u0153urs.<\/li>\n<\/ul>\n","protected":false},"excerpt":{"rendered":"<p>Une planche \u00e0 d\u00e9couper personnalis\u00e9e qui unit cuisine et \u00e9motion. Cette planche en bambou avec c [&#8230;]<\/p>\n","protected":false},"featured_media":501008,"comment_status":"open","ping_status":"closed","template":"","meta":{"_acf_changed":false},"product_brand":[],"product_cat":[1840],"product_tag":[1687,1677,1699],"ai-category":[1848],"class_list":{"0":"post-500262","1":"product","2":"type-product","3":"status-publish","4":"has-post-thumbnail","6":"product_cat-planches-a-decouper-personnalisees","7":"product_tag-famille","8":"product_tag-generique","9":"product_tag-grands-parents","10":"ai-category-tablas-de-cortar-personalizadas","12":"first","13":"instock","14":"taxable","15":"shipping-taxable","16":"purchasable","17":"product-type-simple"},"acf":[],"df_price":15.99,"df_sale_price":"","df_regular_price":15.99,"df_image_link":"https:\/\/transparentgift.com\/fr\/wp-content\/uploads\/2026\/02\/Tabla-Madera_Corazones_1-1-300x300.jpg","_links":{"self":[{"href":"https:\/\/transparentgift.com\/fr\/wp-json\/wp\/v2\/product\/500262","targetHints":{"allow":["GET"]}}],"collection":[{"href":"https:\/\/transparentgift.com\/fr\/wp-json\/wp\/v2\/product"}],"about":[{"href":"https:\/\/transparentgift.com\/fr\/wp-json\/wp\/v2\/types\/product"}],"replies":[{"embeddable":true,"href":"https:\/\/transparentgift.com\/fr\/wp-json\/wp\/v2\/comments?post=500262"}],"wp:featuredmedia":[{"embeddable":true,"href":"https:\/\/transparentgift.com\/fr\/wp-json\/wp\/v2\/media\/501008"}],"wp:attachment":[{"href":"https:\/\/transparentgift.com\/fr\/wp-json\/wp\/v2\/media?parent=500262"}],"wp:term":[{"taxonomy":"product_brand","embeddable":true,"href":"https:\/\/transparentgift.com\/fr\/wp-json\/wp\/v2\/product_brand?post=500262"},{"taxonomy":"product_cat","embeddable":true,"href":"https:\/\/transparentgift.com\/fr\/wp-json\/wp\/v2\/product_cat?post=500262"},{"taxonomy":"product_tag","embeddable":true,"href":"https:\/\/transparentgift.com\/fr\/wp-json\/wp\/v2\/product_tag?post=500262"},{"taxonomy":"ai-category","embeddable":true,"href":"https:\/\/transparentgift.com\/fr\/wp-json\/wp\/v2\/ai-category?post=500262"}],"curies":[{"name":"wp","href":"https:\/\/api.w.org\/{rel}","templated":true}]}}