{"id":500413,"date":"2026-02-10T00:25:46","date_gmt":"2026-02-09T23:25:46","guid":{"rendered":"https:\/\/transparentgift.com\/fr\/?post_type=product&#038;p=500413"},"modified":"2026-05-14T16:20:50","modified_gmt":"2026-05-14T14:20:50","slug":"lampe-multicolore-personnalisee-pour-grand-mere","status":"publish","type":"product","link":"https:\/\/transparentgift.com\/fr\/lampe-multicolore-personnalisee-pour-grand-mere\/","title":{"rendered":"Lampe multicolore personnalis\u00e9e pour Grand-m\u00e8re"},"content":{"rendered":"<p>D\u00e9diez cette <strong>lampe personnalis\u00e9e<\/strong> \u00e0 votre grand-m\u00e8re lors d\u2019une occasion sp\u00e9ciale. Vous pourrez ajouter quatre photos et un message plein d\u2019\u00e9motion. C\u2019est le cadeau le plus original que vous puissiez offrir pour son anniversaire, pour No\u00ebl ou pour lui montrer votre affection lors de toute c\u00e9l\u00e9bration. Quoi qu\u2019il en soit, l\u2019\u00e9motion est garantie !<\/p>\n<p>Cette plaque lumineuse est enti\u00e8rement personnalisable. Commencez par ajouter un message ou une d\u00e9dicace \u00e9motive qui appara\u00eetra sous le design. Ensuite, s\u00e9lectionnez le destinataire et, selon votre choix, le mot \u00ab grand-m\u00e8re \u00bb sera grav\u00e9 en lettres roses. Il ne vous restera plus qu\u2019\u00e0 choisir ces quatre photos repr\u00e9sentant des moments sp\u00e9ciaux.<\/p>\n<p>La plaque de la lampe est fabriqu\u00e9e en m\u00e9thacrylate de haute qualit\u00e9, lui offrant r\u00e9sistance et durabilit\u00e9. La base sur laquelle elle repose est en bois, et vous pouvez y faire graver un message suppl\u00e9mentaire moyennant un petit suppl\u00e9ment. Votre grand-m\u00e8re pourra la placer sur n\u2019importe quelle surface pour d\u00e9corer et illuminer l\u2019espace, gr\u00e2ce \u00e0 sa lumi\u00e8re douce activ\u00e9e par un interrupteur marche\/arr\u00eat.<\/p>\n<p>Ne passez pas \u00e0 c\u00f4t\u00e9 du meilleur cadeau pour votre grand-m\u00e8re. Personnalisez la lampe selon ses go\u00fbts et laissez-la la placer sur une \u00e9tag\u00e8re, sa table de chevet ou l\u2019endroit de son choix. Elle se sentira la grand-m\u00e8re la plus chanceuse du monde !<\/p>\n<p><strong>Caract\u00e9ristiques :<\/strong><\/p>\n<ul>\n<li>Dimensions : 17 \u00d7 14,5 cm<\/li>\n<li>Mat\u00e9riaux :\n<ul>\n<li>Plaque : m\u00e9thacrylate de haute qualit\u00e9.<\/li>\n<li>Base : bois de haute qualit\u00e9.<\/li>\n<\/ul>\n<\/li>\n<li>Inclus : lumi\u00e8re LED RGB, c\u00e2ble USB, packaging avec bo\u00eete cadeau.<\/li>\n<li>Entretien : nettoyage facile \u00e0 l\u2019aide de la lingette fournie.<\/li>\n<\/ul>\n","protected":false},"excerpt":{"rendered":"<p>D\u00e9diez cette lampe personnalis\u00e9e \u00e0 votre grand-m\u00e8re lors d\u2019une occasion sp\u00e9ciale. Vous pourre [&#8230;]<\/p>\n","protected":false},"featured_media":500416,"comment_status":"open","ping_status":"closed","template":"","meta":{"_acf_changed":false},"product_brand":[],"product_cat":[1682],"product_tag":[1699],"class_list":{"0":"post-500413","1":"product","2":"type-product","3":"status-publish","4":"has-post-thumbnail","6":"product_cat-lampes-personnalisees","7":"product_tag-grands-parents","9":"first","10":"instock","11":"sale","12":"taxable","13":"shipping-taxable","14":"purchasable","15":"product-type-simple"},"acf":[],"df_price":20.99,"df_sale_price":20.99,"df_regular_price":34.99,"df_image_link":"https:\/\/transparentgift.com\/fr\/wp-content\/uploads\/2026\/02\/1-3-1-300x300.jpg","_links":{"self":[{"href":"https:\/\/transparentgift.com\/fr\/wp-json\/wp\/v2\/product\/500413","targetHints":{"allow":["GET"]}}],"collection":[{"href":"https:\/\/transparentgift.com\/fr\/wp-json\/wp\/v2\/product"}],"about":[{"href":"https:\/\/transparentgift.com\/fr\/wp-json\/wp\/v2\/types\/product"}],"replies":[{"embeddable":true,"href":"https:\/\/transparentgift.com\/fr\/wp-json\/wp\/v2\/comments?post=500413"}],"wp:featuredmedia":[{"embeddable":true,"href":"https:\/\/transparentgift.com\/fr\/wp-json\/wp\/v2\/media\/500416"}],"wp:attachment":[{"href":"https:\/\/transparentgift.com\/fr\/wp-json\/wp\/v2\/media?parent=500413"}],"wp:term":[{"taxonomy":"product_brand","embeddable":true,"href":"https:\/\/transparentgift.com\/fr\/wp-json\/wp\/v2\/product_brand?post=500413"},{"taxonomy":"product_cat","embeddable":true,"href":"https:\/\/transparentgift.com\/fr\/wp-json\/wp\/v2\/product_cat?post=500413"},{"taxonomy":"product_tag","embeddable":true,"href":"https:\/\/transparentgift.com\/fr\/wp-json\/wp\/v2\/product_tag?post=500413"}],"curies":[{"name":"wp","href":"https:\/\/api.w.org\/{rel}","templated":true}]}}