{"id":500591,"date":"2026-02-17T00:55:10","date_gmt":"2026-02-16T23:55:10","guid":{"rendered":"https:\/\/transparentgift.com\/fr\/lampe-papa-avec-quatre-photos-et-texte-personnalisee\/"},"modified":"2026-03-12T02:47:03","modified_gmt":"2026-03-12T01:47:03","slug":"lampe-papa-avec-quatre-photos-et-texte-personnalisee","status":"publish","type":"product","link":"https:\/\/transparentgift.com\/fr\/lampe-papa-avec-quatre-photos-et-texte-personnalisee\/","title":{"rendered":"Lampe Papa avec Quatre Photos et Texte personnalis\u00e9e"},"content":{"rendered":"<p><strong>Lampe Papa avec Quatre Photos et Texte personnalis\u00e9e<\/strong>. Un hommage lumineux et \u00e9mouvant pour les \u00eatres chers.<\/p>\n<p>Cette lampe personnalis\u00e9e se distingue par sa capacit\u00e9 \u00e0 capturer des souvenirs sp\u00e9ciaux avec des photos et des messages uniques, devenant ainsi un cadeau inoubliable.<\/p>\n<p>Id\u00e9ale \u00e0 offrir aux papas, grands-p\u00e8res ou \u00e0 tout \u00eatre cher lors d\u2019occasions sp\u00e9ciales comme les anniversaires, la F\u00eate des P\u00e8res ou No\u00ebl. Parfaite pour surprendre et d\u00e9corer n\u2019importe quel coin de la maison avec une touche personnelle.<\/p>\n<h4><strong>Caract\u00e9ristiques :<\/strong><\/h4>\n<ul>\n<li>Taille : 17 x 14,5 x 4,5 cm<\/li>\n<li>Mat\u00e9riau :\n<ul>\n<li>Plaque : M\u00e9thacrylate de haute qualit\u00e9.<\/li>\n<li>Base : Bois de haute qualit\u00e9.<\/li>\n<\/ul>\n<\/li>\n<li>Comprend : Lumi\u00e8re LED chaude. C\u00e2ble USB. Emballage avec bo\u00eete cadeau.<\/li>\n<li>Entretien : Se nettoie facilement \u00e0 l\u2019aide de la lingette incluse.<\/li>\n<\/ul>\n","protected":false},"excerpt":{"rendered":"<p>Lampe Papa avec Quatre Photos et Texte personnalis\u00e9e. Un hommage lumineux et \u00e9mouvant pour les \u00eat [&#8230;]<\/p>\n","protected":false},"featured_media":500656,"comment_status":"open","ping_status":"closed","template":"","meta":{"_acf_changed":false},"product_brand":[],"product_cat":[1682],"product_tag":[1681],"class_list":{"0":"post-500591","1":"product","2":"type-product","3":"status-publish","4":"has-post-thumbnail","6":"product_cat-lampes-personnalisees","7":"product_tag-peres","9":"first","10":"instock","11":"sale","12":"taxable","13":"shipping-taxable","14":"purchasable","15":"product-type-simple"},"acf":[],"df_price":20.99,"df_sale_price":20.99,"df_regular_price":34.99,"df_image_link":"https:\/\/transparentgift.com\/fr\/wp-content\/uploads\/2026\/02\/lampara-papaBLANCO-1-300x300.jpg","_links":{"self":[{"href":"https:\/\/transparentgift.com\/fr\/wp-json\/wp\/v2\/product\/500591","targetHints":{"allow":["GET"]}}],"collection":[{"href":"https:\/\/transparentgift.com\/fr\/wp-json\/wp\/v2\/product"}],"about":[{"href":"https:\/\/transparentgift.com\/fr\/wp-json\/wp\/v2\/types\/product"}],"replies":[{"embeddable":true,"href":"https:\/\/transparentgift.com\/fr\/wp-json\/wp\/v2\/comments?post=500591"}],"wp:featuredmedia":[{"embeddable":true,"href":"https:\/\/transparentgift.com\/fr\/wp-json\/wp\/v2\/media\/500656"}],"wp:attachment":[{"href":"https:\/\/transparentgift.com\/fr\/wp-json\/wp\/v2\/media?parent=500591"}],"wp:term":[{"taxonomy":"product_brand","embeddable":true,"href":"https:\/\/transparentgift.com\/fr\/wp-json\/wp\/v2\/product_brand?post=500591"},{"taxonomy":"product_cat","embeddable":true,"href":"https:\/\/transparentgift.com\/fr\/wp-json\/wp\/v2\/product_cat?post=500591"},{"taxonomy":"product_tag","embeddable":true,"href":"https:\/\/transparentgift.com\/fr\/wp-json\/wp\/v2\/product_tag?post=500591"}],"curies":[{"name":"wp","href":"https:\/\/api.w.org\/{rel}","templated":true}]}}