{"id":500594,"date":"2026-02-17T00:55:13","date_gmt":"2026-02-16T23:55:13","guid":{"rendered":"https:\/\/transparentgift.com\/fr\/porte-cles-avec-photos-dans-les-lettres-papa-personnalise\/"},"modified":"2026-03-02T09:35:06","modified_gmt":"2026-03-02T08:35:06","slug":"porte-cles-avec-photos-dans-les-lettres-papa-personnalise","status":"publish","type":"product","link":"https:\/\/transparentgift.com\/fr\/porte-cles-avec-photos-dans-les-lettres-papa-personnalise\/","title":{"rendered":"Porte-cl\u00e9s avec Photos dans les lettres Papa personnalis\u00e9"},"content":{"rendered":"<p><strong>Porte-cl\u00e9s avec Photos dans les lettres Papa personnalis\u00e9<\/strong>. Un d\u00e9tail \u00e9mouvant et fonctionnel qui refl\u00e8te tout l\u2019amour pour papa.<\/p>\n<p>Ce porte-cl\u00e9s unique vous permet de choisir quatre photos sp\u00e9ciales int\u00e9gr\u00e9es dans les lettres du mot PAPA, devenant ainsi un souvenir personnalis\u00e9 charg\u00e9 de sens. Un cadeau original et personnel qui surprendra par sa valeur sentimentale.<\/p>\n<p>Parfait \u00e0 offrir pour la F\u00eate des P\u00e8res, son anniversaire, No\u00ebl ou toute autre occasion sp\u00e9ciale. Con\u00e7u pour les papas qui appr\u00e9cient les d\u00e9tails personnalis\u00e9s et souhaitent garder toujours avec eux ces moments uniques. Un accessoire pratique qui, en plus, transmet affection et gratitude \u00e0 chaque utilisation.<\/p>\n<h4><strong>Caract\u00e9ristiques :<\/strong><\/h4>\n<ul>\n<li>Dimensions : 8 x 2,5 cm<\/li>\n<li>Mat\u00e9riau : M\u00e9thacrylate de haute qualit\u00e9<\/li>\n<li>Comprend : Cha\u00eene m\u00e9tallique avec finition couleur argent<\/li>\n<\/ul>\n","protected":false},"excerpt":{"rendered":"<p>Porte-cl\u00e9s avec Photos dans les lettres Papa personnalis\u00e9. Un d\u00e9tail \u00e9mouvant et fonctionnel qui [&#8230;]<\/p>\n","protected":false},"featured_media":500654,"comment_status":"open","ping_status":"closed","template":"","meta":{"_acf_changed":false},"product_brand":[],"product_cat":[1679],"product_tag":[1681],"ai-category":[1764],"class_list":{"0":"post-500594","1":"product","2":"type-product","3":"status-publish","4":"has-post-thumbnail","6":"product_cat-porte-cles-personnalises","7":"product_tag-peres","8":"ai-category-llaveros-personalizados","10":"first","11":"instock","12":"taxable","13":"shipping-taxable","14":"purchasable","15":"product-type-simple"},"acf":[],"df_price":15.99,"df_sale_price":"","df_regular_price":15.99,"df_image_link":"https:\/\/transparentgift.com\/fr\/wp-content\/uploads\/2026\/02\/Llavero-Papa-1-300x300.jpg","_links":{"self":[{"href":"https:\/\/transparentgift.com\/fr\/wp-json\/wp\/v2\/product\/500594","targetHints":{"allow":["GET"]}}],"collection":[{"href":"https:\/\/transparentgift.com\/fr\/wp-json\/wp\/v2\/product"}],"about":[{"href":"https:\/\/transparentgift.com\/fr\/wp-json\/wp\/v2\/types\/product"}],"replies":[{"embeddable":true,"href":"https:\/\/transparentgift.com\/fr\/wp-json\/wp\/v2\/comments?post=500594"}],"wp:featuredmedia":[{"embeddable":true,"href":"https:\/\/transparentgift.com\/fr\/wp-json\/wp\/v2\/media\/500654"}],"wp:attachment":[{"href":"https:\/\/transparentgift.com\/fr\/wp-json\/wp\/v2\/media?parent=500594"}],"wp:term":[{"taxonomy":"product_brand","embeddable":true,"href":"https:\/\/transparentgift.com\/fr\/wp-json\/wp\/v2\/product_brand?post=500594"},{"taxonomy":"product_cat","embeddable":true,"href":"https:\/\/transparentgift.com\/fr\/wp-json\/wp\/v2\/product_cat?post=500594"},{"taxonomy":"product_tag","embeddable":true,"href":"https:\/\/transparentgift.com\/fr\/wp-json\/wp\/v2\/product_tag?post=500594"},{"taxonomy":"ai-category","embeddable":true,"href":"https:\/\/transparentgift.com\/fr\/wp-json\/wp\/v2\/ai-category?post=500594"}],"curies":[{"name":"wp","href":"https:\/\/api.w.org\/{rel}","templated":true}]}}