{"id":500597,"date":"2026-02-17T00:55:17","date_gmt":"2026-02-16T23:55:17","guid":{"rendered":"https:\/\/transparentgift.com\/fr\/tasse-personnages-avec-texte-personnalisee\/"},"modified":"2026-05-14T16:08:39","modified_gmt":"2026-05-14T14:08:39","slug":"tasse-avec-personnages-et-texte-personnalisee","status":"publish","type":"product","link":"https:\/\/transparentgift.com\/fr\/tasse-avec-personnages-et-texte-personnalisee\/","title":{"rendered":"Tasse avec personnages et Texte personnalis\u00e9e"},"content":{"rendered":"<p><strong>Tasse Personnages avec Texte personnalis\u00e9e<\/strong>. Un cadeau unique qui capture des moments pr\u00e9cieux avec l\u2019\u00eatre cher.<\/p>\n<p>Cette tasse offre la possibilit\u00e9 de personnaliser de 1 \u00e0 5 personnages avec un pr\u00e9nom chacun et des textes, devenant ainsi un d\u00e9tail inoubliable. Id\u00e9ale pour un anniversaire, No\u00ebl, la F\u00eate des M\u00e8res ou la F\u00eate des P\u00e8res, c\u2019est le cadeau parfait pour ceux qui souhaitent exprimer leur amour de mani\u00e8re originale.<\/p>\n<p>Parfaite pour transformer les petits-d\u00e9jeuners et les go\u00fbters en moments inoubliables.<\/p>\n<h4><strong>Caract\u00e9ristiques :<\/strong><\/h4>\n<ul>\n<li>Taille : 9,5 x 8 cm<\/li>\n<li>Mat\u00e9riau : C\u00e9ramique.<\/li>\n<li>Capacit\u00e9 : 333 ml.<\/li>\n<li>Entretien : Compatible micro-ondes et lave-vaisselle.<\/li>\n<\/ul>\n","protected":false},"excerpt":{"rendered":"<p>Tasse Personnages avec Texte personnalis\u00e9e. Un cadeau unique qui capture des moments pr\u00e9cieux avec [&#8230;]<\/p>\n","protected":false},"featured_media":501065,"comment_status":"open","ping_status":"closed","template":"","meta":{"_acf_changed":false},"product_brand":[],"product_cat":[1830],"product_tag":[1681],"class_list":{"0":"post-500597","1":"product","2":"type-product","3":"status-publish","4":"has-post-thumbnail","6":"product_cat-tasses-personnalisees","7":"product_tag-peres","9":"first","10":"instock","11":"taxable","12":"shipping-taxable","13":"purchasable","14":"product-type-simple"},"acf":[],"df_price":14.99,"df_sale_price":"","df_regular_price":14.99,"df_image_link":"https:\/\/transparentgift.com\/fr\/wp-content\/uploads\/2026\/03\/Mesa-de-trabajo-1-300x300.jpg","_links":{"self":[{"href":"https:\/\/transparentgift.com\/fr\/wp-json\/wp\/v2\/product\/500597","targetHints":{"allow":["GET"]}}],"collection":[{"href":"https:\/\/transparentgift.com\/fr\/wp-json\/wp\/v2\/product"}],"about":[{"href":"https:\/\/transparentgift.com\/fr\/wp-json\/wp\/v2\/types\/product"}],"replies":[{"embeddable":true,"href":"https:\/\/transparentgift.com\/fr\/wp-json\/wp\/v2\/comments?post=500597"}],"wp:featuredmedia":[{"embeddable":true,"href":"https:\/\/transparentgift.com\/fr\/wp-json\/wp\/v2\/media\/501065"}],"wp:attachment":[{"href":"https:\/\/transparentgift.com\/fr\/wp-json\/wp\/v2\/media?parent=500597"}],"wp:term":[{"taxonomy":"product_brand","embeddable":true,"href":"https:\/\/transparentgift.com\/fr\/wp-json\/wp\/v2\/product_brand?post=500597"},{"taxonomy":"product_cat","embeddable":true,"href":"https:\/\/transparentgift.com\/fr\/wp-json\/wp\/v2\/product_cat?post=500597"},{"taxonomy":"product_tag","embeddable":true,"href":"https:\/\/transparentgift.com\/fr\/wp-json\/wp\/v2\/product_tag?post=500597"}],"curies":[{"name":"wp","href":"https:\/\/api.w.org\/{rel}","templated":true}]}}