{"id":500599,"date":"2026-02-17T00:55:19","date_gmt":"2026-02-16T23:55:19","guid":{"rendered":"https:\/\/transparentgift.com\/fr\/boite-de-douceurs-personnages-avec-texte-personnalisee\/"},"modified":"2026-03-02T09:34:57","modified_gmt":"2026-03-02T08:34:57","slug":"boite-de-douceurs-personnages-avec-texte-personnalisee","status":"publish","type":"product","link":"https:\/\/transparentgift.com\/fr\/boite-de-douceurs-personnages-avec-texte-personnalisee\/","title":{"rendered":"Bo\u00eete de Douceurs Personnages avec Texte personnalis\u00e9e"},"content":{"rendered":"<p><strong>Surprenez avec la Bo\u00eete de Douceurs Personnages avec Texte personnalis\u00e9e<\/strong>. Un cadeau unique qui allie gourmandise et personnalisation pour des moments sp\u00e9ciaux.<\/p>\n<p>Cette bo\u00eete offre la possibilit\u00e9 de personnaliser de 1 \u00e0 5 personnages avec un pr\u00e9nom chacun et des textes, devenant ainsi un d\u00e9tail inoubliable. Id\u00e9ale pour un anniversaire, No\u00ebl, la F\u00eate des M\u00e8res ou la F\u00eate des P\u00e8res, c\u2019est le cadeau parfait pour ceux qui souhaitent exprimer leur amour de mani\u00e8re originale.<\/p>\n<p>Destin\u00e9e aux couples, amis et membres de la famille, cette bo\u00eete est parfaite pour c\u00e9l\u00e9brer des occasions sp\u00e9ciales ou comme douce attention au quotidien. Imaginez l\u2019\u00e9motion de l\u2019ouvrir et de d\u00e9couvrir un message personnel accompagn\u00e9 de d\u00e9licieuses douceurs.<\/p>\n<h4><strong>Caract\u00e9ristiques :<\/strong><\/h4>\n<ul>\n<li>Taille :\n<ul>\n<li>Petite : 15 x 15 x 2,5 cm<\/li>\n<li>Grande : 28 x 18,5 x 2,5 cm<\/li>\n<\/ul>\n<\/li>\n<li>Mat\u00e9riau : Carton de haute qualit\u00e9.<\/li>\n<li>Contenu :\n<ul>\n<li>Petite : 9 chocolats.<\/li>\n<li>Grande : Bonbons g\u00e9lifi\u00e9s multicolores ou bonbons g\u00e9lifi\u00e9s en forme de c\u0153ur.<\/li>\n<\/ul>\n<\/li>\n<\/ul>\n<p><strong>BO\u00ceTE BONBONS G\u00c9LIFI\u00c9S C\u0152URS<\/strong><\/p>\n<p><strong>Ingr\u00e9dients :<\/strong><br \/>\nSirop de glucose, sucre, eau, g\u00e9latine, humectant : E420, acidifiants : E330, E270, ar\u00f4mes, correcteur d\u2019acidit\u00e9 : E325, colorants : E129.<\/p>\n<table style=\"border-collapse: collapse; width: 100%; max-width: 400px;\" border=\"1\">\n<thead>\n<tr>\n<th style=\"padding: 6px;\">Nutriment<\/th>\n<th style=\"padding: 6px;\">Pour 100 g de m\u00e9lange<\/th>\n<\/tr>\n<\/thead>\n<tbody>\n<tr>\n<td style=\"padding: 6px;\">Valeur \u00e9nerg\u00e9tique<\/td>\n<td style=\"padding: 6px;\">1.459 kJ \/ 345 kcal<\/td>\n<\/tr>\n<tr>\n<td style=\"padding: 6px;\">Mati\u00e8res grasses<\/td>\n<td style=\"padding: 6px;\">0,2 g<\/td>\n<\/tr>\n<tr>\n<td style=\"padding: 6px;\">\u2014 dont acides gras satur\u00e9s<\/td>\n<td style=\"padding: 6px;\">0,1 g<\/td>\n<\/tr>\n<tr>\n<td style=\"padding: 6px;\">Glucides<\/td>\n<td style=\"padding: 6px;\">79,5 g<\/td>\n<\/tr>\n<tr>\n<td style=\"padding: 6px;\">\u2014 dont sucres<\/td>\n<td style=\"padding: 6px;\">49,4 g<\/td>\n<\/tr>\n<tr>\n<td style=\"padding: 6px;\">Prot\u00e9ines<\/td>\n<td style=\"padding: 6px;\">4,5 g<\/td>\n<\/tr>\n<tr>\n<td style=\"padding: 6px;\">Sel<\/td>\n<td style=\"padding: 6px;\">0,02 g<\/td>\n<\/tr>\n<\/tbody>\n<\/table>\n<div style=\"font-family: sans-serif; line-height: 1.6; max-width: 600px;\">\n<p><strong>BO\u00ceTE BONBONS G\u00c9LIFI\u00c9S MULTICOLORES<\/strong><\/p>\n<p><strong>Ingr\u00e9dients :<\/strong><br \/>\nSirop de glucose, sucre, eau, g\u00e9latine, humectant : E420, acidifiants : E330, E270, g\u00e9lifiant : pectine, ar\u00f4mes, correcteur d\u2019acidit\u00e9 : E325, colorants : E129<\/p>\n<table style=\"border-collapse: collapse; width: 100%;\" border=\"1\">\n<thead>\n<tr>\n<th style=\"padding: 6px; text-align: left;\">Nutriment<\/th>\n<th style=\"padding: 6px; text-align: left;\">Valeur pour 100 g<\/th>\n<\/tr>\n<\/thead>\n<tbody>\n<tr>\n<td style=\"padding: 6px;\">Valeur \u00e9nerg\u00e9tique<\/td>\n<td style=\"padding: 6px;\">1.441 kJ \/ 344 kcal<\/td>\n<\/tr>\n<tr>\n<td style=\"padding: 6px;\">Mati\u00e8res grasses<\/td>\n<td style=\"padding: 6px;\">0,2 g<\/td>\n<\/tr>\n<tr>\n<td style=\"padding: 6px;\">\u2014 dont acides gras satur\u00e9s<\/td>\n<td style=\"padding: 6px;\">0,1 g<\/td>\n<\/tr>\n<tr>\n<td style=\"padding: 6px;\">Glucides<\/td>\n<td style=\"padding: 6px;\">80,2 g<\/td>\n<\/tr>\n<tr>\n<td style=\"padding: 6px;\">\u2014 dont sucres<\/td>\n<td style=\"padding: 6px;\">49,7 g<\/td>\n<\/tr>\n<tr>\n<td style=\"padding: 6px;\">Prot\u00e9ines<\/td>\n<td style=\"padding: 6px;\">3,8 g<\/td>\n<\/tr>\n<tr>\n<td style=\"padding: 6px;\">Sel<\/td>\n<td style=\"padding: 6px;\">0,02 g<\/td>\n<\/tr>\n<\/tbody>\n<\/table>\n<\/div>\n<div style=\"font-family: sans-serif; line-height: 1.6; max-width: 700px;\">\n<p><strong>BO\u00ceTE CHOCOLATS KINDER<\/strong><\/p>\n<p><strong>Schoko-Bons :<\/strong> Chocolat au lait extra-fin 50% (sucre, lait entier en poudre, beurre de cacao, p\u00e2te de cacao, \u00e9mulsifiants : l\u00e9cithines (soja), ar\u00f4mes), sucre. Lait \u00e9cr\u00e9m\u00e9 en poudre, huile de palme, noisettes (5,8%), beurre concentr\u00e9, chocolat noir (sucre, p\u00e2te de cacao, beurre de cacao, \u00e9mulsifiants : l\u00e9cithines (soja) ; ar\u00f4mes), agents d\u2019enrobage (gomme arabique, gomme laque), sirop de glucose, \u00e9mulsifiants : l\u00e9cithines (soja), ar\u00f4mes.<br \/>\n<em>Sur le total : produits laitiers : 28 %, cacao : 16,5 %.<\/em><\/p>\n<p><strong>Kinder Bueno :<\/strong> Chocolat au lait 31% (sucre, beurre de cacao, p\u00e2te de cacao, lait \u00e9cr\u00e9m\u00e9 en poudre, beurre concentr\u00e9, \u00e9mulsifiants : l\u00e9cithines (soja) ; vanille), sucre, huile de palme, farine de bl\u00e9, noisettes 10,8%, lait \u00e9cr\u00e9m\u00e9 en poudre, lait entier en poudre, chocolat noir (sucre, p\u00e2te de cacao, beurre de cacao, \u00e9mulsifiants : l\u00e9cithines (soja) ; vanille), cacao maigre en poudre, \u00e9mulsifiants : l\u00e9cithines (soja) ; agent levant (carbonate acide de sodium), sel, vanille.<br \/>\n<em>Sur le total : produits laitiers 19 %.<\/em><\/p>\n<p><strong>Mini Kinder Chocolate :<\/strong><br \/>\nChocolat au LAIT extra-fin 40% (sucre, LAIT entier en poudre, beurre de cacao, p\u00e2te de cacao, \u00e9mulsifiants : l\u00e9cithines (SOJA), vanilline), sucre, LAIT \u00e9cr\u00e9m\u00e9 en poudre, huile de palme, BEURRE concentr\u00e9, \u00e9mulsifiants : l\u00e9cithines (SOJA), vanilline.<br \/>\n<em>Sur le total : produits laitiers 33 % (lait \u00e9cr\u00e9m\u00e9 en poudre, lait entier en poudre : 27,5 %, beurre concentr\u00e9 5,5 %) &#8211; cacao 13 %.<\/em><\/p>\n<p><strong>SANS GLUTEN<\/strong><\/p>\n<table style=\"border-collapse: collapse; width: 100%;\" border=\"1\">\n<thead>\n<tr>\n<th style=\"padding: 6px; text-align: left;\">Nutriment<\/th>\n<th style=\"padding: 6px; text-align: left;\">Valeur pour 100 g<\/th>\n<\/tr>\n<\/thead>\n<tbody>\n<tr>\n<td style=\"padding: 6px;\">Valeur \u00e9nerg\u00e9tique<\/td>\n<td style=\"padding: 6px;\">2.367 kJ \/ 566 kcal<\/td>\n<\/tr>\n<tr>\n<td style=\"padding: 6px;\">Mati\u00e8res grasses<\/td>\n<td style=\"padding: 6px;\">35,1 g<\/td>\n<\/tr>\n<tr>\n<td style=\"padding: 6px;\">\u2014 dont acides gras satur\u00e9s<\/td>\n<td style=\"padding: 6px;\">21,6 g<\/td>\n<\/tr>\n<tr>\n<td style=\"padding: 6px;\">Glucides<\/td>\n<td style=\"padding: 6px;\">51,6 g<\/td>\n<\/tr>\n<tr>\n<td style=\"padding: 6px;\">\u2014 dont sucres<\/td>\n<td style=\"padding: 6px;\">51,7 g<\/td>\n<\/tr>\n<tr>\n<td style=\"padding: 6px;\">Prot\u00e9ines<\/td>\n<td style=\"padding: 6px;\">7,8 g<\/td>\n<\/tr>\n<tr>\n<td style=\"padding: 6px;\">Sel<\/td>\n<td style=\"padding: 6px;\">0,2 g<\/td>\n<\/tr>\n<\/tbody>\n<\/table>\n<\/div>\n<hr style=\"margin: 30px 0;\" \/>\n<p><strong>BO\u00ceTE BONBONS G\u00c9LIFI\u00c9S<\/strong><\/p>\n<p><strong>Ingr\u00e9dients :<\/strong><br \/>\nSirop de glucose, sucre, eau, g\u00e9latine, humectant : E420, acidifiants : E330, E270, g\u00e9lifiant : pectine, ar\u00f4mes, correcteur d\u2019acidit\u00e9 : E325, colorants : E129<\/p>\n<table style=\"border-collapse: collapse; width: 100%;\" border=\"1\">\n<thead>\n<tr>\n<th style=\"padding: 6px; text-align: left;\">Nutriment<\/th>\n<th style=\"padding: 6px; text-align: left;\">Valeur pour 100 g<\/th>\n<\/tr>\n<\/thead>\n<tbody>\n<tr>\n<td style=\"padding: 6px;\">Valeur \u00e9nerg\u00e9tique<\/td>\n<td style=\"padding: 6px;\">1.490 kJ \/ 356 kcal<\/td>\n<\/tr>\n<tr>\n<td style=\"padding: 6px;\">Mati\u00e8res grasses<\/td>\n<td style=\"padding: 6px;\">0,3 g<\/td>\n<\/tr>\n<tr>\n<td style=\"padding: 6px;\">\u2014 dont acides gras satur\u00e9s<\/td>\n<td style=\"padding: 6px;\">0,1 g<\/td>\n<\/tr>\n<tr>\n<td style=\"padding: 6px;\">Glucides<\/td>\n<td style=\"padding: 6px;\">81,6 g<\/td>\n<\/tr>\n<tr>\n<td style=\"padding: 6px;\">\u2014 dont sucres<\/td>\n<td style=\"padding: 6px;\">52,3 g<\/td>\n<\/tr>\n<tr>\n<td style=\"padding: 6px;\">Prot\u00e9ines<\/td>\n<td style=\"padding: 6px;\">5,9 g<\/td>\n<\/tr>\n<tr>\n<td style=\"padding: 6px;\">Sel<\/td>\n<td style=\"padding: 6px;\">0,2 g<\/td>\n<\/tr>\n<\/tbody>\n<\/table>\n","protected":false},"excerpt":{"rendered":"<p>Surprenez avec la Bo\u00eete de Douceurs Personnages avec Texte personnalis\u00e9e. Un cadeau unique qui all [&#8230;]<\/p>\n","protected":false},"featured_media":500695,"comment_status":"open","ping_status":"closed","template":"","meta":{"_acf_changed":false},"product_brand":[],"product_cat":[1722],"product_tag":[1681],"ai-category":[1754],"class_list":{"0":"post-500599","1":"product","2":"type-product","3":"status-publish","4":"has-post-thumbnail","6":"product_cat-bonbons-et-chocolats-personnalises","7":"product_tag-peres","8":"ai-category-chuches-y-bombones-personalizados","10":"first","11":"instock","12":"taxable","13":"shipping-taxable","14":"purchasable","15":"product-type-simple"},"acf":[],"df_price":14.99,"df_sale_price":"","df_regular_price":14.99,"df_image_link":"https:\/\/transparentgift.com\/fr\/wp-content\/uploads\/2026\/02\/CAJA-CHUCHES-MUNECOS-1-300x300.jpg","_links":{"self":[{"href":"https:\/\/transparentgift.com\/fr\/wp-json\/wp\/v2\/product\/500599","targetHints":{"allow":["GET"]}}],"collection":[{"href":"https:\/\/transparentgift.com\/fr\/wp-json\/wp\/v2\/product"}],"about":[{"href":"https:\/\/transparentgift.com\/fr\/wp-json\/wp\/v2\/types\/product"}],"replies":[{"embeddable":true,"href":"https:\/\/transparentgift.com\/fr\/wp-json\/wp\/v2\/comments?post=500599"}],"wp:featuredmedia":[{"embeddable":true,"href":"https:\/\/transparentgift.com\/fr\/wp-json\/wp\/v2\/media\/500695"}],"wp:attachment":[{"href":"https:\/\/transparentgift.com\/fr\/wp-json\/wp\/v2\/media?parent=500599"}],"wp:term":[{"taxonomy":"product_brand","embeddable":true,"href":"https:\/\/transparentgift.com\/fr\/wp-json\/wp\/v2\/product_brand?post=500599"},{"taxonomy":"product_cat","embeddable":true,"href":"https:\/\/transparentgift.com\/fr\/wp-json\/wp\/v2\/product_cat?post=500599"},{"taxonomy":"product_tag","embeddable":true,"href":"https:\/\/transparentgift.com\/fr\/wp-json\/wp\/v2\/product_tag?post=500599"},{"taxonomy":"ai-category","embeddable":true,"href":"https:\/\/transparentgift.com\/fr\/wp-json\/wp\/v2\/ai-category?post=500599"}],"curies":[{"name":"wp","href":"https:\/\/api.w.org\/{rel}","templated":true}]}}