{"id":500605,"date":"2026-02-17T00:55:25","date_gmt":"2026-02-16T23:55:25","guid":{"rendered":"https:\/\/transparentgift.com\/fr\/tablier-papa-avec-photos-personnalise\/"},"modified":"2026-03-09T04:01:23","modified_gmt":"2026-03-09T03:01:23","slug":"tablier-papa-avec-photos-personnalise","status":"publish","type":"product","link":"https:\/\/transparentgift.com\/fr\/tablier-papa-avec-photos-personnalise\/","title":{"rendered":"Tablier Papa avec Photos personnalis\u00e9"},"content":{"rendered":"<p><strong>Tablier Papa avec Photos personnalis\u00e9<\/strong>. Un cadeau unique qui allie fonctionnalit\u00e9 et \u00e9motion pour le chef de la maison.<\/p>\n<p>Ce tablier se distingue par sa capacit\u00e9 de personnalisation, vous permettant d\u2019ajouter des photos qui capturent des moments sp\u00e9ciaux, le transformant en un souvenir pr\u00e9cieux.<\/p>\n<p>Id\u00e9al pour les papas passionn\u00e9s de cuisine, ce tablier est parfait pour la F\u00eate des P\u00e8res, un anniversaire ou No\u00ebl. Imaginez le sourire de papa en recevant un cadeau aussi personnel et significatif qui c\u00e9l\u00e8bre sa passion pour la cuisine.<\/p>\n<h4><strong>Caract\u00e9ristiques :<\/strong><\/h4>\n<ul>\n<li>Taille : 86 x 63 cm<\/li>\n<li>Mat\u00e9riau : Polyester.<\/li>\n<li>Inclus : Poche frontale. Avec lien arri\u00e8re pour nouer \u00e0 la taille.<\/li>\n<li>Entretien : Lavable en machine. Ne pas s\u00e9cher en machine. Ne pas laver \u00e0 plus de 30 degr\u00e9s. Ne pas utiliser d\u2019eau de Javel. Repasser \u00e0 basse temp\u00e9rature.<\/li>\n<\/ul>\n","protected":false},"excerpt":{"rendered":"<p>Tablier Papa avec Photos personnalis\u00e9. Un cadeau unique qui allie fonctionnalit\u00e9 et \u00e9motion pour  [&#8230;]<\/p>\n","protected":false},"featured_media":500686,"comment_status":"open","ping_status":"closed","template":"","meta":{"_acf_changed":false},"product_brand":[],"product_cat":[1843],"product_tag":[1681],"ai-category":[1844],"class_list":{"0":"post-500605","1":"product","2":"type-product","3":"status-publish","4":"has-post-thumbnail","6":"product_cat-tabliers-personnalises","7":"product_tag-peres","8":"ai-category-delantales-personalizados","10":"first","11":"instock","12":"taxable","13":"shipping-taxable","14":"purchasable","15":"product-type-simple"},"acf":[],"df_price":20.99,"df_sale_price":"","df_regular_price":20.99,"df_image_link":"https:\/\/transparentgift.com\/fr\/wp-content\/uploads\/2026\/02\/FR-1-300x300.jpg","_links":{"self":[{"href":"https:\/\/transparentgift.com\/fr\/wp-json\/wp\/v2\/product\/500605","targetHints":{"allow":["GET"]}}],"collection":[{"href":"https:\/\/transparentgift.com\/fr\/wp-json\/wp\/v2\/product"}],"about":[{"href":"https:\/\/transparentgift.com\/fr\/wp-json\/wp\/v2\/types\/product"}],"replies":[{"embeddable":true,"href":"https:\/\/transparentgift.com\/fr\/wp-json\/wp\/v2\/comments?post=500605"}],"wp:featuredmedia":[{"embeddable":true,"href":"https:\/\/transparentgift.com\/fr\/wp-json\/wp\/v2\/media\/500686"}],"wp:attachment":[{"href":"https:\/\/transparentgift.com\/fr\/wp-json\/wp\/v2\/media?parent=500605"}],"wp:term":[{"taxonomy":"product_brand","embeddable":true,"href":"https:\/\/transparentgift.com\/fr\/wp-json\/wp\/v2\/product_brand?post=500605"},{"taxonomy":"product_cat","embeddable":true,"href":"https:\/\/transparentgift.com\/fr\/wp-json\/wp\/v2\/product_cat?post=500605"},{"taxonomy":"product_tag","embeddable":true,"href":"https:\/\/transparentgift.com\/fr\/wp-json\/wp\/v2\/product_tag?post=500605"},{"taxonomy":"ai-category","embeddable":true,"href":"https:\/\/transparentgift.com\/fr\/wp-json\/wp\/v2\/ai-category?post=500605"}],"curies":[{"name":"wp","href":"https:\/\/api.w.org\/{rel}","templated":true}]}}