{"id":500615,"date":"2026-02-17T00:55:37","date_gmt":"2026-02-16T23:55:37","guid":{"rendered":"https:\/\/transparentgift.com\/fr\/jarra-de-cerveza-corazon-papa-personalizado\/"},"modified":"2026-04-16T10:52:59","modified_gmt":"2026-04-16T08:52:59","slug":"jarra-de-cerveza-corazon-papa-personalizado","status":"publish","type":"product","link":"https:\/\/transparentgift.com\/fr\/jarra-de-cerveza-corazon-papa-personalizado\/","title":{"rendered":"Chope de bi\u00e8re avec c\u0153ur et texte personnalis\u00e9 pour Papa"},"content":{"rendered":"<p><strong>Un toast plein d\u2019affection pour le meilleur papa<\/strong>. Cette chope de bi\u00e8re personnalis\u00e9e avec c\u0153ur et texte est le d\u00e9tail parfait pour \u00e9mouvoir et surprendre en toute occasion sp\u00e9ciale.<\/p>\n<p>Fabriqu\u00e9e en verre translucide, sa finition effet givr\u00e9 met en valeur la couleur de la boisson et lui apporte une touche originale et \u00e9l\u00e9gante. Le design avec c\u0153ur et message personnalis\u00e9 transforme chaque toast en un moment unique et charg\u00e9 de sens.<\/p>\n<p>C\u2019est un cadeau id\u00e9al pour la F\u00eate des P\u00e8res, un anniversaire ou simplement pour le remercier de tout ce qu\u2019il fait chaque jour. Parfaite pour les papas amateurs de bi\u00e8re qui profitent de leur moment de d\u00e9tente \u00e0 la maison, lors d\u2019un repas en famille ou en regardant leur match pr\u00e9f\u00e9r\u00e9. Une chope personnalis\u00e9e qui associe utilit\u00e9 et \u00e9motion, pens\u00e9e pour devenir sa pr\u00e9f\u00e9r\u00e9e d\u00e8s la premi\u00e8re utilisation.<\/p>\n<h4><strong>Caract\u00e9ristiques :<\/strong><\/h4>\n<ul>\n<li>Taille : 8 cm (largeur) x 15 cm (hauteur)<\/li>\n<li>Diam\u00e8tre : 8 cm<\/li>\n<li>Capacit\u00e9 : 500 ml<\/li>\n<li>Mat\u00e9riau : verre translucide<\/li>\n<li>Compatible lave-vaisselle \/ Non compatible micro-ondes<\/li>\n<\/ul>\n","protected":false},"excerpt":{"rendered":"<p>Un toast plein d\u2019affection pour le meilleur papa. Cette chope de bi\u00e8re personnalis\u00e9e avec c\u0153ur  [&#8230;]<\/p>\n","protected":false},"featured_media":501663,"comment_status":"open","ping_status":"closed","template":"","meta":{"_acf_changed":false},"product_brand":[],"product_cat":[1842],"product_tag":[1681],"ai-category":[1845],"class_list":{"0":"post-500615","1":"product","2":"type-product","3":"status-publish","4":"has-post-thumbnail","6":"product_cat-chopes-a-biere-personnalisees","7":"product_tag-peres","8":"ai-category-jarras-de-cerveza-personalizadas","10":"first","11":"instock","12":"taxable","13":"shipping-taxable","14":"purchasable","15":"product-type-simple"},"acf":[],"df_price":16.99,"df_sale_price":"","df_regular_price":16.99,"df_image_link":"https:\/\/transparentgift.com\/fr\/wp-content\/uploads\/2026\/04\/FR-CAT-1-300x300.jpg","_links":{"self":[{"href":"https:\/\/transparentgift.com\/fr\/wp-json\/wp\/v2\/product\/500615","targetHints":{"allow":["GET"]}}],"collection":[{"href":"https:\/\/transparentgift.com\/fr\/wp-json\/wp\/v2\/product"}],"about":[{"href":"https:\/\/transparentgift.com\/fr\/wp-json\/wp\/v2\/types\/product"}],"replies":[{"embeddable":true,"href":"https:\/\/transparentgift.com\/fr\/wp-json\/wp\/v2\/comments?post=500615"}],"wp:featuredmedia":[{"embeddable":true,"href":"https:\/\/transparentgift.com\/fr\/wp-json\/wp\/v2\/media\/501663"}],"wp:attachment":[{"href":"https:\/\/transparentgift.com\/fr\/wp-json\/wp\/v2\/media?parent=500615"}],"wp:term":[{"taxonomy":"product_brand","embeddable":true,"href":"https:\/\/transparentgift.com\/fr\/wp-json\/wp\/v2\/product_brand?post=500615"},{"taxonomy":"product_cat","embeddable":true,"href":"https:\/\/transparentgift.com\/fr\/wp-json\/wp\/v2\/product_cat?post=500615"},{"taxonomy":"product_tag","embeddable":true,"href":"https:\/\/transparentgift.com\/fr\/wp-json\/wp\/v2\/product_tag?post=500615"},{"taxonomy":"ai-category","embeddable":true,"href":"https:\/\/transparentgift.com\/fr\/wp-json\/wp\/v2\/ai-category?post=500615"}],"curies":[{"name":"wp","href":"https:\/\/api.w.org\/{rel}","templated":true}]}}