{"id":500617,"date":"2026-02-17T00:55:39","date_gmt":"2026-02-16T23:55:39","guid":{"rendered":"https:\/\/transparentgift.com\/fr\/llavero-munequitos-papa-personalizado\/"},"modified":"2026-04-15T17:42:09","modified_gmt":"2026-04-15T15:42:09","slug":"llavero-munequitos-papa-personalizado","status":"publish","type":"product","link":"https:\/\/transparentgift.com\/fr\/llavero-munequitos-papa-personalizado\/","title":{"rendered":"Porte-cl\u00e9s en acier au design familial avec petits personnages personnalis\u00e9s"},"content":{"rendered":"<p><strong>Un porte-cl\u00e9s personnalis\u00e9 qui c\u00e9l\u00e8bre ce qu\u2019il y a de plus important : la famille<\/strong>. Ce porte-cl\u00e9s en acier pour papa ou maman avec petits personnages grav\u00e9s est un d\u00e9tail unique qui repr\u00e9sente chaque membre de la famille de mani\u00e8re amusante et \u00e9mouvante.<\/p>\n<p>Son design avec des personnages type dessin permet de personnaliser le porte-cl\u00e9s avec les pr\u00e9noms des enfants, en cr\u00e9ant un souvenir sp\u00e9cial qu\u2019un p\u00e8re ou une m\u00e8re pourra toujours porter avec lui. Un accessoire simple, \u00e9l\u00e9gant et plein de sens.<\/p>\n<p>C\u2019est un cadeau parfait pour la F\u00eate des P\u00e8res, la F\u00eate des M\u00e8res, un anniversaire ou toute autre occasion sp\u00e9ciale o\u00f9 vous souhaitez surprendre vos parents avec un d\u00e9tail original et personnalis\u00e9. Id\u00e9al pour les parents qui appr\u00e9cient les petits gestes et qui veulent toujours garder pr\u00e8s d\u2019eux un symbole de leur famille, que ce soit sur les cl\u00e9s de la voiture, de la maison ou du travail.<\/p>\n<h4><strong>Caract\u00e9ristiques :<\/strong><\/h4>\n<ul>\n<li>Composition : acier<\/li>\n<li>Dimensions : 20 x 45 mm<\/li>\n<li>Gravure avec petits personnages et pr\u00e9noms personnalis\u00e9s<\/li>\n<li>Permet de choisir de 1 \u00e0 5 personnages<\/li>\n<li>Design rectangulaire \u00e9l\u00e9gant et r\u00e9sistant pour un usage quotidien<\/li>\n<\/ul>\n","protected":false},"excerpt":{"rendered":"<p>Un porte-cl\u00e9s personnalis\u00e9 qui c\u00e9l\u00e8bre ce qu\u2019il y a de plus important : la famille. Ce porte-c [&#8230;]<\/p>\n","protected":false},"featured_media":501682,"comment_status":"open","ping_status":"closed","template":"","meta":{"_acf_changed":false},"product_brand":[],"product_cat":[1679],"product_tag":[1681],"ai-category":[1764],"class_list":{"0":"post-500617","1":"product","2":"type-product","3":"status-publish","4":"has-post-thumbnail","6":"product_cat-porte-cles-personnalises","7":"product_tag-peres","8":"ai-category-llaveros-personalizados","10":"first","11":"instock","12":"taxable","13":"shipping-taxable","14":"purchasable","15":"product-type-simple"},"acf":[],"df_price":19.99,"df_sale_price":"","df_regular_price":19.99,"df_image_link":"https:\/\/transparentgift.com\/fr\/wp-content\/uploads\/2026\/04\/Llavero_munecos_Portada-300x300.jpg","_links":{"self":[{"href":"https:\/\/transparentgift.com\/fr\/wp-json\/wp\/v2\/product\/500617","targetHints":{"allow":["GET"]}}],"collection":[{"href":"https:\/\/transparentgift.com\/fr\/wp-json\/wp\/v2\/product"}],"about":[{"href":"https:\/\/transparentgift.com\/fr\/wp-json\/wp\/v2\/types\/product"}],"replies":[{"embeddable":true,"href":"https:\/\/transparentgift.com\/fr\/wp-json\/wp\/v2\/comments?post=500617"}],"wp:featuredmedia":[{"embeddable":true,"href":"https:\/\/transparentgift.com\/fr\/wp-json\/wp\/v2\/media\/501682"}],"wp:attachment":[{"href":"https:\/\/transparentgift.com\/fr\/wp-json\/wp\/v2\/media?parent=500617"}],"wp:term":[{"taxonomy":"product_brand","embeddable":true,"href":"https:\/\/transparentgift.com\/fr\/wp-json\/wp\/v2\/product_brand?post=500617"},{"taxonomy":"product_cat","embeddable":true,"href":"https:\/\/transparentgift.com\/fr\/wp-json\/wp\/v2\/product_cat?post=500617"},{"taxonomy":"product_tag","embeddable":true,"href":"https:\/\/transparentgift.com\/fr\/wp-json\/wp\/v2\/product_tag?post=500617"},{"taxonomy":"ai-category","embeddable":true,"href":"https:\/\/transparentgift.com\/fr\/wp-json\/wp\/v2\/ai-category?post=500617"}],"curies":[{"name":"wp","href":"https:\/\/api.w.org\/{rel}","templated":true}]}}