{"id":500948,"date":"2026-02-24T19:19:03","date_gmt":"2026-02-24T18:19:03","guid":{"rendered":"https:\/\/transparentgift.com\/fr\/?post_type=product&#038;p=500948"},"modified":"2026-04-21T10:23:33","modified_gmt":"2026-04-21T08:23:33","slug":"papier-cadeau-papa-avec-texte-personnalise","status":"publish","type":"product","link":"https:\/\/transparentgift.com\/fr\/papier-cadeau-papa-avec-texte-personnalise\/","title":{"rendered":"Papier Cadeau Papa avec Texte personnalis\u00e9"},"content":{"rendered":"<p><strong>Rendez chaque cadeau pour papa inoubliable<\/strong> avec notre papier cadeau personnalis\u00e9.<\/p>\n<p>Ce papier cadeau offre la possibilit\u00e9 d\u2019ajouter une touche personnelle et unique \u00e0 vos pr\u00e9sents, en mettant en valeur des messages et des pr\u00e9noms sp\u00e9ciaux. Parfait pour la F\u00eate des P\u00e8res ou pour tout anniversaire, son design color\u00e9 avec le mot \u00ab\u00a0Papa\u00a0\u00bb dans diff\u00e9rentes nuances rendra chaque cadeau encore plus sp\u00e9cial.<\/p>\n<p>Id\u00e9al pour ceux qui souhaitent exprimer leur amour et leur gratitude de mani\u00e8re cr\u00e9ative et personnalis\u00e9e. Ce papier est parfait pour surprendre papa lors de sa journ\u00e9e sp\u00e9ciale, que ce soit lors d\u2019une c\u00e9l\u00e9bration importante ou simplement pour lui rappeler combien vous l\u2019appr\u00e9ciez \u00e0 tout moment.<\/p>\n<h4><strong>Caract\u00e9ristiques :<\/strong><\/h4>\n<ul>\n<li style=\"list-style-type: none\">\n<ul>\n<li>Dimensions : 100 x 61 cm<\/li>\n<li>Mat\u00e9riau : Papier de 80 gr<\/li>\n<\/ul>\n<\/li>\n<\/ul>\n","protected":false},"excerpt":{"rendered":"<p>Rendez chaque cadeau pour papa inoubliable avec notre papier cadeau personnalis\u00e9. Ce papier cadeau  [&#8230;]<\/p>\n","protected":false},"featured_media":500947,"comment_status":"open","ping_status":"closed","template":"","meta":{"_acf_changed":false},"product_brand":[],"product_cat":[1723],"product_tag":[1708,1681],"class_list":{"0":"post-500948","1":"product","2":"type-product","3":"status-publish","4":"has-post-thumbnail","6":"product_cat-papier-cadeau-personnalise","7":"product_tag-hommes","8":"product_tag-peres","10":"first","11":"instock","12":"taxable","13":"shipping-taxable","14":"purchasable","15":"product-type-simple"},"acf":[],"df_price":14.99,"df_sale_price":"","df_regular_price":14.99,"df_image_link":"https:\/\/transparentgift.com\/fr\/wp-content\/uploads\/2026\/02\/FR_cat-1-1-300x300.jpg","_links":{"self":[{"href":"https:\/\/transparentgift.com\/fr\/wp-json\/wp\/v2\/product\/500948","targetHints":{"allow":["GET"]}}],"collection":[{"href":"https:\/\/transparentgift.com\/fr\/wp-json\/wp\/v2\/product"}],"about":[{"href":"https:\/\/transparentgift.com\/fr\/wp-json\/wp\/v2\/types\/product"}],"replies":[{"embeddable":true,"href":"https:\/\/transparentgift.com\/fr\/wp-json\/wp\/v2\/comments?post=500948"}],"wp:featuredmedia":[{"embeddable":true,"href":"https:\/\/transparentgift.com\/fr\/wp-json\/wp\/v2\/media\/500947"}],"wp:attachment":[{"href":"https:\/\/transparentgift.com\/fr\/wp-json\/wp\/v2\/media?parent=500948"}],"wp:term":[{"taxonomy":"product_brand","embeddable":true,"href":"https:\/\/transparentgift.com\/fr\/wp-json\/wp\/v2\/product_brand?post=500948"},{"taxonomy":"product_cat","embeddable":true,"href":"https:\/\/transparentgift.com\/fr\/wp-json\/wp\/v2\/product_cat?post=500948"},{"taxonomy":"product_tag","embeddable":true,"href":"https:\/\/transparentgift.com\/fr\/wp-json\/wp\/v2\/product_tag?post=500948"}],"curies":[{"name":"wp","href":"https:\/\/api.w.org\/{rel}","templated":true}]}}