{"id":501199,"date":"2026-03-26T14:47:59","date_gmt":"2026-03-26T13:47:59","guid":{"rendered":"https:\/\/transparentgift.com\/fr\/lampe-maman-collage-avec-quatre-photos-personnalisee\/"},"modified":"2026-04-16T09:57:40","modified_gmt":"2026-04-16T07:57:40","slug":"lampe-maman-collage-avec-quatre-photos-personnalisee","status":"publish","type":"product","link":"https:\/\/transparentgift.com\/fr\/lampe-maman-collage-avec-quatre-photos-personnalisee\/","title":{"rendered":"Lampe Maman Collage avec Quatre Photos personnalis\u00e9e"},"content":{"rendered":"<p>Surprenez votre m\u00e8re avec cette lampe personnalis\u00e9e avec quatre photos, que vous pouvez faire graver sur une plaque en m\u00e9thacrylate. C\u2019est l\u2019un des cadeaux pour femme les plus originaux, que vous pourrez offrir pour la F\u00eate des M\u00e8res, son anniversaire ou m\u00eame \u00e0 No\u00ebl.<\/p>\n<p>La lampe est enti\u00e8rement personnalisable. Il vous suffira de choisir ces quatre photos qui ont une signification particuli\u00e8re pour votre m\u00e8re et elles seront grav\u00e9es sur la plaque lumineuse, accompagn\u00e9es des textes que vous souhaitez ajouter. Vous cr\u00e9erez ainsi l\u2019un des plus beaux cadeaux personnalis\u00e9s avec un design unique et touchant ! De plus, moyennant un suppl\u00e9ment, vous pourrez ajouter le message de votre choix sur la base en bois. Quoi qu\u2019il en soit, maman pourra d\u00e9corer sa table de chevet, son \u00e9tag\u00e8re ou son bureau de la fa\u00e7on la plus sp\u00e9ciale. L\u2019agr\u00e9able lumi\u00e8re LED chaude illuminera n\u2019importe quelle pi\u00e8ce de la maison en apportant une touche qui plaira aussi \u00e0 papa. Elle peut \u00e9galement servir de veilleuse.<\/p>\n<p>La lampe est fabriqu\u00e9e avec des mat\u00e9riaux de haute qualit\u00e9, qui lui conf\u00e8rent r\u00e9sistance et durabilit\u00e9. Elle dispose d\u2019un c\u00e2ble et d\u2019interrupteurs pour allumer ou \u00e9teindre la lumi\u00e8re.<\/p>\n<p>Ne passez pas \u00e0 c\u00f4t\u00e9 du cadeau id\u00e9al pour maman afin de lui montrer votre affection en ce jour si sp\u00e9cial. Vous la ferez se sentir la plus chanceuse du monde !<\/p>\n<p><strong>Caract\u00e9ristiques :<\/strong><\/p>\n<ul>\n<li>Taille :\n<ul>\n<li>Avec base : 20 \u00d7 14,5 x 4,5 cm<\/li>\n<li>Avec cadre : 21 x 17 cm<\/li>\n<\/ul>\n<\/li>\n<li>Mat\u00e9riau :\n<ul>\n<li>Plaque : M\u00e9thacrylate de haute qualit\u00e9.<\/li>\n<li>Base : Bois de haute qualit\u00e9.<\/li>\n<\/ul>\n<\/li>\n<li>Comprend : Lumi\u00e8re LED chaude. C\u00e2ble USB. Packaging avec bo\u00eete cadeau.<\/li>\n<li>Entretien : Se nettoie facilement \u00e0 l\u2019aide de la lingette incluse.<\/li>\n<\/ul>\n","protected":false},"excerpt":{"rendered":"<p>Surprenez votre m\u00e8re avec cette lampe personnalis\u00e9e avec quatre photos, que vous pouvez faire grav [&#8230;]<\/p>\n","protected":false},"featured_media":501182,"comment_status":"open","ping_status":"closed","template":"","meta":{"_acf_changed":false},"product_brand":[],"product_cat":[1682],"product_tag":[1688],"class_list":{"0":"post-501199","1":"product","2":"type-product","3":"status-publish","4":"has-post-thumbnail","6":"product_cat-lampes-personnalisees","7":"product_tag-meres","9":"first","10":"instock","11":"taxable","12":"shipping-taxable","13":"purchasable","14":"product-type-simple"},"acf":[],"df_price":20.99,"df_sale_price":"","df_regular_price":20.99,"df_image_link":"https:\/\/transparentgift.com\/fr\/wp-content\/uploads\/2026\/03\/Lampara-mama4fotos-collage_1-300x300.jpg","_links":{"self":[{"href":"https:\/\/transparentgift.com\/fr\/wp-json\/wp\/v2\/product\/501199","targetHints":{"allow":["GET"]}}],"collection":[{"href":"https:\/\/transparentgift.com\/fr\/wp-json\/wp\/v2\/product"}],"about":[{"href":"https:\/\/transparentgift.com\/fr\/wp-json\/wp\/v2\/types\/product"}],"replies":[{"embeddable":true,"href":"https:\/\/transparentgift.com\/fr\/wp-json\/wp\/v2\/comments?post=501199"}],"wp:featuredmedia":[{"embeddable":true,"href":"https:\/\/transparentgift.com\/fr\/wp-json\/wp\/v2\/media\/501182"}],"wp:attachment":[{"href":"https:\/\/transparentgift.com\/fr\/wp-json\/wp\/v2\/media?parent=501199"}],"wp:term":[{"taxonomy":"product_brand","embeddable":true,"href":"https:\/\/transparentgift.com\/fr\/wp-json\/wp\/v2\/product_brand?post=501199"},{"taxonomy":"product_cat","embeddable":true,"href":"https:\/\/transparentgift.com\/fr\/wp-json\/wp\/v2\/product_cat?post=501199"},{"taxonomy":"product_tag","embeddable":true,"href":"https:\/\/transparentgift.com\/fr\/wp-json\/wp\/v2\/product_tag?post=501199"}],"curies":[{"name":"wp","href":"https:\/\/api.w.org\/{rel}","templated":true}]}}