{"id":501201,"date":"2026-03-26T14:48:02","date_gmt":"2026-03-26T13:48:02","guid":{"rendered":"https:\/\/transparentgift.com\/fr\/lampe-maman-multicolore-personnalisee\/"},"modified":"2026-04-16T09:57:43","modified_gmt":"2026-04-16T07:57:43","slug":"lampe-maman-multicolore-personnalisee","status":"publish","type":"product","link":"https:\/\/transparentgift.com\/fr\/lampe-maman-multicolore-personnalisee\/","title":{"rendered":"Lampe Maman multicolore personnalis\u00e9e"},"content":{"rendered":"<p>\u00ab\u00a0<strong>Lampe personnalis\u00e9e Maman avec 4 photos et mot grav\u00e9 en couleur<\/strong>. Le cadeau parfait pour illuminer les plus beaux souvenirs aux c\u00f4t\u00e9s de maman.<\/p>\n<p>Cette lampe avec base en bois comprend une plaque en m\u00e9thacrylate avec le mot \u00ab MAMAN \u00bb imprim\u00e9 en couleur et un espace pour quatre photos personnalis\u00e9es. Un design \u00e9mouvant compl\u00e9t\u00e9 par une phrase significative sous les images et, si vous le souhaitez, un message grav\u00e9 suppl\u00e9mentaire sur la base pour faire de ce d\u00e9tail quelque chose d\u2019inoubliable.<\/p>\n<p>C\u2019est le cadeau original pour la F\u00eate des M\u00e8res que vous recherchiez, id\u00e9al aussi pour son anniversaire, No\u00ebl ou tout simplement pour lui rappeler combien vous l\u2019aimez. Gr\u00e2ce \u00e0 sa lumi\u00e8re LED RGB et \u00e0 son \u00e9l\u00e9gante pr\u00e9sentation, cette lampe est parfaite \u00e0 placer sur une petite table, une \u00e9tag\u00e8re ou un bureau, en cr\u00e9ant une ambiance chaleureuse et d\u00e9corative dans n\u2019importe quel coin de la maison.<\/p>\n<h4><strong>Caract\u00e9ristiques :<\/strong><\/h4>\n<ul>\n<li>Taille :\n<p>&#8211; Avec base : 17 \u00d7 14,5 x 4,5 cm<\/p>\n<p>&#8211; Avec cadre : 21 x 17 cm<\/li>\n<li>Mat\u00e9riau :\n<p>&#8211; Plaque : M\u00e9thacrylate de haute qualit\u00e9<\/p>\n<p>&#8211; Base : Bois de haute qualit\u00e9<\/li>\n<li>Comprend : Lumi\u00e8re LED RGB. C\u00e2ble USB. Packaging avec bo\u00eete cadeau<\/li>\n<li>Entretien : Se nettoie facilement \u00e0 l\u2019aide de la lingette incluse<\/li>\n<\/ul>\n<p>\u00ab\u00a0<\/p>\n","protected":false},"excerpt":{"rendered":"<p>\u00ab\u00a0Lampe personnalis\u00e9e Maman avec 4 photos et mot grav\u00e9 en couleur. Le cadeau parfait pour illumi [&#8230;]<\/p>\n","protected":false},"featured_media":501240,"comment_status":"open","ping_status":"closed","template":"","meta":{"_acf_changed":false},"product_brand":[],"product_cat":[1682],"product_tag":[1688],"class_list":{"0":"post-501201","1":"product","2":"type-product","3":"status-publish","4":"has-post-thumbnail","6":"product_cat-lampes-personnalisees","7":"product_tag-meres","9":"first","10":"instock","11":"sale","12":"taxable","13":"shipping-taxable","14":"purchasable","15":"product-type-simple"},"acf":[],"df_price":14.99,"df_sale_price":14.99,"df_regular_price":20.99,"df_image_link":"https:\/\/transparentgift.com\/fr\/wp-content\/uploads\/2026\/03\/Lampara-mama-multicolor_1-300x300.jpg","_links":{"self":[{"href":"https:\/\/transparentgift.com\/fr\/wp-json\/wp\/v2\/product\/501201","targetHints":{"allow":["GET"]}}],"collection":[{"href":"https:\/\/transparentgift.com\/fr\/wp-json\/wp\/v2\/product"}],"about":[{"href":"https:\/\/transparentgift.com\/fr\/wp-json\/wp\/v2\/types\/product"}],"replies":[{"embeddable":true,"href":"https:\/\/transparentgift.com\/fr\/wp-json\/wp\/v2\/comments?post=501201"}],"wp:featuredmedia":[{"embeddable":true,"href":"https:\/\/transparentgift.com\/fr\/wp-json\/wp\/v2\/media\/501240"}],"wp:attachment":[{"href":"https:\/\/transparentgift.com\/fr\/wp-json\/wp\/v2\/media?parent=501201"}],"wp:term":[{"taxonomy":"product_brand","embeddable":true,"href":"https:\/\/transparentgift.com\/fr\/wp-json\/wp\/v2\/product_brand?post=501201"},{"taxonomy":"product_cat","embeddable":true,"href":"https:\/\/transparentgift.com\/fr\/wp-json\/wp\/v2\/product_cat?post=501201"},{"taxonomy":"product_tag","embeddable":true,"href":"https:\/\/transparentgift.com\/fr\/wp-json\/wp\/v2\/product_tag?post=501201"}],"curies":[{"name":"wp","href":"https:\/\/api.w.org\/{rel}","templated":true}]}}