{"id":501202,"date":"2026-03-26T14:48:03","date_gmt":"2026-03-26T13:48:03","guid":{"rendered":"https:\/\/transparentgift.com\/fr\/lampe-maman-avec-photos-personnalisee\/"},"modified":"2026-04-16T09:57:45","modified_gmt":"2026-04-16T07:57:45","slug":"lampe-maman-avec-photos-personnalisee","status":"publish","type":"product","link":"https:\/\/transparentgift.com\/fr\/lampe-maman-avec-photos-personnalisee\/","title":{"rendered":"Lampe Maman avec photos personnalis\u00e9e"},"content":{"rendered":"<p>\u00ab\u00a0Surprenez maman avec cette lampe personnalis\u00e9e avec le mot Maman grav\u00e9 sur une plaque en m\u00e9thacrylate avec une base en bois. C\u2019est le cadeau le plus original que vous pourrez offrir pour la F\u00eate des M\u00e8res ou pour son anniversaire. Il vous suffira de choisir 4 photos qui ont une signification particuli\u00e8re et chaque lettre contiendra l\u2019un de ces souvenirs. De plus, sous cette jolie composition, vous pourrez ajouter une phrase \u00e9mouvante.<\/p>\n<p>Choisissez entre les deux options disponibles, verticale\/horizontale, et personnalisez le cadeau le plus sp\u00e9cial que vous offrirez \u00e0 votre m\u00e8re. Elle pourra la placer sur n\u2019importe quelle surface pour d\u00e9corer et illuminer l\u2019espace. Elle dispose d\u2019un c\u00e2ble et d\u2019interrupteurs pour choisir la couleur de la lumi\u00e8re et son intensit\u00e9. De plus, si vous souhaitez rendre ce cadeau encore plus sp\u00e9cial, vous pourrez, moyennant un suppl\u00e9ment, ajouter un message personnalis\u00e9 sur la base.<\/p>\n<p><strong>Caract\u00e9ristiques :<\/strong><\/p>\n<ul>\n<li>Taille :\n<ul>\n<li>Avec base : 19 \u00d7 14,5 x 4,5 cm<\/li>\n<li>Avec cadre : 21 x 17 cm<\/li>\n<\/ul>\n<\/li>\n<li>Mat\u00e9riau :\n<ul>\n<li>Plaque : M\u00e9thacrylate de haute qualit\u00e9.<\/li>\n<li>Base : Bois de haute qualit\u00e9.<\/li>\n<\/ul>\n<\/li>\n<li>Comprend : Lumi\u00e8re LED RGB. C\u00e2ble USB. Packaging avec bo\u00eete cadeau.<\/li>\n<li>Entretien : Se nettoie facilement \u00e0 l\u2019aide de la lingette incluse.<\/li>\n<\/ul>\n<p>\u00ab\u00a0<\/p>\n","protected":false},"excerpt":{"rendered":"<p>\u00ab\u00a0Surprenez maman avec cette lampe personnalis\u00e9e avec le mot Maman grav\u00e9 sur une plaque en m\u00e9th [&#8230;]<\/p>\n","protected":false},"featured_media":501246,"comment_status":"open","ping_status":"closed","template":"","meta":{"_acf_changed":false},"product_brand":[],"product_cat":[1682],"product_tag":[1688],"class_list":{"0":"post-501202","1":"product","2":"type-product","3":"status-publish","4":"has-post-thumbnail","6":"product_cat-lampes-personnalisees","7":"product_tag-meres","9":"first","10":"instock","11":"sale","12":"taxable","13":"shipping-taxable","14":"purchasable","15":"product-type-simple"},"acf":[],"df_price":20.99,"df_sale_price":20.99,"df_regular_price":34.99,"df_image_link":"https:\/\/transparentgift.com\/fr\/wp-content\/uploads\/2026\/03\/Lampara-Mama-Mascara-1-300x300.jpg","_links":{"self":[{"href":"https:\/\/transparentgift.com\/fr\/wp-json\/wp\/v2\/product\/501202","targetHints":{"allow":["GET"]}}],"collection":[{"href":"https:\/\/transparentgift.com\/fr\/wp-json\/wp\/v2\/product"}],"about":[{"href":"https:\/\/transparentgift.com\/fr\/wp-json\/wp\/v2\/types\/product"}],"replies":[{"embeddable":true,"href":"https:\/\/transparentgift.com\/fr\/wp-json\/wp\/v2\/comments?post=501202"}],"wp:featuredmedia":[{"embeddable":true,"href":"https:\/\/transparentgift.com\/fr\/wp-json\/wp\/v2\/media\/501246"}],"wp:attachment":[{"href":"https:\/\/transparentgift.com\/fr\/wp-json\/wp\/v2\/media?parent=501202"}],"wp:term":[{"taxonomy":"product_brand","embeddable":true,"href":"https:\/\/transparentgift.com\/fr\/wp-json\/wp\/v2\/product_brand?post=501202"},{"taxonomy":"product_cat","embeddable":true,"href":"https:\/\/transparentgift.com\/fr\/wp-json\/wp\/v2\/product_cat?post=501202"},{"taxonomy":"product_tag","embeddable":true,"href":"https:\/\/transparentgift.com\/fr\/wp-json\/wp\/v2\/product_tag?post=501202"}],"curies":[{"name":"wp","href":"https:\/\/api.w.org\/{rel}","templated":true}]}}