{"id":501203,"date":"2026-03-26T14:48:04","date_gmt":"2026-03-26T13:48:04","guid":{"rendered":"https:\/\/transparentgift.com\/fr\/lampe-maman-en-forme-de-coeur-personnalisee\/"},"modified":"2026-04-16T09:57:46","modified_gmt":"2026-04-16T07:57:46","slug":"lampe-maman-en-forme-de-coeur-personnalisee","status":"publish","type":"product","link":"https:\/\/transparentgift.com\/fr\/lampe-maman-en-forme-de-coeur-personnalisee\/","title":{"rendered":"Lampe Maman en forme de c\u0153ur personnalis\u00e9e"},"content":{"rendered":"<p>\u00ab\u00a0Surprenez maman avec cette <strong>lampe personnalis\u00e9e en forme de c\u0153ur<\/strong> et le mot Maman grav\u00e9, accompagn\u00e9 de deux autres phrases de votre choix. C\u2019est le <strong>cadeau le plus original<\/strong> que vous pourrez offrir pour la <strong>F\u00eate des M\u00e8res<\/strong> ou pour son <strong>anniversaire.<\/strong> Elle pourra la placer sur n\u2019importe quelle surface pour d\u00e9corer et illuminer l\u2019espace gr\u00e2ce \u00e0 sa lumi\u00e8re douce, qui s\u2019actionne avec un interrupteur marche\/arr\u00eat.<\/p>\n<p>Vous n\u2019aurez qu\u2019\u00e0 <strong>\u00e9crire les noms ou les phrases que vous souhaitez<\/strong> et nous nous chargerons de faire en sorte que le r\u00e9sultat la surprenne. Et si vous souhaitez rendre ce cadeau encore plus sp\u00e9cial, moyennant un suppl\u00e9ment, vous pourrez <strong>ajouter un message personnalis\u00e9<\/strong> sur la base en bois.<\/p>\n<p><strong>Caract\u00e9ristiques :<\/strong><\/p>\n<ul>\n<li>Taille :\n<ul>\n<li>Avec base : 15 \u00d7 14,5 x 4,5 cm<\/li>\n<li>Avec cadre : 21 x 17 cm<\/li>\n<\/ul>\n<\/li>\n<li>Mat\u00e9riau :\n<ul>\n<li>Plaque : M\u00e9thacrylate de haute qualit\u00e9.<\/li>\n<li>Base : Bois de haute qualit\u00e9.<\/li>\n<\/ul>\n<\/li>\n<li>Comprend : Lumi\u00e8re LED chaude. C\u00e2ble USB. Packaging avec bo\u00eete cadeau.<\/li>\n<li>Entretien : Se nettoie facilement \u00e0 l\u2019aide de la lingette incluse.<\/li>\n<\/ul>\n<p>\u00ab\u00a0<\/p>\n","protected":false},"excerpt":{"rendered":"<p>\u00ab\u00a0Surprenez maman avec cette lampe personnalis\u00e9e en forme de c\u0153ur et le mot Maman grav\u00e9, accomp [&#8230;]<\/p>\n","protected":false},"featured_media":501250,"comment_status":"open","ping_status":"closed","template":"","meta":{"_acf_changed":false},"product_brand":[],"product_cat":[1682],"product_tag":[1688],"class_list":{"0":"post-501203","1":"product","2":"type-product","3":"status-publish","4":"has-post-thumbnail","6":"product_cat-lampes-personnalisees","7":"product_tag-meres","9":"first","10":"instock","11":"sale","12":"taxable","13":"shipping-taxable","14":"purchasable","15":"product-type-simple"},"acf":[],"df_price":20.99,"df_sale_price":20.99,"df_regular_price":34.99,"df_image_link":"https:\/\/transparentgift.com\/fr\/wp-content\/uploads\/2026\/03\/Lampara-Mama-con-forma-de-corazon-personalizada-1-300x300.jpg","_links":{"self":[{"href":"https:\/\/transparentgift.com\/fr\/wp-json\/wp\/v2\/product\/501203","targetHints":{"allow":["GET"]}}],"collection":[{"href":"https:\/\/transparentgift.com\/fr\/wp-json\/wp\/v2\/product"}],"about":[{"href":"https:\/\/transparentgift.com\/fr\/wp-json\/wp\/v2\/types\/product"}],"replies":[{"embeddable":true,"href":"https:\/\/transparentgift.com\/fr\/wp-json\/wp\/v2\/comments?post=501203"}],"wp:featuredmedia":[{"embeddable":true,"href":"https:\/\/transparentgift.com\/fr\/wp-json\/wp\/v2\/media\/501250"}],"wp:attachment":[{"href":"https:\/\/transparentgift.com\/fr\/wp-json\/wp\/v2\/media?parent=501203"}],"wp:term":[{"taxonomy":"product_brand","embeddable":true,"href":"https:\/\/transparentgift.com\/fr\/wp-json\/wp\/v2\/product_brand?post=501203"},{"taxonomy":"product_cat","embeddable":true,"href":"https:\/\/transparentgift.com\/fr\/wp-json\/wp\/v2\/product_cat?post=501203"},{"taxonomy":"product_tag","embeddable":true,"href":"https:\/\/transparentgift.com\/fr\/wp-json\/wp\/v2\/product_tag?post=501203"}],"curies":[{"name":"wp","href":"https:\/\/api.w.org\/{rel}","templated":true}]}}