{"id":501206,"date":"2026-03-26T14:48:07","date_gmt":"2026-03-26T13:48:07","guid":{"rendered":"https:\/\/transparentgift.com\/fr\/tasse-maman-cubes-coeur-avec-cinq-photos-personnalisee\/"},"modified":"2026-04-16T09:57:51","modified_gmt":"2026-04-16T07:57:51","slug":"tasse-maman-cubes-coeur-avec-cinq-photos-personnalisee","status":"publish","type":"product","link":"https:\/\/transparentgift.com\/fr\/tasse-maman-cubes-coeur-avec-cinq-photos-personnalisee\/","title":{"rendered":"Tasse Maman Cubes C\u0153ur avec Cinq Photos personnalis\u00e9e"},"content":{"rendered":"<p>\u00ab\u00a0Surprenez votre m\u00e8re avec la <strong>tasse personnalis\u00e9e<\/strong> la plus originale que vous puissiez offrir. Ce mod\u00e8le poss\u00e8de un design auquel vous pourrez ajouter les cinq photos de votre choix. Comme il s\u2019agit d\u2019une tasse personnalisable, chaque mod\u00e8le sera unique. Votre m\u00e8re pourra boire son caf\u00e9 chaque jour avec le souvenir le plus touchant ! En plus d\u2019\u00eatre le meilleur <strong>cadeau pour la F\u00eate des M\u00e8res<\/strong>, ce sera aussi un beau cadeau pour son <strong>anniversaire<\/strong> ou pour toute autre c\u00e9l\u00e9bration.<\/p>\n<p>Comment la personnaliser ? C\u2019est tr\u00e8s simple ! Il vous suffira d\u2019<strong>ajouter cinq photos sp\u00e9ciales<\/strong>, et elles appara\u00eetront sur la tasse, accompagnant le <strong>mot \u00ab\u00a0\u00a0\u00bbMaman\u00a0\u00bb\u00a0\u00bb en cubes avec un c\u0153ur<\/strong>. Vous avez \u00e9galement la possibilit\u00e9 de <strong>choisir la couleur<\/strong> que vous pr\u00e9f\u00e9rez entre le rose et le bleu. Votre m\u00e8re ne voudra plus utiliser une autre tasse ! Ce cadeau original est l\u2019une des meilleures id\u00e9es pour apporter la touche finale au <strong>petit-d\u00e9jeuner ou au go\u00fbter<\/strong>, avec la compagnie d\u2019un bon <strong>caf\u00e9 ou th\u00e9<\/strong>.<\/p>\n<p>Elle est fabriqu\u00e9e en <strong>c\u00e9ramique de haute qualit\u00e9<\/strong>, compatible avec le micro-ondes et le lave-vaisselle. <strong>Elle est munie d\u2019une anse<\/strong> pour la saisir en toute s\u00e9curit\u00e9. De plus, vous pourrez <strong>remplir la tasse de chocolats Kinder<\/strong> pour un suppl\u00e9ment de 6 euros. Il vous suffira de choisir cette option au moment de la personnalisation.<\/p>\n<p>Ne passez pas \u00e0 c\u00f4t\u00e9 de l\u2019un des meilleurs <strong>cadeaux originaux pour les mamans<\/strong>, afin de lui montrer toute votre affection en ce jour sp\u00e9cial. Vous la ferez se sentir la plus chanceuse du monde !<\/p>\n<p><strong>Caract\u00e9ristiques :<\/strong><\/p>\n<ul>\n<li>Taille : 9,5 x 8 cm<\/li>\n<li>Mat\u00e9riau : C\u00e9ramique.<\/li>\n<li>Capacit\u00e9 : 333 ml<\/li>\n<li>Entretien : Compatible micro-ondes et lave-vaisselle.<\/li>\n<li>Extras : Sachet de Kinder.<\/li>\n<\/ul>\n<p>\u00ab\u00a0<\/p>\n","protected":false},"excerpt":{"rendered":"<p>\u00ab\u00a0Surprenez votre m\u00e8re avec la tasse personnalis\u00e9e la plus originale que vous puissiez offrir. C [&#8230;]<\/p>\n","protected":false},"featured_media":501262,"comment_status":"open","ping_status":"closed","template":"","meta":{"_acf_changed":false},"product_brand":[],"product_cat":[1830],"product_tag":[1688],"class_list":{"0":"post-501206","1":"product","2":"type-product","3":"status-publish","4":"has-post-thumbnail","6":"product_cat-tasses-personnalisees","7":"product_tag-meres","9":"first","10":"instock","11":"taxable","12":"shipping-taxable","13":"purchasable","14":"product-type-simple"},"acf":[],"df_price":14.99,"df_sale_price":"","df_regular_price":14.99,"df_image_link":"https:\/\/transparentgift.com\/fr\/wp-content\/uploads\/2026\/03\/1_PORTADA_Mama5FotosCubo-300x300.jpg","_links":{"self":[{"href":"https:\/\/transparentgift.com\/fr\/wp-json\/wp\/v2\/product\/501206","targetHints":{"allow":["GET"]}}],"collection":[{"href":"https:\/\/transparentgift.com\/fr\/wp-json\/wp\/v2\/product"}],"about":[{"href":"https:\/\/transparentgift.com\/fr\/wp-json\/wp\/v2\/types\/product"}],"replies":[{"embeddable":true,"href":"https:\/\/transparentgift.com\/fr\/wp-json\/wp\/v2\/comments?post=501206"}],"wp:featuredmedia":[{"embeddable":true,"href":"https:\/\/transparentgift.com\/fr\/wp-json\/wp\/v2\/media\/501262"}],"wp:attachment":[{"href":"https:\/\/transparentgift.com\/fr\/wp-json\/wp\/v2\/media?parent=501206"}],"wp:term":[{"taxonomy":"product_brand","embeddable":true,"href":"https:\/\/transparentgift.com\/fr\/wp-json\/wp\/v2\/product_brand?post=501206"},{"taxonomy":"product_cat","embeddable":true,"href":"https:\/\/transparentgift.com\/fr\/wp-json\/wp\/v2\/product_cat?post=501206"},{"taxonomy":"product_tag","embeddable":true,"href":"https:\/\/transparentgift.com\/fr\/wp-json\/wp\/v2\/product_tag?post=501206"}],"curies":[{"name":"wp","href":"https:\/\/api.w.org\/{rel}","templated":true}]}}